{"id":162,"date":"2015-11-20T08:57:02","date_gmt":"2015-11-20T07:57:02","guid":{"rendered":"https:\/\/ecobnb.de\/blog\/?page_id=162"},"modified":"2016-10-07T14:34:43","modified_gmt":"2016-10-07T12:34:43","slug":"haufig-gestellte-fragen","status":"publish","type":"page","link":"https:\/\/ecobnb.de\/blog\/haufig-gestellte-fragen\/","title":{"rendered":"\u00d6ko nachhaltige Unterk\u00fcnfte &#8211; H\u00e4ufig gestellte Fragen"},"content":{"rendered":"<p>H\u00e4ufig gestellte Fragen von den Teilnehmern die beim Ecobnb Netz mitmachen wollen:<\/p>\n<h2>1 \u00a0Wie kann ich auf eurem Portal aufscheinen?<\/h2>\n<p>folgen Sie diesem Link: <a href=\"https:\/\/ecobnb.de\/blog\/nachhaltigen-tourismus\/\" target=\"_blank\">Ecobnb<\/a><\/p>\n<h2>2 \u00a0Welche Dienstleistungen bietet ihr an?<\/h2>\n<p>Wir verkaufen haupts\u00e4chlich N\u00e4chte und Pakete mit Angebote. Das machen wir mit der Anwesenheit auf unserer Suchmaschine, mit Aktionen von Werbungsabschnitten vom Bereich \u201c<strong>Oekotourismus<\/strong>\u201d auf Google ads und Facebook (welche an geografischen Orten wie zum Beispiel Provinzen und Regionen gewidmet sind ), Socials, Publik Relations und eine Presseagentur welche uns folgt um die Artikel auf Papier Zeitschriften und Tageszeitungen (die letzten Artikel wurden auf \u201c<a href=\"https:\/\/translate.google.it\/translate?sl=it&amp;tl=de&amp;js=y&amp;prev=_t&amp;hl=en&amp;ie=UTF-8&amp;u=http%3A%2F%2Fwww.casa24.ilsole24ore.com%2Fart%2Fmercato-immobiliare%2F2015-02-27%2Fecobnbcom-portale-alloggi-vacanza-110007.php%3Fuuid%3DAbNovfJL&amp;edit-text=\" target=\"_blank\">Il Sole 24 ore<\/a>\u201d, &#8222;<a href=\"https:\/\/translate.google.it\/translate?sl=it&amp;tl=de&amp;js=y&amp;prev=_t&amp;hl=en&amp;ie=UTF-8&amp;u=http%3A%2F%2Fcorriereinnovazione.corriere.it%2F2015%2F08%2F06%2Fbiologico-pannelli-eco-detergenti-nasce-italia-l-airbnb-ecologisti-49c9d6dc-3c7f-11e5-923b-31d1f7def042.shtml&amp;edit-text=\" target=\"_blank\">Corriere della Sera<\/a>&#8220; ver\u00f6ffentlicht) ver\u00f6ffentlicht werden.<\/p>\n<h2>3\u00a0\u00a0Management der Buchungen und der Bezahlungen?<\/h2>\n<p>Die Buchungen verlaufen mit einem einfachen und intuitiven online System. Zur Zeit werden die Bezahlungen selbstst\u00e4ndig vom Beherbergungsbetrieb verwaltet. Wir geben die Kontakte des Gastes weiter, nachdem die Buchung online get\u00e4tigt wurde.<\/p>\n<h2>\u00a04\u00a0 Kosten der Dienstleistung?<\/h2>\n<p><a href=\"https:\/\/ecobnb.de\/blog\/app\/uploads\/sites\/4\/2015\/11\/membership1EN-01.png\"><img class=\"alignnone size-full wp-image-749\" src=\"https:\/\/ecobnb.de\/blog\/app\/uploads\/sites\/4\/2015\/11\/membership1EN-01.png\" alt=\"membership1EN-01\" width=\"3333\" height=\"8090\" srcset=\"https:\/\/ecobnb.de\/blog\/app\/uploads\/sites\/4\/2015\/11\/membership1EN-01.png 3333w, https:\/\/ecobnb.de\/blog\/app\/uploads\/sites\/4\/2015\/11\/membership1EN-01-536x1301.png 536w, https:\/\/ecobnb.de\/blog\/app\/uploads\/sites\/4\/2015\/11\/membership1EN-01-344x835.png 344w\" sizes=\"(max-width: 3333px) 100vw, 3333px\" \/><\/a><\/p>\n<p>hier gibt es zwei M\u00f6glichkeiten :<\/p>\n<h4>MEMBERSHIP PRO<\/h4>\n<p><strong>12,5 \u20ac im Monat ( j\u00e4hrliche Bezahlung )<\/strong><br \/>\nmit diesen Vorteilen:<\/p>\n<ul>\n<li>1 Monat \u201czufrieden oder zur\u00fcckerstattet\u201d, wenn Sie irgendwie mit unserer Dienstleistung nicht zufrieden sind, dann werden Sie den ganzen Betrag ohne weiteren Fragen zur\u00fcck bekommen;<\/li>\n<li>keine Kommission, weder Provision, noch weitere Belastungen;<\/li>\n<li>Sie werden f\u00fcr das ganze Jahr der Einschreibung in unserer Suchmaschine hervorgehoben (12 Monate vom online Datum);<\/li>\n<li>Erscheinung ihres Beherbergungsbetriebes auf unserer<a href=\"https:\/\/www.facebook.com\/ecobnb.it\" target=\"_blank\"> italienischen Facebook Seite<\/a>,\u00a0<a href=\"https:\/\/www.facebook.com\/ecobnb\" target=\"_blank\">englischen<\/a>, und <a href=\"https:\/\/www.facebook.com\/ecobnb.de\/\" target=\"_blank\">deutschen<\/a>;<\/li>\n<li>Erscheinung des Beherbergungsbetriebes auf gezielten Artikeln von unserem <a href=\"https:\/\/www.facebook.com\/ecobnb.de\/\" target=\"_blank\">Blog<\/a>, der dem nachhaltigen Tourismus in italienisch gewidmet ist. \u00a0Im<a href=\"https:\/\/ecobnb.it\/blog\/\" target=\"_blank\"> italienischen<\/a>, und im <a href=\"https:\/\/ecobnb.com\/blog\/\" target=\"_blank\">Englischen<\/a>;<\/li>\n<li>Werbung des Betriebes in den Messen und an Veranstaltungen die dem nachhaltigen Tourismus gewidmet sind;<\/li>\n<li>spezielle Erm\u00e4\u00dfigung mit den <a href=\"https:\/\/ecobnb.de\/blog\/partner\" target=\"_blank\">Partnern<\/a> f\u00fcr den Kauf von umweltfreundlichen Produkten wie saubere Energie und umweltfreundliche Putzmittel.<\/li>\n<\/ul>\n<p>oder<\/p>\n<h4>MEMBERSHIP BASIC<\/h4>\n<p><strong>10% auf dem Verkauf durch unserem Portal.<\/strong><\/p>\n<h4><\/h4>\n<h3>Sehe auch:\u00a0<a href=\"https:\/\/ecobnb.de\/blog\/faq\/\" target=\"_blank\">Ecobnb \u2013 H\u00e4ufig gestellte Fragen<\/a><\/h3>\n","protected":false},"excerpt":{"rendered":"<p>H\u00e4ufig gestellte Fragen von den Teilnehmern die beim Ecobnb Netz mitmachen wollen: 1 \u00a0Wie kann ich auf eurem Portal aufscheinen? folgen Sie diesem Link: Ecobnb 2 \u00a0Welche Dienstleistungen bietet ihr an? Wir verkaufen haupts\u00e4chlich N\u00e4chte und Pakete mit Angebote. Das machen wir mit der Anwesenheit auf unserer Suchmaschine, mit Aktionen von Werbungsabschnitten vom Bereich \u201cOekotourismus\u201d [&hellip;]<\/p>\n","protected":false},"author":54,"featured_media":434,"parent":0,"menu_order":0,"comment_status":"closed","ping_status":"open","template":"","meta":[],"acf":[],"yoast_head":"<!-- This site is optimized with the Yoast SEO plugin v19.9 - https:\/\/yoast.com\/wordpress\/plugins\/seo\/ -->\n<title>\u00d6ko nachhaltige Unterk\u00fcnfte - H\u00e4ufig gestellte Fragen - Ecobnb<\/title>\n<meta name=\"robots\" content=\"index, follow, max-snippet:-1, max-image-preview:large, max-video-preview:-1\" \/>\n<link rel=\"canonical\" href=\"https:\/\/ecobnb.de\/blog\/haufig-gestellte-fragen\/\" \/>\n<meta property=\"og:locale\" content=\"de_DE\" \/>\n<meta property=\"og:type\" content=\"article\" \/>\n<meta property=\"og:title\" content=\"\u00d6ko nachhaltige Unterk\u00fcnfte - H\u00e4ufig gestellte Fragen - Ecobnb\" \/>\n<meta property=\"og:description\" content=\"H\u00e4ufig gestellte Fragen von den Teilnehmern die beim Ecobnb Netz mitmachen wollen: 1 \u00a0Wie kann ich auf eurem Portal aufscheinen? folgen Sie diesem Link: Ecobnb 2 \u00a0Welche Dienstleistungen bietet ihr an? Wir verkaufen haupts\u00e4chlich N\u00e4chte und Pakete mit Angebote. Das machen wir mit der Anwesenheit auf unserer Suchmaschine, mit Aktionen von Werbungsabschnitten vom Bereich \u201cOekotourismus\u201d [&hellip;]\" \/>\n<meta property=\"og:url\" content=\"https:\/\/ecobnb.de\/blog\/haufig-gestellte-fragen\/\" \/>\n<meta property=\"og:site_name\" content=\"Ecobnb\" \/>\n<meta property=\"article:modified_time\" content=\"2016-10-07T12:34:43+00:00\" \/>\n<meta property=\"og:image\" content=\"https:\/\/ecobnb.de\/blog\/app\/uploads\/sites\/4\/2015\/11\/Eremito-Hotelito-dell\u2019Alma-Umbria-RES-1170x4901.jpg\" \/>\n\t<meta property=\"og:image:width\" content=\"1170\" \/>\n\t<meta property=\"og:image:height\" content=\"490\" \/>\n\t<meta property=\"og:image:type\" content=\"image\/jpeg\" \/>\n<meta name=\"twitter:card\" content=\"summary_large_image\" \/>\n<meta name=\"twitter:label1\" content=\"Est. reading time\" \/>\n\t<meta name=\"twitter:data1\" content=\"1 minute\" \/>\n<!-- \/ Yoast SEO plugin. -->","yoast_head_json":{"title":"\u00d6ko nachhaltige Unterk\u00fcnfte - H\u00e4ufig gestellte Fragen - Ecobnb","robots":{"index":"index","follow":"follow","max-snippet":"max-snippet:-1","max-image-preview":"max-image-preview:large","max-video-preview":"max-video-preview:-1"},"canonical":"https:\/\/ecobnb.de\/blog\/haufig-gestellte-fragen\/","og_locale":"de_DE","og_type":"article","og_title":"\u00d6ko nachhaltige Unterk\u00fcnfte - H\u00e4ufig gestellte Fragen - Ecobnb","og_description":"H\u00e4ufig gestellte Fragen von den Teilnehmern die beim Ecobnb Netz mitmachen wollen: 1 \u00a0Wie kann ich auf eurem Portal aufscheinen? folgen Sie diesem Link: Ecobnb 2 \u00a0Welche Dienstleistungen bietet ihr an? Wir verkaufen haupts\u00e4chlich N\u00e4chte und Pakete mit Angebote. Das machen wir mit der Anwesenheit auf unserer Suchmaschine, mit Aktionen von Werbungsabschnitten vom Bereich \u201cOekotourismus\u201d [&hellip;]","og_url":"https:\/\/ecobnb.de\/blog\/haufig-gestellte-fragen\/","og_site_name":"Ecobnb","article_modified_time":"2016-10-07T12:34:43+00:00","og_image":[{"width":1170,"height":490,"url":"https:\/\/ecobnb.de\/blog\/app\/uploads\/sites\/4\/2015\/11\/Eremito-Hotelito-dell\u2019Alma-Umbria-RES-1170x4901.jpg","type":"image\/jpeg"}],"twitter_card":"summary_large_image","twitter_misc":{"Est. reading time":"1 minute"},"schema":{"@context":"https:\/\/schema.org","@graph":[{"@type":"WebPage","@id":"https:\/\/ecobnb.de\/blog\/haufig-gestellte-fragen\/","url":"https:\/\/ecobnb.de\/blog\/haufig-gestellte-fragen\/","name":"\u00d6ko nachhaltige Unterk\u00fcnfte - H\u00e4ufig gestellte Fragen - Ecobnb","isPartOf":{"@id":"https:\/\/ecobnb.de\/blog\/#website"},"datePublished":"2015-11-20T07:57:02+00:00","dateModified":"2016-10-07T12:34:43+00:00","breadcrumb":{"@id":"https:\/\/ecobnb.de\/blog\/haufig-gestellte-fragen\/#breadcrumb"},"inLanguage":"de-DE","potentialAction":[{"@type":"ReadAction","target":["https:\/\/ecobnb.de\/blog\/haufig-gestellte-fragen\/"]}]},{"@type":"BreadcrumbList","@id":"https:\/\/ecobnb.de\/blog\/haufig-gestellte-fragen\/#breadcrumb","itemListElement":[{"@type":"ListItem","position":1,"name":"Home","item":"https:\/\/ecobnb.de\/blog\/"},{"@type":"ListItem","position":2,"name":"\u00d6ko nachhaltige Unterk\u00fcnfte &#8211; H\u00e4ufig gestellte Fragen"}]},{"@type":"WebSite","@id":"https:\/\/ecobnb.de\/blog\/#website","url":"https:\/\/ecobnb.de\/blog\/","name":"Ecobnb","description":"Find sustainable accommodation","potentialAction":[{"@type":"SearchAction","target":{"@type":"EntryPoint","urlTemplate":"https:\/\/ecobnb.de\/blog\/?s={search_term_string}"},"query-input":"required name=search_term_string"}],"inLanguage":"de-DE"}]}},"_links":{"self":[{"href":"https:\/\/ecobnb.de\/blog\/wp-json\/wp\/v2\/pages\/162"}],"collection":[{"href":"https:\/\/ecobnb.de\/blog\/wp-json\/wp\/v2\/pages"}],"about":[{"href":"https:\/\/ecobnb.de\/blog\/wp-json\/wp\/v2\/types\/page"}],"author":[{"embeddable":true,"href":"https:\/\/ecobnb.de\/blog\/wp-json\/wp\/v2\/users\/54"}],"replies":[{"embeddable":true,"href":"https:\/\/ecobnb.de\/blog\/wp-json\/wp\/v2\/comments?post=162"}],"version-history":[{"count":7,"href":"https:\/\/ecobnb.de\/blog\/wp-json\/wp\/v2\/pages\/162\/revisions"}],"predecessor-version":[{"id":752,"href":"https:\/\/ecobnb.de\/blog\/wp-json\/wp\/v2\/pages\/162\/revisions\/752"}],"wp:featuredmedia":[{"embeddable":true,"href":"https:\/\/ecobnb.de\/blog\/wp-json\/wp\/v2\/media\/434"}],"wp:attachment":[{"href":"https:\/\/ecobnb.de\/blog\/wp-json\/wp\/v2\/media?parent=162"}],"curies":[{"name":"wp","href":"https:\/\/api.w.org\/{rel}","templated":true}]}}