{"id":1808,"date":"2019-03-26T10:13:27","date_gmt":"2019-03-26T09:13:27","guid":{"rendered":"https:\/\/ecobnb.de\/blog\/?page_id=1808"},"modified":"2019-04-10T10:19:29","modified_gmt":"2019-04-10T08:19:29","slug":"bozen-ladeinfrastruktur-elektro-fahrzeuge","status":"publish","type":"page","link":"https:\/\/ecobnb.de\/blog\/bozen-ladeinfrastruktur-elektro-fahrzeuge\/","title":{"rendered":"Bozen, 16. April: Ladeinfrastruktur f\u00fcr Elektro Fahrzeuge. Gr\u00fcner Hospitality Guide"},"content":{"rendered":"<p><em>Ladeinfrastruktur f\u00fcr Elektro Fahrzeuge,\u00a0Gr\u00fcner Hospitality Guide<\/em>. Dies ist der Name des kostenlosen Workshops, der am <strong>15. April<\/strong> in <strong>Bozen<\/strong> stattfindet.<\/p>\n<p>Dieses <strong>Training<\/strong> wird im Kontext von eMOTICON, einem europ\u00e4ischen Projekt mit dem Ziel zum Thema nachhaltiger Mobilit\u00e4t und wachsender Wichtigkeit von Elektromobilit\u00e4t zu sensibilisieren, organisiert.\u00a0Es richtet sich haupts\u00e4chlich an Unterk\u00fcnfte und Tourismus Unternehmen, mit dem Ziel zu innovieren und durch das Angebot von Ladestruktur f\u00fcr Elektro Fahrzeuge wettbewerbsf\u00e4higer zu werden und damit nachhaltigen Tourismus zu unterst\u00fctzen.<\/p>\n<h4>15. April 2019 , 14.00 \u2013 18.00<\/h4>\n<h4>Bozen, NOI Techpark (via Alessandro Volta 13) Seminar Raum 4<\/h4>\n<h2><a href=\"https:\/\/translate.google.it\/translate?ie=UTF-8&amp;hl=en&amp;client=tw-ob&amp;sl=it&amp;tl=de&amp;u=https%3A%2F%2Fdocs.google.com%2Fforms%2Fd%2Fe%2F1FAIpQLSeyJ_SapD_P_vlU0vjvIY2l-qPUyfXiIsZBI7i2Z9fCfyVZPw%2Fviewform\" target=\"_blank\">Registration Form<\/a><\/h2>\n<h2>Programm:<\/h2>\n<p>14:00 \u2013 Begr\u00fc\u00dfung und Er\u00f6ffnung des Workshops<br \/>\n14:10 \u2013 Nachhaltiger Tourismus und Elektro Fahrzeuge: neue M\u00e4rkte und M\u00f6glichkeiten<br \/>\n14:40 \u2013 Leitfaden f\u00fcr die Ladeinfrastrukturen f\u00fcr Elektrofahrzeuge<br \/>\n15:40 \u2013 Chancen f\u00fcr gr\u00fcne Gastgeber<br \/>\n16:40 \u2013 Neuerungen f\u00fcr das eigene Hotel (or BnB) durch Fokus auf Elektro Mobilit\u00e4t \u2013 Erfolgreiche Beispiele<br \/>\n17:00 \u2013 Workshop<br \/>\n18:00 \u2013 Abschluss mit finaler Zusammenfassung, Ende des Workshops und Networking<\/p>\n<p>Die Konferenz und der Workshop werden auf <strong>Italienisch<\/strong> sein.<\/p>\n<h2><a href=\"https:\/\/translate.google.it\/translate?ie=UTF-8&amp;hl=en&amp;client=tw-ob&amp;sl=it&amp;tl=de&amp;u=https%3A%2F%2Fdocs.google.com%2Fforms%2Fd%2Fe%2F1FAIpQLSeyJ_SapD_P_vlU0vjvIY2l-qPUyfXiIsZBI7i2Z9fCfyVZPw%2Fviewform\" target=\"_blank\">Registration Form<\/a><\/h2>\n","protected":false},"excerpt":{"rendered":"<p>Ladeinfrastruktur f\u00fcr Elektro Fahrzeuge,\u00a0Gr\u00fcner Hospitality Guide. Dies ist der Name des kostenlosen Workshops, der am 15. April in Bozen stattfindet. Dieses Training wird im Kontext von eMOTICON, einem europ\u00e4ischen Projekt mit dem Ziel zum Thema nachhaltiger Mobilit\u00e4t und wachsender Wichtigkeit von Elektromobilit\u00e4t zu sensibilisieren, organisiert.\u00a0Es richtet sich haupts\u00e4chlich an Unterk\u00fcnfte und Tourismus Unternehmen, mit dem [&hellip;]<\/p>\n","protected":false},"author":3,"featured_media":1858,"parent":0,"menu_order":0,"comment_status":"closed","ping_status":"open","template":"","meta":[],"acf":[],"yoast_head":"<!-- This site is optimized with the Yoast SEO plugin v19.9 - https:\/\/yoast.com\/wordpress\/plugins\/seo\/ -->\n<title>Bozen, 16. April: Gr\u00fcner Hospitality Guide - Ecobnb<\/title>\n<meta name=\"description\" content=\"Ladeinfrastruktur f\u00fcr Elektro Fahrzeuge, Gr\u00fcner Hospitality Guide. Dies ist der Name des kostenlosen Workshops, der am 15. April in Bozen stattfindet.\" \/>\n<meta name=\"robots\" content=\"index, follow, max-snippet:-1, max-image-preview:large, max-video-preview:-1\" \/>\n<link rel=\"canonical\" href=\"https:\/\/ecobnb.de\/blog\/bozen-ladeinfrastruktur-elektro-fahrzeuge\/\" \/>\n<meta property=\"og:locale\" content=\"de_DE\" \/>\n<meta property=\"og:type\" content=\"article\" \/>\n<meta property=\"og:title\" content=\"Bozen, 16. April: Gr\u00fcner Hospitality Guide - Ecobnb\" \/>\n<meta property=\"og:description\" content=\"Ladeinfrastruktur f\u00fcr Elektro Fahrzeuge, Gr\u00fcner Hospitality Guide. Dies ist der Name des kostenlosen Workshops, der am 15. April in Bozen stattfindet.\" \/>\n<meta property=\"og:url\" content=\"https:\/\/ecobnb.de\/blog\/bozen-ladeinfrastruktur-elektro-fahrzeuge\/\" \/>\n<meta property=\"og:site_name\" content=\"Ecobnb\" \/>\n<meta property=\"article:modified_time\" content=\"2019-04-10T08:19:29+00:00\" \/>\n<meta property=\"og:image\" content=\"https:\/\/ecobnb.de\/blog\/app\/uploads\/sites\/4\/2019\/03\/51.jpg\" \/>\n\t<meta property=\"og:image:width\" content=\"1170\" \/>\n\t<meta property=\"og:image:height\" content=\"490\" \/>\n\t<meta property=\"og:image:type\" content=\"image\/jpeg\" \/>\n<meta name=\"twitter:card\" content=\"summary_large_image\" \/>\n<meta name=\"twitter:label1\" content=\"Est. reading time\" \/>\n\t<meta name=\"twitter:data1\" content=\"1 minute\" \/>\n<!-- \/ Yoast SEO plugin. -->","yoast_head_json":{"title":"Bozen, 16. April: Gr\u00fcner Hospitality Guide - Ecobnb","description":"Ladeinfrastruktur f\u00fcr Elektro Fahrzeuge, Gr\u00fcner Hospitality Guide. Dies ist der Name des kostenlosen Workshops, der am 15. April in Bozen stattfindet.","robots":{"index":"index","follow":"follow","max-snippet":"max-snippet:-1","max-image-preview":"max-image-preview:large","max-video-preview":"max-video-preview:-1"},"canonical":"https:\/\/ecobnb.de\/blog\/bozen-ladeinfrastruktur-elektro-fahrzeuge\/","og_locale":"de_DE","og_type":"article","og_title":"Bozen, 16. April: Gr\u00fcner Hospitality Guide - Ecobnb","og_description":"Ladeinfrastruktur f\u00fcr Elektro Fahrzeuge, Gr\u00fcner Hospitality Guide. Dies ist der Name des kostenlosen Workshops, der am 15. April in Bozen stattfindet.","og_url":"https:\/\/ecobnb.de\/blog\/bozen-ladeinfrastruktur-elektro-fahrzeuge\/","og_site_name":"Ecobnb","article_modified_time":"2019-04-10T08:19:29+00:00","og_image":[{"width":1170,"height":490,"url":"https:\/\/ecobnb.de\/blog\/app\/uploads\/sites\/4\/2019\/03\/51.jpg","type":"image\/jpeg"}],"twitter_card":"summary_large_image","twitter_misc":{"Est. reading time":"1 minute"},"schema":{"@context":"https:\/\/schema.org","@graph":[{"@type":"WebPage","@id":"https:\/\/ecobnb.de\/blog\/bozen-ladeinfrastruktur-elektro-fahrzeuge\/","url":"https:\/\/ecobnb.de\/blog\/bozen-ladeinfrastruktur-elektro-fahrzeuge\/","name":"Bozen, 16. April: Gr\u00fcner Hospitality Guide - Ecobnb","isPartOf":{"@id":"https:\/\/ecobnb.de\/blog\/#website"},"datePublished":"2019-03-26T09:13:27+00:00","dateModified":"2019-04-10T08:19:29+00:00","description":"Ladeinfrastruktur f\u00fcr Elektro Fahrzeuge, Gr\u00fcner Hospitality Guide. Dies ist der Name des kostenlosen Workshops, der am 15. April in Bozen stattfindet.","breadcrumb":{"@id":"https:\/\/ecobnb.de\/blog\/bozen-ladeinfrastruktur-elektro-fahrzeuge\/#breadcrumb"},"inLanguage":"de-DE","potentialAction":[{"@type":"ReadAction","target":["https:\/\/ecobnb.de\/blog\/bozen-ladeinfrastruktur-elektro-fahrzeuge\/"]}]},{"@type":"BreadcrumbList","@id":"https:\/\/ecobnb.de\/blog\/bozen-ladeinfrastruktur-elektro-fahrzeuge\/#breadcrumb","itemListElement":[{"@type":"ListItem","position":1,"name":"Home","item":"https:\/\/ecobnb.de\/blog\/"},{"@type":"ListItem","position":2,"name":"Bozen, 16. April: Ladeinfrastruktur f\u00fcr Elektro Fahrzeuge. Gr\u00fcner Hospitality Guide"}]},{"@type":"WebSite","@id":"https:\/\/ecobnb.de\/blog\/#website","url":"https:\/\/ecobnb.de\/blog\/","name":"Ecobnb","description":"Find sustainable accommodation","potentialAction":[{"@type":"SearchAction","target":{"@type":"EntryPoint","urlTemplate":"https:\/\/ecobnb.de\/blog\/?s={search_term_string}"},"query-input":"required name=search_term_string"}],"inLanguage":"de-DE"}]}},"_links":{"self":[{"href":"https:\/\/ecobnb.de\/blog\/wp-json\/wp\/v2\/pages\/1808"}],"collection":[{"href":"https:\/\/ecobnb.de\/blog\/wp-json\/wp\/v2\/pages"}],"about":[{"href":"https:\/\/ecobnb.de\/blog\/wp-json\/wp\/v2\/types\/page"}],"author":[{"embeddable":true,"href":"https:\/\/ecobnb.de\/blog\/wp-json\/wp\/v2\/users\/3"}],"replies":[{"embeddable":true,"href":"https:\/\/ecobnb.de\/blog\/wp-json\/wp\/v2\/comments?post=1808"}],"version-history":[{"count":8,"href":"https:\/\/ecobnb.de\/blog\/wp-json\/wp\/v2\/pages\/1808\/revisions"}],"predecessor-version":[{"id":1831,"href":"https:\/\/ecobnb.de\/blog\/wp-json\/wp\/v2\/pages\/1808\/revisions\/1831"}],"wp:featuredmedia":[{"embeddable":true,"href":"https:\/\/ecobnb.de\/blog\/wp-json\/wp\/v2\/media\/1858"}],"wp:attachment":[{"href":"https:\/\/ecobnb.de\/blog\/wp-json\/wp\/v2\/media?parent=1808"}],"curies":[{"name":"wp","href":"https:\/\/api.w.org\/{rel}","templated":true}]}}