{"id":1845,"date":"2019-04-06T20:36:18","date_gmt":"2019-04-06T18:36:18","guid":{"rendered":"https:\/\/ecobnb.de\/blog\/?page_id=1845"},"modified":"2022-09-19T10:11:31","modified_gmt":"2022-09-19T08:11:31","slug":"allgemeine-geschaeftsbedingungen-und-gift-cards","status":"publish","type":"page","link":"https:\/\/ecobnb.de\/blog\/allgemeine-geschaeftsbedingungen-und-gift-cards\/","title":{"rendered":"Allgemeine Gesch\u00e4ftsbedingungen und Gift Cards"},"content":{"rendered":"<p>Die digitale <strong>Gift Card<\/strong> ist eine <strong>dematerialisierte Geschenkkarte<\/strong>, die per <strong>E-Mail<\/strong> an die K\u00e4ufer verschickt wird. Eine Prepaid- Zahlungskarte, die in verschiedenen Nennwerten erh\u00e4ltlich ist (10 \u20ac, 50 \u20ac, 100 \u20ac usw.) und f\u00fcr die Ecobnb-Plattform verwendet werden kann.\u00a0Jede Geschenkkarte besteht aus einem eindeutigen <strong>12-stelligen Code<\/strong> und ist ab Aktivierung <strong>12 Monate<\/strong> g\u00fcltig. Sie erhalten die Geschenkkarte per E-Mail von Ecobnb einige Augenblicke nach dem Kauf, den Sie <a href=\"https:\/\/ecobnb.it\/acquista-giftcard\" target=\"_blank\" rel=\"noopener\">auf dieser Seite<\/a> t\u00e4tigen k\u00f6nnen.<\/p>\n<p>M\u00f6chten Sie mehr wissen? Nachfolgend finden Sie die <strong>Antworten auf die am h\u00e4ufigsten gestellten Fragen<\/strong> zur Ecobnb-Geschenkkarte und den <strong>Allgemeinen Gesch\u00e4fts-und Nutzungsbedingungen<\/strong>.<\/p>\n<p>Gute Lekt\u00fcre!<\/p>\n<h2>FAQ: Antworten auf die am h\u00e4ufigsten gestellten Fragen zu Geschenkkarten<\/h2>\n<h3>Wie kann ich eine Ecobnb-Geschenkkarte kaufen?<\/h3>\n<p>Sie k\u00f6nnen Ihre digitale Geschenkkarte kaufen, indem Sie folgende\u00a0Seite besuchen: <strong><a href=\"https:\/\/ecobnb.com\/buy-giftcard\" target=\"_blank\" rel=\"noopener\">https:\/\/ecobnb.com\/buy-giftcard<\/a><\/strong><\/p>\n<p>Auf der Kaufseite k\u00f6nnen Sie Folgendes ausf\u00fchren:<\/p>\n<ul>\n<li>W\u00e4hlen Sie ein <strong>Thema<\/strong>: Weihnachten, Geburtstag, Gl\u00fcckw\u00fcnsche;<\/li>\n<li>W\u00e4hlen Sie den Betrag der Geschenkkarte: zum Beispiel \u20ac 20, \u20ac 50 oder einen anderen Betrag.<\/li>\n<li>F\u00fcgen Sie der Person, die sie erhalten wird, eine personalisierte <strong>Nachricht<\/strong> hinzu.<\/li>\n<\/ul>\n<p>An dieser Stelle m\u00fcssen Sie die Bedingungen der Geschenkkarte (die Sie unten finden) akzeptieren und auf &#8222;Weiter&#8220; klicken.<\/p>\n<p>Auf der folgenden Seite haben Sie die M\u00f6glichkeit, Ihren Einkauf mit Kreditkarte oder Paypall zu bezahlen.<\/p>\n<h3>Wie erhalte ich die Ecobnb-Geschenkkarte?<\/h3>\n<p>Sofort nach der Bezahlung werden Sie auf die Seite Ihrer Geschenkkarte weitergeleitet. Sie k\u00f6nnen es speichern oder ausdrucken.<\/p>\n<p>Die Geschenkkarte wird Ihnen auch per E-Mail an die E-Mail-Adresse gesendet, die Sie zum Zeitpunkt des Kaufs angegeben haben.<\/p>\n<h3>Was ist die G\u00fcltigkeitsdauer der Geschenkkarte?<\/h3>\n<p>Die Geschenkkarte ist <strong>12 Monate<\/strong> ab Kaufdatum g\u00fcltig.<\/p>\n<h3>Was ist die digitale Ecobnb-Geschenkkarte?<\/h3>\n<p>Die Geschenkkarte besteht aus einem eindeutigen 12-stelligen Code, der zum Zeitpunkt der Buchung auf der Plattform eingegeben werden kann.<br \/>\nWenn die E-Mail-Adresse des Geschenkempf\u00e4ngers eingegeben wurde, muss die Gift-Card zusammen mit dieser E-Mail-Adresse zum Senden von Reservierungsanfragen verwendet werden.<\/p>\n<h3>Wie kann ich meine Geschenkkarte bei Ecobnb verwenden?<\/h3>\n<p>Haben Sie eine Geschenkkarte bei Ecobnb erhalten? Die Verwendung ist sehr einfach:<\/p>\n<ol>\n<li>Gehen Sie zuerst zu <a href=\"https:\/\/ecobnb.de\" target=\"_blank\" rel=\"noopener\">Ecobnb<\/a>, entdecken Sie unsere gr\u00fcnen Vorschl\u00e4ge und w\u00e4hlen Sie aus, wo Sie unter Tausenden umweltfreundlicher Reiseziele in Italien und auf der ganzen Welt hin wollen.<\/li>\n<li>Senden Sie eine oder mehrere <strong>Anfragen zur Verf\u00fcgbarkeit<\/strong> an die von Ihnen bevorzugten Unterk\u00fcnfte, indem Sie das Formular zur Verf\u00fcgbarkeitspr\u00fcfung ausf\u00fcllen (siehe Abbildung unten). Vergessen Sie nicht, alle erforderlichen Daten einzugeben, um &#8222;Gutscheincode&#8220; auszuw\u00e4hlen, um den Code oder die 12-stellige Nummer Ihrer digitalen Geschenkkarte anzugeben, und klicken Sie auf die Schaltfl\u00e4che &#8222;<strong>Gutschein anwenden<\/strong>&#8220; (wodurch gepr\u00fcft wird, ob der Code eingegeben wurde es ist richtig).<\/li>\n<li>Warten Sie auf die Verf\u00fcgbarkeitsantworten der Unterk\u00fcnfte (wenn Sie nicht zufrieden sind, senden Sie weitere). Wenn Sie die Verf\u00fcgbarkeit erhalten haben, best\u00e4tigen Sie Ihre Reservierung.<\/li>\n<\/ol>\n<div id=\"attachment_1782\" class=\"thumbnail alignnone\"><img class=\"wp-image-1782 size-full\" src=\"https:\/\/ecobnb.de\/blog\/app\/uploads\/sites\/4\/2019\/01\/Gift-Card-Viaggiatori-e1544174281670-870x490.png\" alt=\"Wie man den Kodex vom Coupon einer Gift Card f\u00fcr eine Verf\u00fcgbarkeitsanfrage von Ecobnb verwendet.\" width=\"870\" height=\"490\" srcset=\"https:\/\/ecobnb.de\/blog\/app\/uploads\/sites\/4\/2019\/01\/Gift-Card-Viaggiatori-e1544174281670-870x490.png 870w, https:\/\/ecobnb.de\/blog\/app\/uploads\/sites\/4\/2019\/01\/Gift-Card-Viaggiatori-e1544174281670-870x490-536x302.png 536w, https:\/\/ecobnb.de\/blog\/app\/uploads\/sites\/4\/2019\/01\/Gift-Card-Viaggiatori-e1544174281670-870x490-570x320.png 570w, https:\/\/ecobnb.de\/blog\/app\/uploads\/sites\/4\/2019\/01\/Gift-Card-Viaggiatori-e1544174281670-870x490-344x194.png 344w\" sizes=\"(max-width: 870px) 100vw, 870px\" \/><div class=\"caption\">Wie man den Kodex vom Coupon einer Gift Card f\u00fcr eine Verf\u00fcgbarkeitsanfrage von Ecobnb verwendet.<\/div><\/div>\n<h3>Haben Sie Zweifel der Fragen?<\/h3>\n<p>Scrivici a coupon@ecobnb.com<\/p>\n<hr \/>\n<h2>Nutzungsbedingungen f\u00fcr digitale Ecobnb-Geschenkkarten<\/h2>\n<h3>1. Pr\u00e4misse<\/h3>\n<p>Der Begriff &#8222;Geschenkkarte&#8220; bezieht sich sowohl auf die Ecobnb Digital Gift Card.<\/p>\n<h3>2. Verwendung<\/h3>\n<p>Die Ecobnb-Geschenkkarte kann auf der Plattform <a href=\"https:\/\/ecobnb.de\" target=\"_blank\" rel=\"noopener\">https:\/\/ecobnb.de<\/a> zur Buchung von \u00dcbernachtungen, Aufenthalten und gr\u00fcnen Erlebnissen verwendet werden, vorbehaltlich der Verf\u00fcgbarkeitspr\u00fcfung durch die ausgew\u00e4hlten Unterk\u00fcnfte. Bei Buchungen \u00fcber eine Geschenkkarte m\u00fcssen die Anweisungen unter Punkt &#8222;3. Reservierung\u201c folgen. Andere Buchungsarten mit Geschenkkarten sind nicht zul\u00e4ssig.<\/p>\n<p>Ist die Gesamtsumme der Reservierung h\u00f6her als der Wert der Geschenkkarte, muss die Differenz mit einer anderen Zahlungsmethode bezahlt werden, die von der gew\u00e4hlten Unterkunft akzeptiert wird. Wenn die Gesamtkosten der Buchung unter dem Wert der Geschenkkarte liegen, wird der Gesamtbetrag der Bestellung vom Restbetrag der Geschenkkarte abgezogen, und Sie erhalten eine weitere Geschenkkarte per E-Mail \u00fcber den Wert des Restbetrags.<\/p>\n<p>F\u00fcr die Verwendung von Geschenkkarten fallen keine zus\u00e4tzlichen Geb\u00fchren an.<\/p>\n<h3>3.\u00a0Reservierung<\/h3>\n<p>Die Verwendung der Geschenkkarte f\u00fcr die Buchung eines umweltfreundlichen Aufenthalts muss unbedingt den folgenden Schritten folgen:<\/p>\n<ol>\n<li>Der Kunde sendet eine oder mehrere Anfragen zur Verf\u00fcgbarkeit mit der Geschenkkarte ab <a href=\"https:\/\/ecobnb.de\" target=\"_blank\" rel=\"noopener\">https:\/\/ecobnb.de<\/a>, w\u00e4hlt eine oder mehrere umweltfreundliche Unterk\u00fcnfte aus und gibt alle erforderlichen Daten einschlie\u00dflich des Gutscheincodes ( eindeutiger 12-stelliger Code) ein, der unbedingt online validiert werden muss, indem Sie den Anweisungen auf der Website folgen und auf die Schaltfl\u00e4che &#8222;Gutschein anwenden&#8220; klicken. Der Kunde ist verpflichtet, wahrheitsgem\u00e4\u00dfe Informationen zu \u00fcbermitteln; Andernfalls hat Ecobnb das Recht, der Reservierung zu widersprechen und mit einer Geschenkkarte zu kaufen.<\/li>\n<li>Der Kunde wartet auf die Antworten der Unterkunftseinrichtungen, die per E-Mail an die beim Absenden der\u00a0Verf\u00fcgbarkeitsanfragen angegebenenE-Mail-Adresse gesendet werden k\u00f6nnen. Wenn ein Hotel nicht innerhalb von 48 Stunden antwortet, sollte es als nicht verf\u00fcgbar betrachtet werden.<\/li>\n<li>Der Kunde reserviert den von ihm bevorzugten umweltfreundlichen Aufenthalt unter den Verf\u00fcgbarkeiten, die er \u00fcber die Plattform per E-Mail erh\u00e4lt und antwortet innerhalb von 48 Stunden nach Erhalt des Verf\u00fcgbarkeitsangebots. Wenn er nicht zufrieden ist, kann der Kunde neue Verf\u00fcgbarkeitsanforderungen f\u00fcr verschiedene Orte oder Zeitr\u00e4ume senden. Sobald die Buchung best\u00e4tigt ist, gilt die Geschenkkarte als gebraucht und ist daher nicht mehr verwendbar.<\/li>\n<li>Der Kunde erh\u00e4lt per E-Mail die Details der best\u00e4tigten Buchung zusammen mit den direkten Kontakten der Unterkunft und etwaige Erinnerungen von Ecobnb an die best\u00e4tigte Buchung. Reservierungen, die den oben genannten Schritten nicht folgen, wie z. B. telefonischer Kontakt und direkte Vereinbarung mit der Unterkunft, werden nicht als g\u00fcltig f\u00fcr die Buchung mit einer Geschenkkarte anerkannt.<\/li>\n<\/ol>\n<h3>4. Beschr\u00e4nkungen<\/h3>\n<p>Digitale Gutscheine und ihr Restguthaben sind 12 Monate (24 Monate) ab dem Ausstellungsdatum der Geschenkkarten g\u00fcltig, das mit dem Kaufdatum der Geschenkkarten zusammenf\u00e4llt. Das Ablaufdatum der Geschenkkarte bezieht sich auf das letzte Datum, an dem der Aufenthalt genutzt werden kann.<\/p>\n<p>Auf keinen Fall k\u00f6nnen Geschenkkarten, auch wenn sie teilweise verwendet werden, aufgeladen, weiterverkauft oder in Bargeld umgewandelt werden. Sobald die Buchung best\u00e4tigt ist, gilt der Betrag der Geschenkkarte als ausgegeben und kann nicht mehr zur\u00fcckerstattet werden.<\/p>\n<h3>5. Risiko und Verlust<\/h3>\n<p>Das Verlustrisiko und das Eigentum an einer Geschenkkarte gehen zum Zeitpunkt der elektronischen \u00dcbermittlung des Geschenkgutscheins an den K\u00e4ufer oder den benannten Empf\u00e4nger bzw. zum Zeitpunkt der Zustellung an den Bef\u00f6rderer auf den K\u00e4ufer \u00fcber. Wir lehnen jegliche Haftung bei Verlust, Diebstahl, Zerst\u00f6rung oder unbefugter Verwendung Ihrer Geschenkkarten ab.<\/p>\n<h3>6. Betrug<\/h3>\n<p>Die Geschenkkarte muss mit der gleichen Vorsicht behandelt werden, die f\u00fcr Bargeld gilt: Ecobnb ersetzt die Geschenkkarte nicht und erlaubt bei Verlust oder Diebstahl kein R\u00fcckerstattung. F\u00fcr den Fall, dass eine auf betr\u00fcgerische Weise erstellte oder erworbene Geschenkkarte f\u00fcr Reservierungen und Eink\u00e4ufe bei Ecobnb.it verwendet wird, behalten wir uns das Recht vor, Konten von Kunden zu schlie\u00dfen und die Bestellmenge f\u00fcr alternative Zahlungsmethoden zu berechnen.<\/p>\n<h3>7.\u00a0Haftungsbeschr\u00e4nkung<\/h3>\n<p>Ecobnb schlie\u00dft jegliche ausdr\u00fcckliche oder stillschweigende Garantie in Bezug auf Geschenkkarten aus, einschlie\u00dflich ausdr\u00fccklicher oder stillschweigender Garantien der Marktg\u00e4ngigkeit oder Eignung f\u00fcr einen bestimmten Zweck. Im Falle eines Ausfalls der Geschenkkarte k\u00f6nnen Sie nur den Ersatz dieser Geschenkkarte beantragen, und nur wir allein sind daf\u00fcr verantwortlich, sofern die anwendbaren gesetzlichen Bestimmungen es nicht zulassen, die Garantien oder Ausschl\u00fcsse oder Haftungsbeschr\u00e4nkungen in Verbindung mit bestimmten Sch\u00e4den einzuschr\u00e4nken und einige oder alle der oben genannten Ausschl\u00fcsse oder Einschr\u00e4nkungen nicht angewendet werden k\u00f6nnen , haben Sie m\u00f6glicherweise zus\u00e4tzliche Rechte.<\/p>\n<h3>8. Kauf<\/h3>\n<p>Die Geschenkkarten k\u00f6nnen unter <strong><a href=\"https:\/\/ecobnb.com\/buy-giftcard\" target=\"_blank\" rel=\"noopener\">https:\/\/ecobnb.com\/buy-giftcard<\/a> <\/strong>erworben werden. Gehen Sie dazu wie folgt vor:<\/p>\n<p><strong>Schritt. 1<\/strong>: Gehen Sie zur Ecobnb-Geschenkgutschein-Seite:<\/p>\n<ul>\n<li>W\u00e4hlen Sie ein Thema: Weihnachten, Geburtstag, Gl\u00fcckw\u00fcnsche &#8230;<\/li>\n<li>W\u00e4hlen Sie den Betrag. Wir bieten Geschenkkarten ab \u20ac 20, \u20ac 50, \u20ac 100 oder andere Betr\u00e4ge an.<\/li>\n<li>Geben Sie eine Nachricht f\u00fcr den Empf\u00e4nger ein, die auf der Geschenkkarte angezeigt wird.<\/li>\n<li>Klicken Sie auf &#8222;Weiter&#8220;<\/li>\n<\/ul>\n<p><strong>Schritt. 2<\/strong>: Schlie\u00dfen Sie den Kauf ab, indem Sie die gew\u00fcnschte Zahlungsmethode (Kreditkarte oder Paypal) best\u00e4tigen und die anderen erforderlichen Informationen ausf\u00fcllen.<\/p>\n<p><strong>Schritt. 3<\/strong>: Erhalten Sie die Kaufzusammenfassung per E-Mail und die Geschenkkartenseite mit dem eindeutigen Gutscheincode. Wenn es sich um ein Geschenk handelt, k\u00f6nnen Sie die Seite ausdrucken, um sie in eine sch\u00f6ne Geschenkkarte einzuf\u00fcgen, oder den Link per E-Mail an den Empf\u00e4nger senden.<\/p>\n<p><strong>9. Allgemeine Bestimmungen<\/strong><\/p>\n<p>Es gelten die Allgemeinen Nutzungsbedingungen und Verkaufsbedingungen von Ecobnb.it (<a href=\"https:\/\/ecobnb.de\/blog\/terms\/\" target=\"_blank\" rel=\"noopener\">Allgemeine Gesch\u00e4ftsbedingungen der Website<\/a>). Die Geschenkkarten werden von Ecobnb s.r.l., einem sozialen Unternehmen nach italienischem Recht, ausgestellt. Wenn Sie eine Geschenkkarte kaufen, erhalten oder verwenden, erkennen Sie an, dass die vorliegenden allgemeinen Bedingungen f\u00fcr die Verwendung von Geschenkkarten italienischen Gesetzen unterliegen. Wir behalten uns das Recht vor, diese Bedingungen nach unserem Ermessen von Zeit zu Zeit zu \u00e4ndern. Diese Bedingungen gelten innerhalb der gesetzlich festgelegten Grenzen.<\/p>\n<p style=\"text-align: right;\">Allgemeine Gesch\u00e4ftsbedingungen aktualisiert am 24-12-2018<\/p>\n","protected":false},"excerpt":{"rendered":"<p>Die digitale Gift Card ist eine dematerialisierte Geschenkkarte, die per E-Mail an die K\u00e4ufer verschickt wird. Eine Prepaid- Zahlungskarte, die in verschiedenen Nennwerten erh\u00e4ltlich ist (10 \u20ac, 50 \u20ac, 100 \u20ac usw.) und f\u00fcr die Ecobnb-Plattform verwendet werden kann.\u00a0Jede Geschenkkarte besteht aus einem eindeutigen 12-stelligen Code und ist ab Aktivierung 12 Monate g\u00fcltig. Sie erhalten [&hellip;]<\/p>\n","protected":false},"author":3,"featured_media":1840,"parent":0,"menu_order":0,"comment_status":"closed","ping_status":"open","template":"","meta":[],"acf":[],"yoast_head":"<!-- This site is optimized with the Yoast SEO plugin v19.9 - https:\/\/yoast.com\/wordpress\/plugins\/seo\/ -->\n<title>Allgemeine Gesch\u00e4ftsbedingungen und Gift Cards - Ecobnb<\/title>\n<meta name=\"description\" content=\"Lernen Sie unsere digitalen Gift Cards kennen und dazu alle allgemeinen Gesch\u00e4ftsbedingungen von Ecobnb und geniessen Sie somit die \u00d6kologischen Reisen!\" \/>\n<meta name=\"robots\" content=\"index, follow, max-snippet:-1, max-image-preview:large, max-video-preview:-1\" \/>\n<link rel=\"canonical\" href=\"https:\/\/ecobnb.de\/blog\/allgemeine-geschaeftsbedingungen-und-gift-cards\/\" \/>\n<meta property=\"og:locale\" content=\"de_DE\" \/>\n<meta property=\"og:type\" content=\"article\" \/>\n<meta property=\"og:title\" content=\"Allgemeine Gesch\u00e4ftsbedingungen und Gift Cards - Ecobnb\" \/>\n<meta property=\"og:description\" content=\"Lernen Sie unsere digitalen Gift Cards kennen und dazu alle allgemeinen Gesch\u00e4ftsbedingungen von Ecobnb und geniessen Sie somit die \u00d6kologischen Reisen!\" \/>\n<meta property=\"og:url\" content=\"https:\/\/ecobnb.de\/blog\/allgemeine-geschaeftsbedingungen-und-gift-cards\/\" \/>\n<meta property=\"og:site_name\" content=\"Ecobnb\" \/>\n<meta property=\"article:modified_time\" content=\"2022-09-19T08:11:31+00:00\" \/>\n<meta property=\"og:image\" content=\"https:\/\/ecobnb.de\/blog\/app\/uploads\/sites\/4\/2018\/12\/gift-card-digitale.jpg\" \/>\n\t<meta property=\"og:image:width\" content=\"1170\" \/>\n\t<meta property=\"og:image:height\" content=\"490\" \/>\n\t<meta property=\"og:image:type\" content=\"image\/jpeg\" \/>\n<meta name=\"twitter:card\" content=\"summary_large_image\" \/>\n<meta name=\"twitter:label1\" content=\"Est. reading time\" \/>\n\t<meta name=\"twitter:data1\" content=\"8 minutes\" \/>\n<!-- \/ Yoast SEO plugin. -->","yoast_head_json":{"title":"Allgemeine Gesch\u00e4ftsbedingungen und Gift Cards - Ecobnb","description":"Lernen Sie unsere digitalen Gift Cards kennen und dazu alle allgemeinen Gesch\u00e4ftsbedingungen von Ecobnb und geniessen Sie somit die \u00d6kologischen Reisen!","robots":{"index":"index","follow":"follow","max-snippet":"max-snippet:-1","max-image-preview":"max-image-preview:large","max-video-preview":"max-video-preview:-1"},"canonical":"https:\/\/ecobnb.de\/blog\/allgemeine-geschaeftsbedingungen-und-gift-cards\/","og_locale":"de_DE","og_type":"article","og_title":"Allgemeine Gesch\u00e4ftsbedingungen und Gift Cards - Ecobnb","og_description":"Lernen Sie unsere digitalen Gift Cards kennen und dazu alle allgemeinen Gesch\u00e4ftsbedingungen von Ecobnb und geniessen Sie somit die \u00d6kologischen Reisen!","og_url":"https:\/\/ecobnb.de\/blog\/allgemeine-geschaeftsbedingungen-und-gift-cards\/","og_site_name":"Ecobnb","article_modified_time":"2022-09-19T08:11:31+00:00","og_image":[{"width":1170,"height":490,"url":"https:\/\/ecobnb.de\/blog\/app\/uploads\/sites\/4\/2018\/12\/gift-card-digitale.jpg","type":"image\/jpeg"}],"twitter_card":"summary_large_image","twitter_misc":{"Est. reading time":"8 minutes"},"schema":{"@context":"https:\/\/schema.org","@graph":[{"@type":"WebPage","@id":"https:\/\/ecobnb.de\/blog\/allgemeine-geschaeftsbedingungen-und-gift-cards\/","url":"https:\/\/ecobnb.de\/blog\/allgemeine-geschaeftsbedingungen-und-gift-cards\/","name":"Allgemeine Gesch\u00e4ftsbedingungen und Gift Cards - Ecobnb","isPartOf":{"@id":"https:\/\/ecobnb.de\/blog\/#website"},"datePublished":"2019-04-06T18:36:18+00:00","dateModified":"2022-09-19T08:11:31+00:00","description":"Lernen Sie unsere digitalen Gift Cards kennen und dazu alle allgemeinen Gesch\u00e4ftsbedingungen von Ecobnb und geniessen Sie somit die \u00d6kologischen Reisen!","breadcrumb":{"@id":"https:\/\/ecobnb.de\/blog\/allgemeine-geschaeftsbedingungen-und-gift-cards\/#breadcrumb"},"inLanguage":"de-DE","potentialAction":[{"@type":"ReadAction","target":["https:\/\/ecobnb.de\/blog\/allgemeine-geschaeftsbedingungen-und-gift-cards\/"]}]},{"@type":"BreadcrumbList","@id":"https:\/\/ecobnb.de\/blog\/allgemeine-geschaeftsbedingungen-und-gift-cards\/#breadcrumb","itemListElement":[{"@type":"ListItem","position":1,"name":"Home","item":"https:\/\/ecobnb.de\/blog\/"},{"@type":"ListItem","position":2,"name":"Allgemeine Gesch\u00e4ftsbedingungen und Gift Cards"}]},{"@type":"WebSite","@id":"https:\/\/ecobnb.de\/blog\/#website","url":"https:\/\/ecobnb.de\/blog\/","name":"Ecobnb","description":"Find sustainable accommodation","potentialAction":[{"@type":"SearchAction","target":{"@type":"EntryPoint","urlTemplate":"https:\/\/ecobnb.de\/blog\/?s={search_term_string}"},"query-input":"required name=search_term_string"}],"inLanguage":"de-DE"}]}},"_links":{"self":[{"href":"https:\/\/ecobnb.de\/blog\/wp-json\/wp\/v2\/pages\/1845"}],"collection":[{"href":"https:\/\/ecobnb.de\/blog\/wp-json\/wp\/v2\/pages"}],"about":[{"href":"https:\/\/ecobnb.de\/blog\/wp-json\/wp\/v2\/types\/page"}],"author":[{"embeddable":true,"href":"https:\/\/ecobnb.de\/blog\/wp-json\/wp\/v2\/users\/3"}],"replies":[{"embeddable":true,"href":"https:\/\/ecobnb.de\/blog\/wp-json\/wp\/v2\/comments?post=1845"}],"version-history":[{"count":3,"href":"https:\/\/ecobnb.de\/blog\/wp-json\/wp\/v2\/pages\/1845\/revisions"}],"predecessor-version":[{"id":2973,"href":"https:\/\/ecobnb.de\/blog\/wp-json\/wp\/v2\/pages\/1845\/revisions\/2973"}],"wp:featuredmedia":[{"embeddable":true,"href":"https:\/\/ecobnb.de\/blog\/wp-json\/wp\/v2\/media\/1840"}],"wp:attachment":[{"href":"https:\/\/ecobnb.de\/blog\/wp-json\/wp\/v2\/media?parent=1845"}],"curies":[{"name":"wp","href":"https:\/\/api.w.org\/{rel}","templated":true}]}}