{"id":1891,"date":"2019-08-27T10:29:50","date_gmt":"2019-08-27T08:29:50","guid":{"rendered":"https:\/\/ecobnb.de\/blog\/?page_id=1891"},"modified":"2019-08-27T10:40:44","modified_gmt":"2019-08-27T08:40:44","slug":"baeume","status":"publish","type":"page","link":"https:\/\/ecobnb.de\/blog\/baeume\/","title":{"rendered":"CO2 vermeiden und B\u00e4ume anpflanzen: unser Beitrag f\u00fcr einen Gr\u00fcneren Planeten"},"content":{"rendered":"<h2>Reisen Sie nachhaltig mit Ecobnb um Ihren Kohlenstoff Fussabdruck zu vermeiden! Tragen Sie damit bei die <a href=\"https:\/\/ecobnb.com\/blog\/2017\/08\/climate-changes-u-s-report\/\" target=\"_blank\">globale Erw\u00e4rmung der Erde<\/a>\u00a0zu bek\u00e4mpfen.<\/h2>\n<p>Bei der Wahl einer \u00f6kologischen Unterkunft , verringern Sie ungef\u00e4hr 8 kg von <strong>Co2 Emissionen<\/strong> pro Person pro Nacht in einem \u00f6kologischen BnB, das entspricht dem <strong>Pflanzen von 295 neuen B\u00e4umen<\/strong> ( Gem\u00e4\u00df der <a href=\"https:\/\/ecobnb.de\/blog\/baeume-retten-ecobnb-reisen\/\" target=\"_blank\">Studie von HowManyTrees<\/a>).<\/p>\n<p>Zugleich k\u00f6nnen Sie bei der Auswahl einer \u00f6kologischen Unterkunft, die Wasser-und Energieverschwendung reduzieren, und tragen bei unseren Planeten gr\u00fcner zu bewahren und nat\u00fcrlich k\u00f6nnen Sie damit auch den Leuten helfen <strong>in eine bessere Welt zu investieren<\/strong>.<\/p>\n<blockquote><p>\u201cSei die Ver\u00e4nderung, die du in der Welt sehen willst.\u201d (Gandhi)<\/p><\/blockquote>\n<p><iframe loading=\"lazy\" src=\"https:\/\/www.youtube.com\/embed\/Au1RewRlWxs\" width=\"870\" height=\"490\" frameborder=\"0\" allowfullscreen=\"allowfullscreen\"><\/iframe><\/p>\n<h2>Ein doppelter Co2 Ausgleich an CO2<\/h2>\n<h3>1. Wie viele B\u00e4ume k\u00f6nnen Sie retten wenn Sie mit Ecobnb reisen<\/h3>\n<p>Dank der Bewertungen unseres Partner <a href=\"http:\/\/howmanytrees.org\/it\/\" target=\"_blank\">Howmanytrees<\/a>, k\u00f6nnen Sie herausfinden wie viel CO2 f\u00fcr jede Nacht im Ecobnb verringert wird. Weniger Co2 zu produzieren entspricht dem <strong>Pflanzen von neuen B\u00e4umen<\/strong>. Wir heissen das <strong>passiver Ausgleich<\/strong>. F\u00fcr jede Nacht in einer Ecobnb Unterkunft k\u00f6nnen Sie Folgendes verringern:<\/p>\n<p>\u2022 8 KG von CO2<br \/>\n\u2022 302 Liter Wasser<br \/>\n\u2022 295 B\u00e4ume<\/p>\n<p>CO2 Emissionen zu verringern entspricht dem Pflanzen von neuen B\u00e4umen w\u00e4hrend das Co2 zu erh\u00f6hen entspricht dem F\u00e4llen von B\u00e4umen (sehen Sie die ganze <a href=\"https:\/\/ecobnb.de\/blog\/baeume-retten-ecobnb-reisen\/\" target=\"_blank\">Forschung<\/a>)<\/p>\n<div id=\"attachment_1882\" class=\"thumbnail alignnone\"><img class=\"wp-image-1882 size-full\" src=\"https:\/\/ecobnb.de\/blog\/app\/uploads\/sites\/4\/2019\/08\/pic-1.png\" alt=\"Wie viel B\u00e4ume k\u00f6nnen Sie retten\" width=\"1170\" height=\"490\" srcset=\"https:\/\/ecobnb.de\/blog\/app\/uploads\/sites\/4\/2019\/08\/pic-1.png 1170w, https:\/\/ecobnb.de\/blog\/app\/uploads\/sites\/4\/2019\/08\/pic-1-536x224.png 536w, https:\/\/ecobnb.de\/blog\/app\/uploads\/sites\/4\/2019\/08\/pic-1-344x144.png 344w\" sizes=\"(max-width: 1170px) 100vw, 1170px\" \/><div class=\"caption\">Mit Ecobnb reisen um B\u00e4ume zu retten<\/div><\/div>\n<h3>2. Das Projekt vom Pflanzen der neuen B\u00e4ume vor Ort<\/h3>\n<p>Ab 2020, haben Sie jedes Mal wenn Sie mit Ecobnb reisen, die M\u00f6glichkeit einen kleinen Beitrag w\u00e4hrend der Reservierung zu machen, indem Sie das <strong>Ausgleich Projekt<\/strong> und zwar das Pflanzen von neuen B\u00e4umen w\u00e4hlen. Auf diese Weise k\u00f6nnen wir zusammen das wirksame Pflanzen von neuen B\u00e4umen einstellen.<\/p>\n<p>Wo werden die neuen Ecobnb B\u00e4ume gepflanzt?<br \/>\n<strong>Im lokalen Raum<\/strong>, in Europa, indem man einheimische Pflanzenarten anbaut, nach den organischen Methoden vom Ecobnb Bauern Netz.<\/p>\n<p>Die Bio Bauernh\u00f6fe und die Bio Bauernh\u00e4user k\u00f6nnen Sie auch pers\u00f6nlich besuchen. Es handelt sich um ein bedeutendes <strong>Ausgleich Projekt<\/strong> welche Sie bald aktualisieren wird\u2026bleiben Sie dran!<\/p>\n<div id=\"attachment_1883\" class=\"thumbnail alignnone\"><img class=\"wp-image-1883 size-full\" src=\"https:\/\/ecobnb.de\/blog\/app\/uploads\/sites\/4\/2019\/08\/pic-2.jpg\" alt=\"Photo by David Vig on Unsplash\" width=\"870\" height=\"490\" srcset=\"https:\/\/ecobnb.de\/blog\/app\/uploads\/sites\/4\/2019\/08\/pic-2.jpg 870w, https:\/\/ecobnb.de\/blog\/app\/uploads\/sites\/4\/2019\/08\/pic-2-536x302.jpg 536w, https:\/\/ecobnb.de\/blog\/app\/uploads\/sites\/4\/2019\/08\/pic-2-570x320.jpg 570w, https:\/\/ecobnb.de\/blog\/app\/uploads\/sites\/4\/2019\/08\/pic-2-344x194.jpg 344w\" sizes=\"(max-width: 870px) 100vw, 870px\" \/><div class=\"caption\">Photo by David Vig on Unsplash<\/div><\/div>\n<p>Auf der<a href=\"https:\/\/ecobnb.de\" target=\"_blank\"> Ecobnb Homepage<\/a> aktualisieren wir die einheitliche Zahl von B\u00e4umen welche dank ihrer Reservierung in der \u00f6kologischen Unterkunft BnBs gerettet werden und auch \u00a0die neuen gepflanzten B\u00e4ume vor Ort.<\/p>\n<h2>Warum ist das Pflanzen der neuen B\u00e4ume vor Ort so wichtig?<\/h2>\n<p>Um die <strong>Co2 Emissionen vor Ort zu neutralisieren<\/strong> ist es notwendig neue B\u00e4ume neben den Emissionenquellen anzupflanzen, so nach dem <strong>Kyoto Protokolls Hinweis<\/strong> . Die B\u00e4ume absorbieren das Kohlendioxid (Co2) w\u00e4hrend der Photosynthese , fixieren den Kohlenstoff an der eigenen Biomasse und am Boden ( welche eine wahre Kohlenstoff Reserve an der Oberfl\u00e4che der Erde werden) und <strong>befreien Sauerstoff<\/strong>.<br \/>\nDaher ist es empfehlenswerter die neuen B\u00e4ume neben der Quelle der Verschmutzung als in den anderen Orten der Erde zu pflanzen. Zum Beispiel ist das Pflanzen neuer B\u00e4ume in einer verschmutzten Ebene neben unseren grossen St\u00e4dten eine Wahl welche die grossen Klimaver\u00e4nderung kontrastiert, zugleich aber auch den Ort wieder naturalisiert und ertr\u00e4glicher macht.<br \/>\nWir glauben dass der <strong>Co2 Emissionen Ausgleich vor Ort<\/strong>, indem man jetzt neue B\u00e4ume pflanzt, einen st\u00e4rkeren Effekt an Kohlenstoff Reduzierung hat, als viele Projekte in fernen Gebieten in der Welt.<\/p>\n<div id=\"attachment_1884\" class=\"thumbnail alignnone\"><img class=\"wp-image-1884 size-full\" src=\"https:\/\/ecobnb.de\/blog\/app\/uploads\/sites\/4\/2019\/08\/pic3.jpg\" alt=\"foto by pxhere\" width=\"870\" height=\"490\" srcset=\"https:\/\/ecobnb.de\/blog\/app\/uploads\/sites\/4\/2019\/08\/pic3.jpg 870w, https:\/\/ecobnb.de\/blog\/app\/uploads\/sites\/4\/2019\/08\/pic3-536x302.jpg 536w, https:\/\/ecobnb.de\/blog\/app\/uploads\/sites\/4\/2019\/08\/pic3-570x320.jpg 570w, https:\/\/ecobnb.de\/blog\/app\/uploads\/sites\/4\/2019\/08\/pic3-344x194.jpg 344w\" sizes=\"(max-width: 870px) 100vw, 870px\" \/><div class=\"caption\">foto by pxhere<\/div><\/div>\n<h2>Die Vorteile der B\u00e4ume<\/h2>\n<p>Es gibt zahlreiche \u00a0positive Auswirkungen der B\u00e4ume und wir werden nie m\u00fcde sein diese zu erw\u00e4hnen. Hier erinnern wir nur einige:<\/p>\n<p>1 \u00a0<strong>CO2 Verringerung<\/strong>: jede Pflanze f\u00e4ngt Kohlendioxid (CO2) \u2013\u00a0\u00a0das wichtigste Treibhausegas \u2013 von der Atmosph\u00e4re auf und hilft die Erw\u00e4rmung der Erde zu reduzieren.<br \/>\n2 <strong>\u00a0Saubere und reinere Atmungsluft<\/strong>: die B\u00e4ume wirken wie ein Filter auf die Luft Qualit\u00e4t , indem das CO2 in Sauerstoff umgewandelt wird und das Verbreiten von giftigen Gasen vermieden wird.<br \/>\n3 \u00a0<strong>Positive\u00a0Effekte auf die Gesundheit<\/strong>: wissenschaftliche Forschungen zeigen dass sowohl unsere k\u00f6rperliche als auch geistige Gesundheit, von der Anwesenheit der gr\u00fcnen Energie in den Orten in den wir leben, abh\u00e4ngt.<\/p>\n<div id=\"attachment_1885\" class=\"thumbnail alignnone\"><img class=\"wp-image-1885 size-full\" src=\"https:\/\/ecobnb.de\/blog\/app\/uploads\/sites\/4\/2019\/08\/pic-4.jpg\" alt=\"Positive Auswirkungen der B\u00e4ume \" width=\"870\" height=\"490\" srcset=\"https:\/\/ecobnb.de\/blog\/app\/uploads\/sites\/4\/2019\/08\/pic-4.jpg 870w, https:\/\/ecobnb.de\/blog\/app\/uploads\/sites\/4\/2019\/08\/pic-4-536x302.jpg 536w, https:\/\/ecobnb.de\/blog\/app\/uploads\/sites\/4\/2019\/08\/pic-4-570x320.jpg 570w, https:\/\/ecobnb.de\/blog\/app\/uploads\/sites\/4\/2019\/08\/pic-4-344x194.jpg 344w\" sizes=\"(max-width: 870px) 100vw, 870px\" \/><div class=\"caption\">Positive Auswirkungen der B\u00e4ume<\/div><\/div>\n<h2>Die Bauern vom Ecobnbnetz<\/h2>\n<p style=\"text-align: left;\">M\u00f6chten Sie die Menschen und Geschichten der Ecobnb Bauern, welche uns helfen werden den Co2 Ausgleich auf eine moralische, lokale, unterst\u00fctzende und verf\u00fcgbare Weise zu f\u00f6rdern,kennenlernen?<\/p>\n<p>Folgen Sie uns und wir werden sie Ihnen bald vorstellen!<\/p>\n","protected":false},"excerpt":{"rendered":"<p>Reisen Sie nachhaltig mit Ecobnb um Ihren Kohlenstoff Fussabdruck zu vermeiden! Tragen Sie damit bei die globale Erw\u00e4rmung der Erde\u00a0zu bek\u00e4mpfen. Bei der Wahl einer \u00f6kologischen Unterkunft , verringern Sie ungef\u00e4hr 8 kg von Co2 Emissionen pro Person pro Nacht in einem \u00f6kologischen BnB, das entspricht dem Pflanzen von 295 neuen B\u00e4umen ( Gem\u00e4\u00df der [&hellip;]<\/p>\n","protected":false},"author":3,"featured_media":1892,"parent":0,"menu_order":0,"comment_status":"closed","ping_status":"open","template":"page-nosidebar.php","meta":[],"acf":[],"yoast_head":"<!-- This site is optimized with the Yoast SEO plugin v19.9 - https:\/\/yoast.com\/wordpress\/plugins\/seo\/ -->\n<title>Co2 vermeiden und B\u00e4ume anpflanzen: ein Gr\u00fcner Planet - Ecobnb<\/title>\n<meta name=\"description\" content=\"Reisen Sie mit Ecobnb und tragen Sie zur Verringerung der Co2 Emissionen bei indem Sie B\u00e4ume anbauen! Nehmen Sie beim neuen Projekt ab 2020 teil!\" \/>\n<meta name=\"robots\" content=\"index, follow, max-snippet:-1, max-image-preview:large, max-video-preview:-1\" \/>\n<link rel=\"canonical\" href=\"https:\/\/ecobnb.de\/blog\/baeume\/\" \/>\n<meta property=\"og:locale\" content=\"de_DE\" \/>\n<meta property=\"og:type\" content=\"article\" \/>\n<meta property=\"og:title\" content=\"Co2 vermeiden und B\u00e4ume anpflanzen: ein Gr\u00fcner Planet - Ecobnb\" \/>\n<meta property=\"og:description\" content=\"Reisen Sie mit Ecobnb und tragen Sie zur Verringerung der Co2 Emissionen bei indem Sie B\u00e4ume anbauen! Nehmen Sie beim neuen Projekt ab 2020 teil!\" \/>\n<meta property=\"og:url\" content=\"https:\/\/ecobnb.de\/blog\/baeume\/\" \/>\n<meta property=\"og:site_name\" content=\"Ecobnb\" \/>\n<meta property=\"article:modified_time\" content=\"2019-08-27T08:40:44+00:00\" \/>\n<meta property=\"og:image\" content=\"https:\/\/ecobnb.de\/blog\/app\/uploads\/sites\/4\/2019\/08\/CO2-evitata-e-Alberi-piantati-il-nostro-Contributo-per-un-Pianeta-pi\u00f9-Verde.jpg\" \/>\n\t<meta property=\"og:image:width\" content=\"1170\" \/>\n\t<meta property=\"og:image:height\" content=\"490\" \/>\n\t<meta property=\"og:image:type\" content=\"image\/jpeg\" \/>\n<meta name=\"twitter:card\" content=\"summary_large_image\" \/>\n<meta name=\"twitter:label1\" content=\"Est. reading time\" \/>\n\t<meta name=\"twitter:data1\" content=\"4 minutes\" \/>\n<!-- \/ Yoast SEO plugin. -->","yoast_head_json":{"title":"Co2 vermeiden und B\u00e4ume anpflanzen: ein Gr\u00fcner Planet - Ecobnb","description":"Reisen Sie mit Ecobnb und tragen Sie zur Verringerung der Co2 Emissionen bei indem Sie B\u00e4ume anbauen! Nehmen Sie beim neuen Projekt ab 2020 teil!","robots":{"index":"index","follow":"follow","max-snippet":"max-snippet:-1","max-image-preview":"max-image-preview:large","max-video-preview":"max-video-preview:-1"},"canonical":"https:\/\/ecobnb.de\/blog\/baeume\/","og_locale":"de_DE","og_type":"article","og_title":"Co2 vermeiden und B\u00e4ume anpflanzen: ein Gr\u00fcner Planet - Ecobnb","og_description":"Reisen Sie mit Ecobnb und tragen Sie zur Verringerung der Co2 Emissionen bei indem Sie B\u00e4ume anbauen! Nehmen Sie beim neuen Projekt ab 2020 teil!","og_url":"https:\/\/ecobnb.de\/blog\/baeume\/","og_site_name":"Ecobnb","article_modified_time":"2019-08-27T08:40:44+00:00","og_image":[{"width":1170,"height":490,"url":"https:\/\/ecobnb.de\/blog\/app\/uploads\/sites\/4\/2019\/08\/CO2-evitata-e-Alberi-piantati-il-nostro-Contributo-per-un-Pianeta-pi\u00f9-Verde.jpg","type":"image\/jpeg"}],"twitter_card":"summary_large_image","twitter_misc":{"Est. reading time":"4 minutes"},"schema":{"@context":"https:\/\/schema.org","@graph":[{"@type":"WebPage","@id":"https:\/\/ecobnb.de\/blog\/baeume\/","url":"https:\/\/ecobnb.de\/blog\/baeume\/","name":"Co2 vermeiden und B\u00e4ume anpflanzen: ein Gr\u00fcner Planet - Ecobnb","isPartOf":{"@id":"https:\/\/ecobnb.de\/blog\/#website"},"datePublished":"2019-08-27T08:29:50+00:00","dateModified":"2019-08-27T08:40:44+00:00","description":"Reisen Sie mit Ecobnb und tragen Sie zur Verringerung der Co2 Emissionen bei indem Sie B\u00e4ume anbauen! Nehmen Sie beim neuen Projekt ab 2020 teil!","breadcrumb":{"@id":"https:\/\/ecobnb.de\/blog\/baeume\/#breadcrumb"},"inLanguage":"de-DE","potentialAction":[{"@type":"ReadAction","target":["https:\/\/ecobnb.de\/blog\/baeume\/"]}]},{"@type":"BreadcrumbList","@id":"https:\/\/ecobnb.de\/blog\/baeume\/#breadcrumb","itemListElement":[{"@type":"ListItem","position":1,"name":"Home","item":"https:\/\/ecobnb.de\/blog\/"},{"@type":"ListItem","position":2,"name":"CO2 vermeiden und B\u00e4ume anpflanzen: unser Beitrag f\u00fcr einen Gr\u00fcneren Planeten"}]},{"@type":"WebSite","@id":"https:\/\/ecobnb.de\/blog\/#website","url":"https:\/\/ecobnb.de\/blog\/","name":"Ecobnb","description":"Find sustainable accommodation","potentialAction":[{"@type":"SearchAction","target":{"@type":"EntryPoint","urlTemplate":"https:\/\/ecobnb.de\/blog\/?s={search_term_string}"},"query-input":"required name=search_term_string"}],"inLanguage":"de-DE"}]}},"_links":{"self":[{"href":"https:\/\/ecobnb.de\/blog\/wp-json\/wp\/v2\/pages\/1891"}],"collection":[{"href":"https:\/\/ecobnb.de\/blog\/wp-json\/wp\/v2\/pages"}],"about":[{"href":"https:\/\/ecobnb.de\/blog\/wp-json\/wp\/v2\/types\/page"}],"author":[{"embeddable":true,"href":"https:\/\/ecobnb.de\/blog\/wp-json\/wp\/v2\/users\/3"}],"replies":[{"embeddable":true,"href":"https:\/\/ecobnb.de\/blog\/wp-json\/wp\/v2\/comments?post=1891"}],"version-history":[{"count":6,"href":"https:\/\/ecobnb.de\/blog\/wp-json\/wp\/v2\/pages\/1891\/revisions"}],"predecessor-version":[{"id":1898,"href":"https:\/\/ecobnb.de\/blog\/wp-json\/wp\/v2\/pages\/1891\/revisions\/1898"}],"wp:featuredmedia":[{"embeddable":true,"href":"https:\/\/ecobnb.de\/blog\/wp-json\/wp\/v2\/media\/1892"}],"wp:attachment":[{"href":"https:\/\/ecobnb.de\/blog\/wp-json\/wp\/v2\/media?parent=1891"}],"curies":[{"name":"wp","href":"https:\/\/api.w.org\/{rel}","templated":true}]}}