{"id":2399,"date":"2020-06-10T09:45:03","date_gmt":"2020-06-10T07:45:03","guid":{"rendered":"https:\/\/ecobnb.de\/blog\/?page_id=2399"},"modified":"2020-07-02T15:26:28","modified_gmt":"2020-07-02T13:26:28","slug":"gruenen-sauberen-sicheren-aufenthalt","status":"publish","type":"page","link":"https:\/\/ecobnb.de\/blog\/gruenen-sauberen-sicheren-aufenthalt\/","title":{"rendered":"Unser Engagement f\u00fcr einen gr\u00fcnen, sauberen und sicheren Aufenthalt"},"content":{"rendered":"<h2>Ecobnb garantiert Ihnen einen umweltfreundlichen Aufenthalt in absoluter Sicherheit, damit Sie Ihre Flucht in die Natur in v\u00f6lliger Entspannung geniessen k\u00f6nnen!<\/h2>\n<p>Das Wohlbefinden und die Sicherheit der G\u00e4ste und Eigent\u00fcmer von Unterk\u00fcnften sowie der Respekt vor der Umwelt sind f\u00fcr Ecobnb von grundlegender Bedeutung. W\u00e4hrend des Coronavirus verpflichten sich die Eigent\u00fcmer, zus\u00e4tzliche Ma\u00dfnahmen zu ergreifen, um Ihre Sicherheit und Ihr Wohlbefinden zu gew\u00e4hrleisten, damit Sie sich entspannen und den verdienten Natururlaub geniessen k\u00f6nnen. Aus diesem Grund m\u00fcssen Ecobnb-Gastgeber unsere &#8222;Green, Clean and Safe&#8220; -Richtlinien f\u00fcr einen umweltfreundlichen, sauberen und sicheren Aufenthalt einhalten und die <a href=\"https:\/\/www.sustainable-cleaning.com\/en.home.orb\" target=\"_blank\" rel=\"noopener\">europ\u00e4ischen Richtlinien f\u00fcr eine umweltfreundliche Reinigung befolgen<\/a>.<\/p>\n<h2>Gr\u00fcner, sauberer und sicherer Aufenthalt: Was es bedeutet<\/h2>\n<p><img class=\"alignnone size-full wp-image-2404\" src=\"https:\/\/ecobnb.de\/blog\/app\/uploads\/sites\/4\/2020\/06\/Gr\u00fcner-sauberer-und-sicherer-Aufenthalt.jpg\" alt=\"Gr\u00fcner, sauberer und sicherer Aufenthalt\" width=\"870\" height=\"490\" srcset=\"https:\/\/ecobnb.de\/blog\/app\/uploads\/sites\/4\/2020\/06\/Gr\u00fcner-sauberer-und-sicherer-Aufenthalt.jpg 870w, https:\/\/ecobnb.de\/blog\/app\/uploads\/sites\/4\/2020\/06\/Gr\u00fcner-sauberer-und-sicherer-Aufenthalt-536x302.jpg 536w, https:\/\/ecobnb.de\/blog\/app\/uploads\/sites\/4\/2020\/06\/Gr\u00fcner-sauberer-und-sicherer-Aufenthalt-768x433.jpg 768w, https:\/\/ecobnb.de\/blog\/app\/uploads\/sites\/4\/2020\/06\/Gr\u00fcner-sauberer-und-sicherer-Aufenthalt-570x320.jpg 570w, https:\/\/ecobnb.de\/blog\/app\/uploads\/sites\/4\/2020\/06\/Gr\u00fcner-sauberer-und-sicherer-Aufenthalt-344x194.jpg 344w\" sizes=\"(max-width: 870px) 100vw, 870px\" \/><\/p>\n<h3>Sicherheit<\/h3>\n<p>Die <strong>Empfehlungen der Weltgesundheitsorganisation (WHO)<\/strong> zur Reinigung von Umgebungen au\u00dferhalb des Gesundheitswesens werden befolgt. Dies bedeutet, dass alle R\u00e4ume <a href=\"https:\/\/ecobnb.com\/blog\/2020\/05\/covid-eco-friendly-cleaning-disinfecting-products\/\" target=\"_blank\" rel=\"noopener\"><strong>gereinigt und desinfiziert werden<\/strong><\/a>, wobei besonders auf die am <strong>h\u00e4ufigsten ber\u00fchrten Oberfl\u00e4chen<\/strong> geachtet wird. Die gesamte W\u00e4sche wird vor Ankunft der G\u00e4ste gewaschen. Um die Einhaltung der WHO-Richtlinien zu erm\u00f6glichen, kann sich die Zeit zwischen den Check-In- und Check-Out-Zeiten der G\u00e4ste \u00e4ndern.<\/p>\n<div id=\"attachment_2415\" class=\"thumbnail alignnone\"><img class=\"wp-image-2415 size-large\" src=\"https:\/\/ecobnb.de\/blog\/app\/uploads\/sites\/4\/2020\/07\/pulizia-870x490.jpeg\" alt=\"Sicherheit\" width=\"870\" height=\"490\" srcset=\"https:\/\/ecobnb.de\/blog\/app\/uploads\/sites\/4\/2020\/07\/pulizia-870x490.jpeg 870w, https:\/\/ecobnb.de\/blog\/app\/uploads\/sites\/4\/2020\/07\/pulizia-570x320.jpeg 570w\" sizes=\"(max-width: 870px) 100vw, 870px\" \/><div class=\"caption\">Photo by Anton on Unsplash<\/div><\/div>\n<h3>Soziale Distanzierung<\/h3>\n<p>G\u00e4ste k\u00f6nnen verbleiben, ohne mit anderen G\u00e4sten oder den Eigent\u00fcmern in Kontakt zu kommen. Der Self-Check-In wird nach M\u00f6glichkeit verwendet. Es sind auch sichere Modalit\u00e4ten zur Nutzung der \u00f6ffentlichen Bereiche organisiert, so dass sich die G\u00e4ste leicht distanzieren k\u00f6nnen.<\/p>\n<p><img class=\"alignnone size-full wp-image-2405\" src=\"https:\/\/ecobnb.de\/blog\/app\/uploads\/sites\/4\/2020\/06\/Soziale-Distanzierung.jpg\" alt=\"Soziale Distanzierung\" width=\"870\" height=\"490\" srcset=\"https:\/\/ecobnb.de\/blog\/app\/uploads\/sites\/4\/2020\/06\/Soziale-Distanzierung.jpg 870w, https:\/\/ecobnb.de\/blog\/app\/uploads\/sites\/4\/2020\/06\/Soziale-Distanzierung-536x302.jpg 536w, https:\/\/ecobnb.de\/blog\/app\/uploads\/sites\/4\/2020\/06\/Soziale-Distanzierung-768x433.jpg 768w, https:\/\/ecobnb.de\/blog\/app\/uploads\/sites\/4\/2020\/06\/Soziale-Distanzierung-570x320.jpg 570w, https:\/\/ecobnb.de\/blog\/app\/uploads\/sites\/4\/2020\/06\/Soziale-Distanzierung-344x194.jpg 344w\" sizes=\"(max-width: 870px) 100vw, 870px\" \/><\/p>\n<h3>Hygiene<\/h3>\n<p>W\u00e4hrend des Aufenthalts sind Ma\u00dfnahmen vorgesehen, die es den G\u00e4sten erm\u00f6glichen gute Hygiene zu praktizieren. Alle R\u00e4ume sind mit Desinfektionsmitteln, Reinigungsmitteln und Desinfektionseifen f\u00fcr H\u00e4nde ausgestattet. Nach M\u00f6glichkeit werden andere Ma\u00dfnahmen ergriffen, um die Risiken zu verringern. Es k\u00f6nnen die am h\u00e4ufigsten verwendeten Gegenst\u00e4nde wie zum Beispiel G\u00e4steb\u00fccher entfernt und Informationen in digitalem Format bereitgestellt werden.<\/p>\n<p><img class=\"alignnone size-full wp-image-2406\" src=\"https:\/\/ecobnb.de\/blog\/app\/uploads\/sites\/4\/2020\/06\/Hygiene.jpg\" alt=\"Hygiene\" width=\"870\" height=\"490\" srcset=\"https:\/\/ecobnb.de\/blog\/app\/uploads\/sites\/4\/2020\/06\/Hygiene.jpg 870w, https:\/\/ecobnb.de\/blog\/app\/uploads\/sites\/4\/2020\/06\/Hygiene-536x302.jpg 536w, https:\/\/ecobnb.de\/blog\/app\/uploads\/sites\/4\/2020\/06\/Hygiene-768x433.jpg 768w, https:\/\/ecobnb.de\/blog\/app\/uploads\/sites\/4\/2020\/06\/Hygiene-570x320.jpg 570w, https:\/\/ecobnb.de\/blog\/app\/uploads\/sites\/4\/2020\/06\/Hygiene-344x194.jpg 344w\" sizes=\"(max-width: 870px) 100vw, 870px\" \/><\/p>\n<h3>Flexibilit\u00e4t von Reservierungen und Stornierungen<\/h3>\n<p>G\u00e4ste sind bereit \u00c4nderungen an Reservierungen zu akzeptieren, um unerwartete \u00c4nderungen im Zusammenhang mit Coronavirus zu bew\u00e4ltigen. Die Unterk\u00fcnfte verpflichten sich, flexible Reservierungen und kostenlose Stornierungen w\u00e4hrend des Notfalls zu akzeptieren.<\/p>\n<p><img class=\"alignnone size-full wp-image-2410\" src=\"https:\/\/ecobnb.de\/blog\/app\/uploads\/sites\/4\/2020\/06\/free-cancellation.jpg\" alt=\"free-cancellation\" width=\"870\" height=\"490\" srcset=\"https:\/\/ecobnb.de\/blog\/app\/uploads\/sites\/4\/2020\/06\/free-cancellation.jpg 870w, https:\/\/ecobnb.de\/blog\/app\/uploads\/sites\/4\/2020\/06\/free-cancellation-536x302.jpg 536w, https:\/\/ecobnb.de\/blog\/app\/uploads\/sites\/4\/2020\/06\/free-cancellation-768x433.jpg 768w, https:\/\/ecobnb.de\/blog\/app\/uploads\/sites\/4\/2020\/06\/free-cancellation-570x320.jpg 570w, https:\/\/ecobnb.de\/blog\/app\/uploads\/sites\/4\/2020\/06\/free-cancellation-344x194.jpg 344w\" sizes=\"(max-width: 870px) 100vw, 870px\" \/><\/p>\n<h3>Kommunikation<\/h3>\n<p>Die Unterk\u00fcnfte teilen den G\u00e4sten die Aufmerksamkeit die sie f\u00fcr einen gr\u00fcnen, sauberen und sicheren Aufenthalt \u00fcbernommen haben, mit. Die Unterk\u00fcnfte teilen ihren Aktionsplan sowie die zu befolgenden Regeln mit den G\u00e4sten. Die Informationen k\u00f6nnen auch \u00fcber Informationsplakate, kurze Dokumente und Online-Kommunikation \u00fcbertragen werden. Dar\u00fcber hinaus bieten die Unterk\u00fcnfte den G\u00e4sten eine aktualisierte Liste n\u00fctzlicher Informationen, einschlie\u00dflich Notrufnummern.<\/p>\n","protected":false},"excerpt":{"rendered":"<p>Ecobnb garantiert Ihnen einen umweltfreundlichen Aufenthalt in absoluter Sicherheit, damit Sie Ihre Flucht in die Natur in v\u00f6lliger Entspannung geniessen k\u00f6nnen! Das Wohlbefinden und die Sicherheit der G\u00e4ste und Eigent\u00fcmer von Unterk\u00fcnften sowie der Respekt vor der Umwelt sind f\u00fcr Ecobnb von grundlegender Bedeutung. W\u00e4hrend des Coronavirus verpflichten sich die Eigent\u00fcmer, zus\u00e4tzliche Ma\u00dfnahmen zu ergreifen, [&hellip;]<\/p>\n","protected":false},"author":3,"featured_media":2409,"parent":0,"menu_order":0,"comment_status":"closed","ping_status":"closed","template":"","meta":[],"acf":[],"yoast_head":"<!-- This site is optimized with the Yoast SEO plugin v19.9 - https:\/\/yoast.com\/wordpress\/plugins\/seo\/ -->\n<title>Unser Engagement f\u00fcr einen gr\u00fcnen, sauberen und sicheren Aufenthalt<\/title>\n<meta name=\"description\" content=\"Ecobnb garantiert Ihnen einen umweltfreundlichen Aufenthalt in absoluter Sicherheit, damit Sie Ihre Flucht in die Natur in Entspannung geniessen k\u00f6nnen!\" \/>\n<meta name=\"robots\" content=\"index, follow, max-snippet:-1, max-image-preview:large, max-video-preview:-1\" \/>\n<link rel=\"canonical\" href=\"https:\/\/ecobnb.de\/blog\/gruenen-sauberen-sicheren-aufenthalt\/\" \/>\n<meta property=\"og:locale\" content=\"de_DE\" \/>\n<meta property=\"og:type\" content=\"article\" \/>\n<meta property=\"og:title\" content=\"Unser Engagement f\u00fcr einen gr\u00fcnen, sauberen und sicheren Aufenthalt\" \/>\n<meta property=\"og:description\" content=\"Ecobnb garantiert Ihnen einen umweltfreundlichen Aufenthalt in absoluter Sicherheit, damit Sie Ihre Flucht in die Natur in Entspannung geniessen k\u00f6nnen!\" \/>\n<meta property=\"og:url\" content=\"https:\/\/ecobnb.de\/blog\/gruenen-sauberen-sicheren-aufenthalt\/\" \/>\n<meta property=\"og:site_name\" content=\"Ecobnb\" \/>\n<meta property=\"article:modified_time\" content=\"2020-07-02T13:26:28+00:00\" \/>\n<meta property=\"og:image\" content=\"https:\/\/ecobnb.de\/blog\/app\/uploads\/sites\/4\/2020\/06\/gr\u00fcnen-sauberen-und-sicheren-Aufenthalt.jpg\" \/>\n\t<meta property=\"og:image:width\" content=\"1170\" \/>\n\t<meta property=\"og:image:height\" content=\"490\" \/>\n\t<meta property=\"og:image:type\" content=\"image\/jpeg\" \/>\n<meta name=\"twitter:card\" content=\"summary_large_image\" \/>\n<meta name=\"twitter:label1\" content=\"Est. reading time\" \/>\n\t<meta name=\"twitter:data1\" content=\"2 minutes\" \/>\n<!-- \/ Yoast SEO plugin. -->","yoast_head_json":{"title":"Unser Engagement f\u00fcr einen gr\u00fcnen, sauberen und sicheren Aufenthalt","description":"Ecobnb garantiert Ihnen einen umweltfreundlichen Aufenthalt in absoluter Sicherheit, damit Sie Ihre Flucht in die Natur in Entspannung geniessen k\u00f6nnen!","robots":{"index":"index","follow":"follow","max-snippet":"max-snippet:-1","max-image-preview":"max-image-preview:large","max-video-preview":"max-video-preview:-1"},"canonical":"https:\/\/ecobnb.de\/blog\/gruenen-sauberen-sicheren-aufenthalt\/","og_locale":"de_DE","og_type":"article","og_title":"Unser Engagement f\u00fcr einen gr\u00fcnen, sauberen und sicheren Aufenthalt","og_description":"Ecobnb garantiert Ihnen einen umweltfreundlichen Aufenthalt in absoluter Sicherheit, damit Sie Ihre Flucht in die Natur in Entspannung geniessen k\u00f6nnen!","og_url":"https:\/\/ecobnb.de\/blog\/gruenen-sauberen-sicheren-aufenthalt\/","og_site_name":"Ecobnb","article_modified_time":"2020-07-02T13:26:28+00:00","og_image":[{"width":1170,"height":490,"url":"https:\/\/ecobnb.de\/blog\/app\/uploads\/sites\/4\/2020\/06\/gr\u00fcnen-sauberen-und-sicheren-Aufenthalt.jpg","type":"image\/jpeg"}],"twitter_card":"summary_large_image","twitter_misc":{"Est. reading time":"2 minutes"},"schema":{"@context":"https:\/\/schema.org","@graph":[{"@type":"WebPage","@id":"https:\/\/ecobnb.de\/blog\/gruenen-sauberen-sicheren-aufenthalt\/","url":"https:\/\/ecobnb.de\/blog\/gruenen-sauberen-sicheren-aufenthalt\/","name":"Unser Engagement f\u00fcr einen gr\u00fcnen, sauberen und sicheren Aufenthalt","isPartOf":{"@id":"https:\/\/ecobnb.de\/blog\/#website"},"datePublished":"2020-06-10T07:45:03+00:00","dateModified":"2020-07-02T13:26:28+00:00","description":"Ecobnb garantiert Ihnen einen umweltfreundlichen Aufenthalt in absoluter Sicherheit, damit Sie Ihre Flucht in die Natur in Entspannung geniessen k\u00f6nnen!","breadcrumb":{"@id":"https:\/\/ecobnb.de\/blog\/gruenen-sauberen-sicheren-aufenthalt\/#breadcrumb"},"inLanguage":"de-DE","potentialAction":[{"@type":"ReadAction","target":["https:\/\/ecobnb.de\/blog\/gruenen-sauberen-sicheren-aufenthalt\/"]}]},{"@type":"BreadcrumbList","@id":"https:\/\/ecobnb.de\/blog\/gruenen-sauberen-sicheren-aufenthalt\/#breadcrumb","itemListElement":[{"@type":"ListItem","position":1,"name":"Home","item":"https:\/\/ecobnb.de\/blog\/"},{"@type":"ListItem","position":2,"name":"Unser Engagement f\u00fcr einen gr\u00fcnen, sauberen und sicheren Aufenthalt"}]},{"@type":"WebSite","@id":"https:\/\/ecobnb.de\/blog\/#website","url":"https:\/\/ecobnb.de\/blog\/","name":"Ecobnb","description":"Find sustainable accommodation","potentialAction":[{"@type":"SearchAction","target":{"@type":"EntryPoint","urlTemplate":"https:\/\/ecobnb.de\/blog\/?s={search_term_string}"},"query-input":"required name=search_term_string"}],"inLanguage":"de-DE"}]}},"_links":{"self":[{"href":"https:\/\/ecobnb.de\/blog\/wp-json\/wp\/v2\/pages\/2399"}],"collection":[{"href":"https:\/\/ecobnb.de\/blog\/wp-json\/wp\/v2\/pages"}],"about":[{"href":"https:\/\/ecobnb.de\/blog\/wp-json\/wp\/v2\/types\/page"}],"author":[{"embeddable":true,"href":"https:\/\/ecobnb.de\/blog\/wp-json\/wp\/v2\/users\/3"}],"replies":[{"embeddable":true,"href":"https:\/\/ecobnb.de\/blog\/wp-json\/wp\/v2\/comments?post=2399"}],"version-history":[{"count":5,"href":"https:\/\/ecobnb.de\/blog\/wp-json\/wp\/v2\/pages\/2399\/revisions"}],"predecessor-version":[{"id":2416,"href":"https:\/\/ecobnb.de\/blog\/wp-json\/wp\/v2\/pages\/2399\/revisions\/2416"}],"wp:featuredmedia":[{"embeddable":true,"href":"https:\/\/ecobnb.de\/blog\/wp-json\/wp\/v2\/media\/2409"}],"wp:attachment":[{"href":"https:\/\/ecobnb.de\/blog\/wp-json\/wp\/v2\/media?parent=2399"}],"curies":[{"name":"wp","href":"https:\/\/api.w.org\/{rel}","templated":true}]}}