{"id":2686,"date":"2020-12-04T12:01:33","date_gmt":"2020-12-04T11:01:33","guid":{"rendered":"https:\/\/ecobnb.de\/blog\/?page_id=2686"},"modified":"2020-12-15T08:30:48","modified_gmt":"2020-12-15T07:30:48","slug":"verwenden-alpine-pearls-geschenkkarte","status":"publish","type":"page","link":"https:\/\/ecobnb.de\/blog\/verwenden-alpine-pearls-geschenkkarte\/","title":{"rendered":"Alpine Pearls-Geschenkkarte: Wie Sie Ihre Geschenkkarte verwenden"},"content":{"rendered":"<h2>Sie haben eine Alpine Pearls-Geschenkkarte erhalten und k\u00f6nnen es kaum erwarten, damit die nachhaltigen Unterk\u00fcnfte der Alpen zu entdecken? Die Einl\u00f6sung Ihres Geschenks ist ganz einfach und sofort m\u00f6glich. Und so gehen Sie vor.<\/h2>\n<p><img class=\"alignnone size-full wp-image-2731\" src=\"https:\/\/ecobnb.de\/blog\/app\/uploads\/sites\/4\/2020\/12\/giftcard-perlealpine.jpg\" alt=\"Geschenkkarte\" width=\"870\" height=\"490\" srcset=\"https:\/\/ecobnb.de\/blog\/app\/uploads\/sites\/4\/2020\/12\/giftcard-perlealpine.jpg 870w, https:\/\/ecobnb.de\/blog\/app\/uploads\/sites\/4\/2020\/12\/giftcard-perlealpine-536x302.jpg 536w, https:\/\/ecobnb.de\/blog\/app\/uploads\/sites\/4\/2020\/12\/giftcard-perlealpine-768x433.jpg 768w, https:\/\/ecobnb.de\/blog\/app\/uploads\/sites\/4\/2020\/12\/giftcard-perlealpine-570x320.jpg 570w, https:\/\/ecobnb.de\/blog\/app\/uploads\/sites\/4\/2020\/12\/giftcard-perlealpine-344x194.jpg 344w\" sizes=\"(max-width: 870px) 100vw, 870px\" \/><\/p>\n<h2>Alpine Pearls-Geschenkkarte: Was ist das?<\/h2>\n<p>Die Alpine Pearl Gift Card ist ein Gutschein, der per E-Mail an die K\u00e4ufer versendet wird. Dieser ist in verschiedenen Betr\u00e4gen erh\u00e4ltlich und kann auf Ecobnb verwendet werden, um Ferien in den vielen Unterk\u00fcnften zu buchen, die Sie in den Alpine Pearls finden k\u00f6nnen. Machen Sie sich bereit, einen unvergesslichen, autofreien Urlaub zu erleben, indem Sie in umweltfreundlichen Hotels, auf \u00f6kologischen Campingpl\u00e4tzen, nachhaltigen Bauernh\u00f6fen oder B&amp;Bs in den europ\u00e4ischen Gebirgsorten \u00fcbernachten, die nachhaltigen Tourismus und sanfte Mobilit\u00e4t f\u00f6rdern.<\/p>\n<h2>Wie kann ich meine Geschenkkarte verwenden?<\/h2>\n<p>Die Alpine Pearls Gift Cards bestehen aus einem <strong>einzigartigen 12-stelligen Code<\/strong>. Die Verwendung ist ganz einfach: Gehen Sie auf die Seite, die <a href=\"https:\/\/ecobnb.de\/special\/alpine-pearls\" target=\"_blank\" rel=\"noopener\"><strong>den Perlen der Alpen gewidmet ist<\/strong><\/a>, w\u00e4hlen Sie unter den Hunderten von umweltfreundlichen Unterk\u00fcnften aus, wo Sie \u00fcbernachten m\u00f6chten, und denken Sie daran, den Code Ihrer digitalen Geschenkkarte bei der Anfrage nach Verf\u00fcgbarkeit einzugeben. Sobald Sie die Verf\u00fcgbarkeitsbest\u00e4tigung von der Unterkunft erhalten haben, k\u00f6nnen Sie mit der Buchung fortfahren. Ihr <strong>bewusster Urlaub<\/strong> im Einklang mit der Natur ist ganz nah!<\/p>\n<div id=\"attachment_2722\" class=\"thumbnail alignnone\"><img class=\"size-large wp-image-2722\" src=\"https:\/\/ecobnb.de\/blog\/app\/uploads\/sites\/4\/2020\/12\/alpine-pearls-giftcards-870x490.png\" alt=\"Wie Sie den Gutscheincode Ihrer Geschenkkarte in eine Verf\u00fcgbarkeitsanfrage auf Ecobnb einf\u00fcgen\" width=\"870\" height=\"490\" srcset=\"https:\/\/ecobnb.de\/blog\/app\/uploads\/sites\/4\/2020\/12\/alpine-pearls-giftcards-870x490.png 870w, https:\/\/ecobnb.de\/blog\/app\/uploads\/sites\/4\/2020\/12\/alpine-pearls-giftcards-570x320.png 570w\" sizes=\"(max-width: 870px) 100vw, 870px\" \/><div class=\"caption\">Wie Sie den Gutscheincode Ihrer Geschenkkarte in eine Verf\u00fcgbarkeitsanfrage auf Ecobnb einf\u00fcgen<\/div><\/div>\n<h2>Bis wann kann ich die Geschenkkarte verwenden?<\/h2>\n<p>Geschenkkarten sind ab dem Zeitpunkt ihrer Aktivierung <strong>12 Monate<\/strong> g\u00fcltig. Im Falle einer Reiseunf\u00e4higkeit aufgrund von Covid-19 kann die G\u00fcltigkeit des Gutscheins verl\u00e4ngert werden.<\/p>\n<h2>Ist der Gutschein nur f\u00fcr einen Aufenthalt g\u00fcltig?<\/h2>\n<p>Die Alpine Pearls-Geschenkkarten k\u00f6nnen f\u00fcr <strong>einen oder mehrere umweltfreundliche Aufenthalte<\/strong> verwendet werden, bis ihr gesamter Wert aufgebraucht ist.<\/p>\n<p>Wenn Sie Ihre Karte zum Kauf eines Aufenthaltes f\u00fcr einen Betrag unter ihrem Wert verwenden, senden wir Ihnen eine neue Geschenkkarte mit dem Restbetrag zu. Diesen k\u00f6nnen Sie f\u00fcr Ihre n\u00e4chsten Ferien verwenden, innerhalb des G\u00fcltigkeitszeitraums der Ursprungskarte.<\/p>\n<p>Wenn Sie dagegen mit Ihrer Geschenkkarte einen Aufenthalt f\u00fcr einen h\u00f6heren Betrag als den Gutschein kaufen, k\u00f6nnen Sie den Restbetrag direkt an die gebuchte Unterkunft zahlen.<\/p>\n<h2>Ich m\u00f6chte eine Alpine Pearls Gift Card kaufen, was kann ich tun?<\/h2>\n<p>Die Alpine Pearls-Geschenkkarten sind einfach zu verwenden und zu <a href=\"https:\/\/ecobnb.de\/blog\/alpine-pearls-geschenkkarte-urlaub\/\" target=\"_blank\" rel=\"noopener\"><strong>kaufen<\/strong><\/a>! Gehen Sie einfach auf die <a href=\"https:\/\/ecobnb.de\/buy-giftcard-alpine-pearls\" target=\"_blank\" rel=\"noopener\"><strong>entsprechende Seite<\/strong><\/a> und folgen Sie drei einfachen Schritten:<\/p>\n<ol>\n<li><strong>Personalisieren<\/strong> Sie die Geschenkkarte indem Sie ein Thema und einen Betrag ausw\u00e4hlen sowie eine Nachricht f\u00fcr den Empf\u00e4nger eingeben;<\/li>\n<li>Schlie\u00dfen Sie den Kauf ab, indem Sie die gew\u00fcnschte Zahlungsmethode (<strong>Kreditkarte oder Paypal<\/strong>) w\u00e4hlen und die anderen erforderlichen Informationen ausf\u00fcllen;<\/li>\n<li>Erhalten Sie die Geschenkkartenseite mit Ihrem einzigartigen Code <strong>per E-Mail<\/strong>. Wenn es sich um ein Geschenk handelt, k\u00f6nnen Sie die Seite ausdrucken, um sie auf eine sch\u00f6ne Karte zu setzen, oder dem Empf\u00e4nger den Link per E-Mail schicken.<\/li>\n<\/ol>\n","protected":false},"excerpt":{"rendered":"<p>Sie haben eine Alpine Pearls-Geschenkkarte erhalten und k\u00f6nnen es kaum erwarten, damit die nachhaltigen Unterk\u00fcnfte der Alpen zu entdecken? Die Einl\u00f6sung Ihres Geschenks ist ganz einfach und sofort m\u00f6glich. Und so gehen Sie vor. Alpine Pearls-Geschenkkarte: Was ist das? Die Alpine Pearl Gift Card ist ein Gutschein, der per E-Mail an die K\u00e4ufer versendet wird. [&hellip;]<\/p>\n","protected":false},"author":3,"featured_media":2732,"parent":0,"menu_order":0,"comment_status":"closed","ping_status":"closed","template":"","meta":[],"acf":[],"yoast_head":"<!-- This site is optimized with the Yoast SEO plugin v19.9 - https:\/\/yoast.com\/wordpress\/plugins\/seo\/ -->\n<title>Alpine Pearls-Geschenkkarte: Wie Sie Ihre Geschenkkarte verwenden<\/title>\n<meta name=\"description\" content=\"Sie haben eine Alpine Pearls-Geschenkkarte erhalten und k\u00f6nnen es kaum erwarten, damit die nachhaltigen Unterk\u00fcnfte der Alpen zu entdecken?\" \/>\n<meta name=\"robots\" content=\"index, follow, max-snippet:-1, max-image-preview:large, max-video-preview:-1\" \/>\n<link rel=\"canonical\" href=\"https:\/\/ecobnb.de\/blog\/verwenden-alpine-pearls-geschenkkarte\/\" \/>\n<meta property=\"og:locale\" content=\"de_DE\" \/>\n<meta property=\"og:type\" content=\"article\" \/>\n<meta property=\"og:title\" content=\"Alpine Pearls-Geschenkkarte: Wie Sie Ihre Geschenkkarte verwenden\" \/>\n<meta property=\"og:description\" content=\"Sie haben eine Alpine Pearls-Geschenkkarte erhalten und k\u00f6nnen es kaum erwarten, damit die nachhaltigen Unterk\u00fcnfte der Alpen zu entdecken?\" \/>\n<meta property=\"og:url\" content=\"https:\/\/ecobnb.de\/blog\/verwenden-alpine-pearls-geschenkkarte\/\" \/>\n<meta property=\"og:site_name\" content=\"Ecobnb\" \/>\n<meta property=\"article:modified_time\" content=\"2020-12-15T07:30:48+00:00\" \/>\n<meta property=\"og:image\" content=\"https:\/\/ecobnb.de\/blog\/app\/uploads\/sites\/4\/2020\/12\/come-utilizzare-la-tua-giftcard-perle-alpine.jpg\" \/>\n\t<meta property=\"og:image:width\" content=\"1170\" \/>\n\t<meta property=\"og:image:height\" content=\"490\" \/>\n\t<meta property=\"og:image:type\" content=\"image\/jpeg\" \/>\n<meta name=\"twitter:card\" content=\"summary_large_image\" \/>\n<meta name=\"twitter:label1\" content=\"Est. reading time\" \/>\n\t<meta name=\"twitter:data1\" content=\"3 minutes\" \/>\n<!-- \/ Yoast SEO plugin. -->","yoast_head_json":{"title":"Alpine Pearls-Geschenkkarte: Wie Sie Ihre Geschenkkarte verwenden","description":"Sie haben eine Alpine Pearls-Geschenkkarte erhalten und k\u00f6nnen es kaum erwarten, damit die nachhaltigen Unterk\u00fcnfte der Alpen zu entdecken?","robots":{"index":"index","follow":"follow","max-snippet":"max-snippet:-1","max-image-preview":"max-image-preview:large","max-video-preview":"max-video-preview:-1"},"canonical":"https:\/\/ecobnb.de\/blog\/verwenden-alpine-pearls-geschenkkarte\/","og_locale":"de_DE","og_type":"article","og_title":"Alpine Pearls-Geschenkkarte: Wie Sie Ihre Geschenkkarte verwenden","og_description":"Sie haben eine Alpine Pearls-Geschenkkarte erhalten und k\u00f6nnen es kaum erwarten, damit die nachhaltigen Unterk\u00fcnfte der Alpen zu entdecken?","og_url":"https:\/\/ecobnb.de\/blog\/verwenden-alpine-pearls-geschenkkarte\/","og_site_name":"Ecobnb","article_modified_time":"2020-12-15T07:30:48+00:00","og_image":[{"width":1170,"height":490,"url":"https:\/\/ecobnb.de\/blog\/app\/uploads\/sites\/4\/2020\/12\/come-utilizzare-la-tua-giftcard-perle-alpine.jpg","type":"image\/jpeg"}],"twitter_card":"summary_large_image","twitter_misc":{"Est. reading time":"3 minutes"},"schema":{"@context":"https:\/\/schema.org","@graph":[{"@type":"WebPage","@id":"https:\/\/ecobnb.de\/blog\/verwenden-alpine-pearls-geschenkkarte\/","url":"https:\/\/ecobnb.de\/blog\/verwenden-alpine-pearls-geschenkkarte\/","name":"Alpine Pearls-Geschenkkarte: Wie Sie Ihre Geschenkkarte verwenden","isPartOf":{"@id":"https:\/\/ecobnb.de\/blog\/#website"},"datePublished":"2020-12-04T11:01:33+00:00","dateModified":"2020-12-15T07:30:48+00:00","description":"Sie haben eine Alpine Pearls-Geschenkkarte erhalten und k\u00f6nnen es kaum erwarten, damit die nachhaltigen Unterk\u00fcnfte der Alpen zu entdecken?","breadcrumb":{"@id":"https:\/\/ecobnb.de\/blog\/verwenden-alpine-pearls-geschenkkarte\/#breadcrumb"},"inLanguage":"de-DE","potentialAction":[{"@type":"ReadAction","target":["https:\/\/ecobnb.de\/blog\/verwenden-alpine-pearls-geschenkkarte\/"]}]},{"@type":"BreadcrumbList","@id":"https:\/\/ecobnb.de\/blog\/verwenden-alpine-pearls-geschenkkarte\/#breadcrumb","itemListElement":[{"@type":"ListItem","position":1,"name":"Home","item":"https:\/\/ecobnb.de\/blog\/"},{"@type":"ListItem","position":2,"name":"Alpine Pearls-Geschenkkarte: Wie Sie Ihre Geschenkkarte verwenden"}]},{"@type":"WebSite","@id":"https:\/\/ecobnb.de\/blog\/#website","url":"https:\/\/ecobnb.de\/blog\/","name":"Ecobnb","description":"Find sustainable accommodation","potentialAction":[{"@type":"SearchAction","target":{"@type":"EntryPoint","urlTemplate":"https:\/\/ecobnb.de\/blog\/?s={search_term_string}"},"query-input":"required name=search_term_string"}],"inLanguage":"de-DE"}]}},"_links":{"self":[{"href":"https:\/\/ecobnb.de\/blog\/wp-json\/wp\/v2\/pages\/2686"}],"collection":[{"href":"https:\/\/ecobnb.de\/blog\/wp-json\/wp\/v2\/pages"}],"about":[{"href":"https:\/\/ecobnb.de\/blog\/wp-json\/wp\/v2\/types\/page"}],"author":[{"embeddable":true,"href":"https:\/\/ecobnb.de\/blog\/wp-json\/wp\/v2\/users\/3"}],"replies":[{"embeddable":true,"href":"https:\/\/ecobnb.de\/blog\/wp-json\/wp\/v2\/comments?post=2686"}],"version-history":[{"count":6,"href":"https:\/\/ecobnb.de\/blog\/wp-json\/wp\/v2\/pages\/2686\/revisions"}],"predecessor-version":[{"id":2733,"href":"https:\/\/ecobnb.de\/blog\/wp-json\/wp\/v2\/pages\/2686\/revisions\/2733"}],"wp:featuredmedia":[{"embeddable":true,"href":"https:\/\/ecobnb.de\/blog\/wp-json\/wp\/v2\/media\/2732"}],"wp:attachment":[{"href":"https:\/\/ecobnb.de\/blog\/wp-json\/wp\/v2\/media?parent=2686"}],"curies":[{"name":"wp","href":"https:\/\/api.w.org\/{rel}","templated":true}]}}