{"id":5601,"date":"2025-01-07T16:09:48","date_gmt":"2025-01-07T15:09:48","guid":{"rendered":"https:\/\/ecobnb.de\/blog\/?page_id=5601"},"modified":"2025-01-10T08:59:21","modified_gmt":"2025-01-10T07:59:21","slug":"geschenk-umweltfreundliche-reise","status":"publish","type":"page","link":"https:\/\/ecobnb.de\/blog\/geschenk-umweltfreundliche-reise\/","title":{"rendered":"Verschenken Sie eine umweltfreundliche Reise!"},"content":{"rendered":"\n<p>Suchen Sie nach der perfekten Idee f\u00fcr ein nachhaltiges Geschenk? Warum nicht eine Reise im Einklang mit der Natur verschenken? Mit der <strong><a href=\"https:\/\/ecobnb.de\/buy-giftcard\" target=\"_blank\" rel=\"noreferrer noopener\">GiftCard von Ecobnb<\/a><\/strong> k\u00f6nnen Sie eine umweltfreundliche Reise, einen Aufenthalt oder ein Erlebnis in der Natur verschenken. Die GiftCard k\u00f6nnen Sie online in wenigen Schritten kaufen und erhalten diese innerhalb von Minuten direkt in Ihrem E-Mail-Postfach.<\/p>\n\n\n\n<p>Der\/die Beschenkte kann den Gutschein innerhalb eines Jahres einl\u00f6sen und aus \u00fcber <strong>dreitausend umweltfreundlichen Unterk\u00fcnften<\/strong> in ganz Italien und weltweit w\u00e4hlen: wundersch\u00f6ne biologische Bauernh\u00f6fe, historische D\u00f6rfer mit \u201eAlberghi Diffusi\u201c, Glamping inmitten der Natur, umweltfreundliche Hotels und emissionsfreie Bed &amp; Breakfasts. Au\u00dferdem k\u00f6nnen Sie eine <strong>pers\u00f6nliche Nachricht<\/strong> zu Ihrem Geschenkgutschein hinzuf\u00fcgen.<\/p>\n\n\n\n<h4>Was bietet ein \u00d6ko-Aufenthalt im Vergleich zu einem traditionellen Aufenthalt?<\/h4>\n\n\n\n<p>Bio- oder regionale Lebensmittel, saubere Energie, nat\u00fcrliche Seifen, sanfte Mobilit\u00e4t und vieles mehr. Mit der Wahl einer umweltfreundlichen Unterkunft k\u00f6nnen Sie bis zu <strong>8 kg CO2 pro Person und Nacht<\/strong> einsparen \u2013 das entspricht dem Schutz von <a href=\"https:\/\/ecobnb.de\/blog\/baeume-retten-ecobnb-reisen\/\" target=\"_blank\" rel=\"noreferrer noopener\">295 B\u00e4umen<\/a>!<\/p>\n\n\n\n<h4>Worauf warten Sie noch?<\/h4>\n\n\n\n<p>Verschenken Sie eine umweltfreundliche Reise an Ihre Liebsten, indem Sie die <strong><a href=\"https:\/\/ecobnb.de\/buy-giftcard\" target=\"_blank\" rel=\"noreferrer noopener\">GiftCard von Ecobnb<\/a><\/strong> auf dieser Seite kaufen!<\/p>\n\n\n\n<h2>Warum eine umweltfreundliche Reise verschenken?<\/h2>\n\n\n\n<p>Eine Reise ist immer ein besonderes Geschenk. Beim Reisen entdecken wir neue Welten und finden uns selbst wieder. Wir verlieben uns, lassen uns verzaubern. Unsere Meinungen und Vorurteile \u00e4ndern sich. Reisen gibt dem Leben einen Sinn, und wir werden zu neugierigen Entdeckern der Welt. Wie Omar Khayyam sagt: \u201e<em><a href=\"https:\/\/ecobnb.de\/blog\/zitate-gedanken-aphorismen-reisen\/\" target=\"_blank\" rel=\"noreferrer noopener\">Beim Reisen leben wir zweimal<\/a><\/em>.\u201c<\/p>\n\n\n\n<p>Dar\u00fcber hinaus senden Sie mit der Entscheidung, ein nachhaltiges Reiseerlebnis zu verschenken, eine wichtige Botschaft des Respekts f\u00fcr unseren Planeten Erde und die M\u00f6glichkeit, \u00f6kologische Lebensstile zu entdecken.<\/p>\n\n\n\n<h2>Wie wird der Geschenkgutschein verschickt?<\/h2>\n\n\n\n<p>Der Geschenkgutschein oder die GiftCard wird per E-Mail an die Adresse gesendet, die Sie beim Kauf angeben. Der Gutschein wird Ihnen nur wenige Minuten nach der Bezahlung in Ihrem E-Mail-Postfach zugestellt.<\/p>\n\n\n\n<h2>Wie funktioniert der Geschenkgutschein?<\/h2>\n\n\n\n<ol><li><strong><a href=\"https:\/\/ecobnb.de\/buy-giftcard\" target=\"_blank\" rel=\"noreferrer noopener\">Gehen Sie auf diese Seite<\/a><\/strong>, w\u00e4hlen Sie den gew\u00fcnschten Betrag aus, w\u00e4hlen Sie ein Thema (z. B. Weihnachten oder Geburtstag), schreiben Sie eine Gl\u00fcckwunschbotschaft (falls Sie den Gutschein personalisieren m\u00f6chten), geben Sie den Namen des Empf\u00e4ngers an und schlie\u00dfen Sie den Kauf ab.<\/li><li><strong>Erhalten Sie den Geschenkgutschein per E-Mail<\/strong>, zusammen mit dem Code und allen Informationen zur Nutzung. Sie k\u00f6nnen den Gutschein ausdrucken und kreativ verpacken (wie wir unten vorschlagen) oder digital (z. B. per E-Mail oder WhatsApp) an die Person senden, die ihn erhalten soll.<\/li><li><strong>Der\/die Beschenkte kann den Geschenkgutschein frei nutzen<\/strong>, indem er\/sie <strong><a href=\"https:\/\/ecobnb.de\" target=\"_blank\" rel=\"noreferrer noopener\">auf diese Seite geht<\/a><\/strong> und aus \u00fcber <strong>dreitausend umweltfreundlichen Unterk\u00fcnften<\/strong> in ganz Italien und weltweit w\u00e4hlt. Er\/sie kann Verf\u00fcgbarkeitsanfragen an mehrere Gastgeber senden, den Code des Geschenkgutscheins angeben und anschlie\u00dfend die bevorzugte Unterkunft ausw\u00e4hlen. \u00dcber den Online-Chat auf der Website oder per E-Mail steht das <strong>Ecobnb-Team<\/strong> zur Verf\u00fcgung, um Ratschl\u00e4ge, Buchungshilfe und Tipps zu Reiserouten und Sehensw\u00fcrdigkeiten zu bieten.<\/li><\/ol>\n\n\n\n<h2>Hat der Geschenkgutschein eine G\u00fcltigkeitsdauer?<\/h2>\n\n\n\n<p>Ja, die Geschenkgutscheine sind <strong>12 Monate ab Ausstellungsdatum<\/strong> g\u00fcltig und k\u00f6nnen innerhalb dieses Zeitraums auf Ecobnb eingel\u00f6st werden.<\/p>\n\n\n\n<h2>Warum ein umweltfreundliches Reiseerlebnis?<\/h2>\n\n\n\n<p>Weil der Tourismus die <strong>viertgr\u00f6\u00dfte Ursache f\u00fcr Umweltverschmutzung<\/strong> ist und es immer besser ist, unsere Urlaube verantwortungsvoll zu gestalten. Das bedeutet, den \u00f6kologischen Fu\u00dfabdruck zu minimieren, indem man umweltfreundliche Unterk\u00fcnfte und nachhaltige Verkehrsmittel w\u00e4hlt, in Kontakt mit der lokalen Realit\u00e4t tritt, weniger touristische Ziele entdeckt, die lokale Wirtschaft f\u00f6rdert und authentische Erlebnisse genie\u00dft, wie beispielsweise in einem \u201eAlbergo Diffuso\u201c in einem kleinen italienischen Dorf.<\/p>\n\n\n\n<h2>Wie verpacken Sie Ihr Geschenk?<\/h2>\n\n\n\n<p>Eine zus\u00e4tzliche Idee, um eine originelle Verpackung f\u00fcr Ihr Geschenk zu gestalten: Sie k\u00f6nnen es zu Hause in wenigen Minuten mit recyceltem Karton und Materialien, die Sie zur Hand haben, basteln.<\/p>\n\n\n\n<h4>Geschenk-K\u00f6fferchen: F\u00fcr eine kreative Verpackung Ihrer Reise k\u00f6nnen Sie ein kleines Geschenk-K\u00f6fferchen aus recyceltem Karton basteln.<\/h4>\n\n\n\n<figure class=\"wp-container-2 wp-block-gallery-1 wp-block-gallery has-nested-images columns-default is-cropped\">\n<figure class=\"wp-block-image size-large\"><img width=\"270\" height=\"200\" data-id=\"5604\"  src=\"https:\/\/ecobnb.de\/blog\/app\/uploads\/sites\/4\/2025\/01\/ValigettaEcobnb2-270x200.png.webp\" alt=\"Geschenk-K\u00f6fferchen\" class=\"wp-image-5604\"\/><\/figure>\n\n\n\n<figure class=\"wp-block-image size-large\"><img width=\"270\" height=\"200\" data-id=\"5603\"  src=\"https:\/\/ecobnb.de\/blog\/app\/uploads\/sites\/4\/2025\/01\/Regalo-1-270x200.jpg.webp\" alt=\"Geschenk-K\u00f6fferchen\" class=\"wp-image-5603\"\/><\/figure>\n\n\n\n<figure class=\"wp-block-image size-large\"><img width=\"870\" height=\"490\" data-id=\"5605\"  src=\"https:\/\/ecobnb.de\/blog\/app\/uploads\/sites\/4\/2025\/01\/ValigettaEcobnb2.png-870x490.webp\" alt=\"Geschenk-K\u00f6fferchen\" class=\"wp-image-5605\" srcset=\"https:\/\/ecobnb.de\/blog\/app\/uploads\/sites\/4\/2025\/01\/ValigettaEcobnb2.png-870x490.webp 870w, https:\/\/ecobnb.de\/blog\/app\/uploads\/sites\/4\/2025\/01\/ValigettaEcobnb2.png-570x320.webp 570w\" sizes=\"(max-width: 870px) 100vw, 870px\" \/><\/figure>\n<\/figure>\n\n\n\n<h4>Was wird ben\u00f6tigt?<\/h4>\n\n\n\n<p>Recycelter Karton, Schere, Klebstoff.<\/p>\n\n\n\n<ol><li>Drucken Sie die Vorlagen unten aus (oder zeichnen Sie sie) auf recyceltem Karton.<\/li><li>Schneiden Sie die Profile entlang der durchgezogenen Linien aus.<\/li><li>Falten Sie entlang der gestrichelten Linien und kleben Sie die Ecken zusammen, um die untere und obere H\u00e4lfte des Koffers zu formen.<\/li><li>Legen Sie den Geschenkgutschein und eine kleine Nachricht in den Koffer und verschlie\u00dfen Sie ihn.<\/li><li>F\u00fcr den Henkel schneiden Sie ein kleines St\u00fcck Papier aus und kleben es an die schmale Seite des Koffers.<\/li><\/ol>\n\n\n\n<p>Zum Schluss k\u00f6nnen Sie ein buntes Band um das K\u00f6fferchen binden, um die Verpackung zu versch\u00f6nern.<\/p>\n\n\n\n<figure class=\"wp-block-image size-full\"><img width=\"2560\" height=\"1810\" src=\"https:\/\/ecobnb.de\/blog\/app\/uploads\/sites\/4\/2025\/01\/ValigettaEcobnb.png-scaled.webp\" alt=\"Geschenk-K\u00f6fferchen\" class=\"wp-image-5606\" srcset=\"https:\/\/ecobnb.de\/blog\/app\/uploads\/sites\/4\/2025\/01\/ValigettaEcobnb.png-scaled.webp 2560w, https:\/\/ecobnb.de\/blog\/app\/uploads\/sites\/4\/2025\/01\/ValigettaEcobnb.png-536x379.webp 536w, https:\/\/ecobnb.de\/blog\/app\/uploads\/sites\/4\/2025\/01\/ValigettaEcobnb.png-768x543.webp 768w, https:\/\/ecobnb.de\/blog\/app\/uploads\/sites\/4\/2025\/01\/ValigettaEcobnb.png-1536x1086.webp 1536w, https:\/\/ecobnb.de\/blog\/app\/uploads\/sites\/4\/2025\/01\/ValigettaEcobnb.png-2048x1448.webp 2048w, https:\/\/ecobnb.de\/blog\/app\/uploads\/sites\/4\/2025\/01\/ValigettaEcobnb.png-344x243.webp 344w\" sizes=\"(max-width: 2560px) 100vw, 2560px\" \/><\/figure>\n\n\n\n<figure class=\"wp-block-image size-full\"><img width=\"1810\" height=\"2560\" src=\"https:\/\/ecobnb.de\/blog\/app\/uploads\/sites\/4\/2025\/01\/ValigettaEcobnb2.png-1-scaled.webp\" alt=\"Geschenk-K\u00f6fferchen\" class=\"wp-image-5607\" srcset=\"https:\/\/ecobnb.de\/blog\/app\/uploads\/sites\/4\/2025\/01\/ValigettaEcobnb2.png-1-scaled.webp 1810w, https:\/\/ecobnb.de\/blog\/app\/uploads\/sites\/4\/2025\/01\/ValigettaEcobnb2.png-1-536x758.webp 536w, https:\/\/ecobnb.de\/blog\/app\/uploads\/sites\/4\/2025\/01\/ValigettaEcobnb2.png-1-768x1086.webp 768w, https:\/\/ecobnb.de\/blog\/app\/uploads\/sites\/4\/2025\/01\/ValigettaEcobnb2.png-1-1086x1536.webp 1086w, https:\/\/ecobnb.de\/blog\/app\/uploads\/sites\/4\/2025\/01\/ValigettaEcobnb2.png-1-1448x2048.webp 1448w, https:\/\/ecobnb.de\/blog\/app\/uploads\/sites\/4\/2025\/01\/ValigettaEcobnb2.png-1-344x487.webp 344w\" sizes=\"(max-width: 1810px) 100vw, 1810px\" \/><\/figure>\n","protected":false},"excerpt":{"rendered":"<p>Suchen Sie nach der perfekten Idee f\u00fcr ein nachhaltiges Geschenk? Warum nicht eine Reise im Einklang mit der Natur verschenken? Mit der GiftCard von Ecobnb k\u00f6nnen Sie eine umweltfreundliche Reise, einen Aufenthalt oder ein Erlebnis in der Natur verschenken. Die GiftCard k\u00f6nnen Sie online in wenigen Schritten kaufen und erhalten diese innerhalb von Minuten direkt [&hellip;]<\/p>\n","protected":false},"author":3,"featured_media":5602,"parent":0,"menu_order":0,"comment_status":"closed","ping_status":"closed","template":"","meta":[],"acf":[],"yoast_head":"<!-- This site is optimized with the Yoast SEO plugin v19.9 - https:\/\/yoast.com\/wordpress\/plugins\/seo\/ -->\n<title>Verschenken Sie eine umweltfreundliche Reise! - Ecobnb<\/title>\n<meta name=\"description\" content=\"M\u00f6chten Sie ein Geschenk machen und haben sich noch nicht entschieden, was es sein soll? Verschenken Sie eine umweltfreundliche Reise\" \/>\n<meta name=\"robots\" content=\"index, follow, max-snippet:-1, max-image-preview:large, max-video-preview:-1\" \/>\n<link rel=\"canonical\" href=\"https:\/\/ecobnb.de\/blog\/geschenk-umweltfreundliche-reise\/\" \/>\n<meta property=\"og:locale\" content=\"de_DE\" \/>\n<meta property=\"og:type\" content=\"article\" \/>\n<meta property=\"og:title\" content=\"Verschenken Sie eine umweltfreundliche Reise! - Ecobnb\" \/>\n<meta property=\"og:description\" content=\"M\u00f6chten Sie ein Geschenk machen und haben sich noch nicht entschieden, was es sein soll? Verschenken Sie eine umweltfreundliche Reise\" \/>\n<meta property=\"og:url\" content=\"https:\/\/ecobnb.de\/blog\/geschenk-umweltfreundliche-reise\/\" \/>\n<meta property=\"og:site_name\" content=\"Ecobnb\" \/>\n<meta property=\"article:modified_time\" content=\"2025-01-10T07:59:21+00:00\" \/>\n<meta property=\"og:image\" content=\"https:\/\/ecobnb.de\/blog\/app\/uploads\/sites\/4\/2025\/01\/travel-gift.jpg\" \/>\n\t<meta property=\"og:image:width\" content=\"1170\" \/>\n\t<meta property=\"og:image:height\" content=\"490\" \/>\n\t<meta property=\"og:image:type\" content=\"image\/jpeg\" \/>\n<meta name=\"twitter:card\" content=\"summary_large_image\" \/>\n<meta name=\"twitter:label1\" content=\"Est. reading time\" \/>\n\t<meta name=\"twitter:data1\" content=\"5 minutes\" \/>\n<!-- \/ Yoast SEO plugin. -->","yoast_head_json":{"title":"Verschenken Sie eine umweltfreundliche Reise! - Ecobnb","description":"M\u00f6chten Sie ein Geschenk machen und haben sich noch nicht entschieden, was es sein soll? Verschenken Sie eine umweltfreundliche Reise","robots":{"index":"index","follow":"follow","max-snippet":"max-snippet:-1","max-image-preview":"max-image-preview:large","max-video-preview":"max-video-preview:-1"},"canonical":"https:\/\/ecobnb.de\/blog\/geschenk-umweltfreundliche-reise\/","og_locale":"de_DE","og_type":"article","og_title":"Verschenken Sie eine umweltfreundliche Reise! - Ecobnb","og_description":"M\u00f6chten Sie ein Geschenk machen und haben sich noch nicht entschieden, was es sein soll? Verschenken Sie eine umweltfreundliche Reise","og_url":"https:\/\/ecobnb.de\/blog\/geschenk-umweltfreundliche-reise\/","og_site_name":"Ecobnb","article_modified_time":"2025-01-10T07:59:21+00:00","og_image":[{"width":1170,"height":490,"url":"https:\/\/ecobnb.de\/blog\/app\/uploads\/sites\/4\/2025\/01\/travel-gift.jpg","type":"image\/jpeg"}],"twitter_card":"summary_large_image","twitter_misc":{"Est. reading time":"5 minutes"},"schema":{"@context":"https:\/\/schema.org","@graph":[{"@type":"WebPage","@id":"https:\/\/ecobnb.de\/blog\/geschenk-umweltfreundliche-reise\/","url":"https:\/\/ecobnb.de\/blog\/geschenk-umweltfreundliche-reise\/","name":"Verschenken Sie eine umweltfreundliche Reise! - Ecobnb","isPartOf":{"@id":"https:\/\/ecobnb.de\/blog\/#website"},"datePublished":"2025-01-07T15:09:48+00:00","dateModified":"2025-01-10T07:59:21+00:00","description":"M\u00f6chten Sie ein Geschenk machen und haben sich noch nicht entschieden, was es sein soll? Verschenken Sie eine umweltfreundliche Reise","breadcrumb":{"@id":"https:\/\/ecobnb.de\/blog\/geschenk-umweltfreundliche-reise\/#breadcrumb"},"inLanguage":"de-DE","potentialAction":[{"@type":"ReadAction","target":["https:\/\/ecobnb.de\/blog\/geschenk-umweltfreundliche-reise\/"]}]},{"@type":"BreadcrumbList","@id":"https:\/\/ecobnb.de\/blog\/geschenk-umweltfreundliche-reise\/#breadcrumb","itemListElement":[{"@type":"ListItem","position":1,"name":"Home","item":"https:\/\/ecobnb.de\/blog\/"},{"@type":"ListItem","position":2,"name":"Verschenken Sie eine umweltfreundliche Reise!"}]},{"@type":"WebSite","@id":"https:\/\/ecobnb.de\/blog\/#website","url":"https:\/\/ecobnb.de\/blog\/","name":"Ecobnb","description":"Find sustainable accommodation","potentialAction":[{"@type":"SearchAction","target":{"@type":"EntryPoint","urlTemplate":"https:\/\/ecobnb.de\/blog\/?s={search_term_string}"},"query-input":"required name=search_term_string"}],"inLanguage":"de-DE"}]}},"_links":{"self":[{"href":"https:\/\/ecobnb.de\/blog\/wp-json\/wp\/v2\/pages\/5601"}],"collection":[{"href":"https:\/\/ecobnb.de\/blog\/wp-json\/wp\/v2\/pages"}],"about":[{"href":"https:\/\/ecobnb.de\/blog\/wp-json\/wp\/v2\/types\/page"}],"author":[{"embeddable":true,"href":"https:\/\/ecobnb.de\/blog\/wp-json\/wp\/v2\/users\/3"}],"replies":[{"embeddable":true,"href":"https:\/\/ecobnb.de\/blog\/wp-json\/wp\/v2\/comments?post=5601"}],"version-history":[{"count":2,"href":"https:\/\/ecobnb.de\/blog\/wp-json\/wp\/v2\/pages\/5601\/revisions"}],"predecessor-version":[{"id":5610,"href":"https:\/\/ecobnb.de\/blog\/wp-json\/wp\/v2\/pages\/5601\/revisions\/5610"}],"wp:featuredmedia":[{"embeddable":true,"href":"https:\/\/ecobnb.de\/blog\/wp-json\/wp\/v2\/media\/5602"}],"wp:attachment":[{"href":"https:\/\/ecobnb.de\/blog\/wp-json\/wp\/v2\/media?parent=5601"}],"curies":[{"name":"wp","href":"https:\/\/api.w.org\/{rel}","templated":true}]}}