{"id":6244,"date":"2025-11-02T12:23:47","date_gmt":"2025-11-02T11:23:47","guid":{"rendered":"https:\/\/ecobnb.de\/blog\/?page_id=6244"},"modified":"2025-11-02T12:33:20","modified_gmt":"2025-11-02T11:33:20","slug":"geschichte","status":"publish","type":"page","link":"https:\/\/ecobnb.de\/blog\/geschichte\/","title":{"rendered":"Unsere Geschichte: Wie Ecobnb entstand"},"content":{"rendered":"<h2>Wie Ecobnb entstand \u2013 das Abenteuer, um die Art zu reisen zu verbessern, um den Tourismus nachhaltiger zu gestalten, respektvoll gegen\u00fcber der Umwelt, den Orten und den lokalen Gemeinschaften. Hier m\u00f6chten wir unsere Geschichte erz\u00e4hlen, wer wir sind und warum wir es tun<\/h2>\n<p>Wir sind Simone und Silvia, und 2013 beschlossen wir, unser Leben zu revolutionieren, indem wir <strong>Ecobnb<\/strong> gr\u00fcndeten: einen Ort, an dem <strong>verantwortungsbewusste Reisende<\/strong> auf <strong>umweltfreundliche Unterk\u00fcnfte<\/strong> treffen, die jeden Tag in eine bessere Zukunft investieren.<\/p>\n<p><span style=\"color: initial;\">Das Projekt entstand aus unserem <strong>pers\u00f6nlichen Weg<\/strong>: Bereits engagiert in einer nachhaltigen Einkaufsgruppe, leidenschaftlich in Bioarchitektur, Bio-Produkten und Zero Waste, wollten wir <strong>auch auf Reisen bessere Entscheidungen m\u00f6glich machen<\/strong>.<\/span><\/p>\n<div id=\"attachment_6247\" class=\"thumbnail alignnone\"><img class=\"size-large wp-image-6247\" src=\"https:\/\/ecobnb.de\/blog\/app\/uploads\/sites\/4\/2025\/11\/Silvia-Simone-Ecobnb-Ecobnb-ok-1-870x490.jpg\" alt=\"Silvia und Simone, Gr\u00fcnder von Ecobnb. Silvia, gro\u00dfe Naturliebhaberin und Reiseliebhaberin, k\u00fcmmert sich um Kommunikation. Simone, Technik- und IT-Enthusiast, ist CEO von Ecobnb.\" width=\"870\" height=\"490\" srcset=\"https:\/\/ecobnb.de\/blog\/app\/uploads\/sites\/4\/2025\/11\/Silvia-Simone-Ecobnb-Ecobnb-ok-1-870x490.jpg 870w, https:\/\/ecobnb.de\/blog\/app\/uploads\/sites\/4\/2025\/11\/Silvia-Simone-Ecobnb-Ecobnb-ok-1-570x320.jpg 570w\" sizes=\"(max-width: 870px) 100vw, 870px\" \/><div class=\"caption\">Silvia und Simone, Gr\u00fcnder von Ecobnb. Silvia, gro\u00dfe Naturliebhaberin und Reiseliebhaberin, k\u00fcmmert sich um Kommunikation. Simone, Technik- und IT-Enthusiast, ist CEO von Ecobnb.<\/div><\/div>\n<h2>Ver\u00e4nderung beginnt bei uns<\/h2>\n<p data-start=\"2051\" data-end=\"2232\">Wir stellten fest, dass vieles nicht funktionierte, und es war keine Option, dies zu ignorieren. Also beschlossen wir, den <strong data-start=\"2167\" data-end=\"2190\">ersten Schritt zu machen<\/strong>, \u00fcberzeugt, dass <strong>jede kleine Geste z\u00e4hlt<\/strong> und einen Unterschied machen kann. Daraus entstand unser t\u00e4gliches Engagement: <strong>den Tourismus nachhaltiger<\/strong>, freundlich und <strong>respektvoll gegen\u00fcber dem Planeten<\/strong> zu gestalten.<\/p>\n<p data-start=\"2234\" data-end=\"2309\">Wie Gandhi sagte:<br data-start=\"2253\" data-end=\"2256\" \/><strong data-start=\"2256\" data-end=\"2307\">\u201eSei du selbst die Ver\u00e4nderung, die du in der Welt sehen m\u00f6chtest.\u201c<\/strong><\/p>\n<div class=\"embed-container\"><iframe loading=\"lazy\" title=\"ViaggiVerdi\" width=\"1170\" height=\"658\" src=\"https:\/\/www.youtube.com\/embed\/BVTWCt3ic7E?feature=oembed&#038;enablejsapi=1&#038;origin=https:\/\/ecobnb.de\" frameborder=\"0\" allow=\"accelerometer; autoplay; clipboard-write; encrypted-media; gyroscope; picture-in-picture; web-share\" referrerpolicy=\"strict-origin-when-cross-origin\" allowfullscreen><\/iframe><\/div>\n<h2>Wo alles begann<\/h2>\n<p><img class=\"size-full wp-image-6248 alignright\" src=\"https:\/\/ecobnb.de\/blog\/app\/uploads\/sites\/4\/2025\/11\/Simone.png\" alt=\"Simone Riccardi\" width=\"536\" height=\"421\" srcset=\"https:\/\/ecobnb.de\/blog\/app\/uploads\/sites\/4\/2025\/11\/Simone.png 536w, https:\/\/ecobnb.de\/blog\/app\/uploads\/sites\/4\/2025\/11\/Simone-344x270.png 344w\" sizes=\"(max-width: 536px) 100vw, 536px\" \/><\/p>\n<blockquote><p>&#8222;Alles begann mit einer frustrierenden Suche: Ich suchte eine <strong data-start=\"2529\" data-end=\"2553\">nachhaltige Unterkunft<\/strong> f\u00fcr eine Konferenz in Potenza, und nach Stunden des Versuchs war die einzige L\u00f6sung ein Kloster.<\/p>\n<p><span style=\"font-size: revert; color: initial;\">In diesem Moment erkannte ich, dass <\/span><strong style=\"font-size: revert; color: initial;\">ein Werkzeug fehlte, um<\/strong> <strong style=\"font-size: revert; color: initial;\" data-start=\"2711\" data-end=\"2756\">umweltfreundliches Reisen einfach und zug\u00e4nglich zu machen<\/strong><span style=\"font-size: revert; color: initial;\">. <\/span><\/p>\n<p><span style=\"font-size: revert; color: initial;\">Einige Jahre sp\u00e4ter, als ich an der Website der Bed &amp; Breakfasts in Parma arbeitete, testete ich ein <\/span><strong style=\"font-size: revert; color: initial;\">Suchkriterium basierend auf Nachhaltigkeit<\/strong><span style=\"font-size: revert; color: initial;\">: es funktionierte so gut, dass die Idee entstand, ein Portal f\u00fcr alle umweltfreundlichen Unterk\u00fcnfte in Italien zu schaffen.<\/span><\/p>\n<p><span style=\"font-size: revert; color: initial;\">So entstand Ende Mai 2013 <\/span><strong style=\"font-size: revert; color: initial;\" data-start=\"3041\" data-end=\"3059\">ViaggiVerdi<\/strong><span style=\"font-size: revert; color: initial;\">, das 2014 zu <\/span><strong style=\"font-size: revert; color: initial;\" data-start=\"3082\" data-end=\"3092\">Ecobnb<\/strong><span style=\"font-size: revert; color: initial;\"> wurde. Heute sind wir die gr\u00f6\u00dfte Gemeinschaft f\u00fcr <\/span><strong style=\"font-size: revert; color: initial;\" data-start=\"3132\" data-end=\"3165\">nachhaltigen Tourismus in Europa<\/strong><span style=\"font-size: revert; color: initial;\">, mit \u00fcber 3.000 Unterk\u00fcnften, die sich durch ihr Umweltengagement und <\/span><a style=\"font-size: revert;\" href=\"https:\/\/ecobnb.de\/blog\/baeume-retten-ecobnb-reisen\/\" target=\"_blank\" rel=\"noopener\">konkrete Ma\u00dfnahmen zur Reduzierung ihres \u00f6kologischen Fu\u00dfabdrucks<\/a><span style=\"font-size: revert; color: initial;\"> auszeichnen. <\/span><\/p>\n<p><strong style=\"font-size: revert; color: initial;\" data-start=\"3301\" data-end=\"3324\">Mach auch du mit:<\/strong><span style=\"font-size: revert; color: initial;\"> erz\u00e4hle es deinen Freunden, buche deinen gr\u00fcnen Aufenthalt oder melde umweltfreundliche Unterk\u00fcnfte, die du kennst. Jede kleine Geste z\u00e4hlt!&#8220; <\/span><\/p>\n<p><span style=\"font-size: revert; color: initial;\">Simone Riccardi, Gr\u00fcnder von Ecobnb<\/span><\/p><\/blockquote>\n<h2>Ecobnb heute<\/h2>\n<div class=\"embed-container\"><iframe loading=\"lazy\" title=\"Ecobnb - the community of Sustainable Tourism\" width=\"1170\" height=\"658\" src=\"https:\/\/www.youtube.com\/embed\/Au1RewRlWxs?feature=oembed&#038;enablejsapi=1&#038;origin=https:\/\/ecobnb.de\" frameborder=\"0\" allow=\"accelerometer; autoplay; clipboard-write; encrypted-media; gyroscope; picture-in-picture; web-share\" referrerpolicy=\"strict-origin-when-cross-origin\" allowfullscreen><\/iframe><\/div>\n<p>Ecobnb ist <strong>die Anlaufstelle f\u00fcr alle, die umweltfreundliche Unterk\u00fcnfte suchen<\/strong>, aber auch der richtige Ort, um Tipps zu finden \u00fcber:<\/p>\n<ul>\n<li><strong>Langsame Reiserouten<\/strong>, zu Fu\u00df, mit dem Fahrrad oder zu Pferd,<\/li>\n<li><strong>Weniger bekannte<\/strong> und <strong>authentischere Orte<\/strong>, nachhaltig zu entdecken,<\/li>\n<li><strong>Bewusster reisen<\/strong> und den Planeten respektieren.<\/li>\n<\/ul>\n<p data-start=\"2657\" data-end=\"2885\">Tourismus ist eine der Hauptursachen f\u00fcr Umweltverschmutzung, und Ecobnb entstand, um bewussten Reisenden <strong data-start=\"3738\" data-end=\"3774\">kleine nachhaltige Unterk\u00fcnfte<\/strong> zu vermitteln, die Sichtbarkeit f\u00fcr diejenigen zu schaffen, die bereits leidenschaftlich f\u00fcr eine bessere Zukunft arbeiten. Mit Ecobnb kannst du ganz einfach jede Art von <strong data-start=\"3903\" data-end=\"3929\">umweltfreundlichem Aufenthalt<\/strong> buchen: Bauernh\u00f6fe inmitten der Natur, Baumh\u00e4user, emissionsfreie H\u00fctten oder verstreute Hotels in alten D\u00f6rfern.<\/p>\n<p data-start=\"4048\" data-end=\"4208\">Jeder Aufenthalt tr\u00e4gt dazu bei, <a href=\"https:\/\/ecobnb.de\/blog\/baeume\/\" target=\"_blank\" rel=\"noopener\"><strong data-start=\"4078\" data-end=\"4125\">Verbrauch, Verschwendung und CO\u2082-Emissionen zu reduzieren<\/strong><\/a>, bis zu 8 kg pro Person und Tag, was <strong data-start=\"4179\" data-end=\"4202\">295 gepflanzten B\u00e4umen<\/strong> entspricht!<\/p>\n<h2 data-start=\"3151\" data-end=\"3365\">Wachstum und Projekte<\/h2>\n<p><img class=\"alignnone size-full wp-image-6250\" src=\"https:\/\/ecobnb.de\/blog\/app\/uploads\/sites\/4\/2025\/11\/untwo-2017-madrid.jpg\" alt=\"untwo 2017 madrid\" width=\"870\" height=\"490\" srcset=\"https:\/\/ecobnb.de\/blog\/app\/uploads\/sites\/4\/2025\/11\/untwo-2017-madrid.jpg 870w, https:\/\/ecobnb.de\/blog\/app\/uploads\/sites\/4\/2025\/11\/untwo-2017-madrid-536x302.jpg 536w, https:\/\/ecobnb.de\/blog\/app\/uploads\/sites\/4\/2025\/11\/untwo-2017-madrid-768x433.jpg 768w, https:\/\/ecobnb.de\/blog\/app\/uploads\/sites\/4\/2025\/11\/untwo-2017-madrid-570x320.jpg 570w, https:\/\/ecobnb.de\/blog\/app\/uploads\/sites\/4\/2025\/11\/untwo-2017-madrid-344x194.jpg 344w\" sizes=\"(max-width: 870px) 100vw, 870px\" \/><\/p>\n<p data-start=\"3402\" data-end=\"3625\"><span style=\"color: initial;\">Dank des <\/span><a href=\"https:\/\/ecobnb.it\/blog\/2014\/05\/ecodots-unione-europea-turismo-sostenibile\/\" target=\"_blank\" rel=\"noopener\">europ\u00e4ischen<\/a><a href=\"https:\/\/ecobnb.it\/blog\/2014\/05\/ecodots-unione-europea-turismo-sostenibile\/\" target=\"_blank\" rel=\"noopener\"> P<\/a><a href=\"https:\/\/ecobnb.it\/blog\/2014\/05\/ecodots-unione-europea-turismo-sostenibile\/\" target=\"_blank\" rel=\"noopener\">rojekts<\/a><a href=\"https:\/\/ecobnb.it\/blog\/2014\/05\/ecodots-unione-europea-turismo-sostenibile\/\" target=\"_blank\" rel=\"noopener\"> EcoDots<\/a><span style=\"color: initial;\"> konnte sich Ecobnb international ausdehnen, mehr als 60 L\u00e4nder vereinen und die Nachhaltigkeitskriterien an die wichtigsten Umweltzertifikate anpassen.<\/span><\/p>\n<p data-start=\"3627\" data-end=\"3830\">2017 erhielt die <strong data-start=\"3638\" data-end=\"3677\">Welttourismusorganisation<\/strong> von uns den <a href=\"https:\/\/ecobnb.it\/blog\/2017\/01\/unwto-awards-turismo-sostenibile\/\" target=\"_blank\" rel=\"noopener\">UNWTO Award<\/a> f\u00fcr Innovation und Nachhaltigkeit, ein wichtiger Meilenstein, der uns motivierte, weiterhin zu innovieren und unsere Community zu st\u00e4rken.<\/p>\n<p data-start=\"3832\" data-end=\"4099\">W\u00e4hrend der Pandemie 2020, als der weltweite Tourismus zum Stillstand kam, wuchs das Bewusstsein, dass unser Wohlbefinden eng mit dem des Planeten verbunden ist. So unterst\u00fctzten wir weiterhin umweltfreundliche Unterk\u00fcnfte mit <strong data-start=\"3962\" data-end=\"4026\">Workshops, Online-Schulungen und einem <\/strong><a href=\"https:\/\/ecobnb.it\/blog\/partner-convenzionati\/\" target=\"_blank\" rel=\"noopener\">Katalog gr\u00fcner Anbieter<\/a> und verwandelten eine Krise in eine Chance f\u00fcr Wachstum und Nachhaltigkeit.<\/p>\n<p data-start=\"4101\" data-end=\"4372\">In den letzten Jahren haben wir <strong data-start=\"4136\" data-end=\"4171\">konkrete Projekte f\u00fcr die Natur<\/strong> gestartet: Pflanzungen einheimischer B\u00e4ume mit Bauernh\u00f6fen und H\u00fctern, sowie die Schaffung von Jahrhunderte alten W\u00e4ldern in Italien, die Reisende besuchen und mit <a href=\"https:\/\/ecobnb.de\/shop\" target=\"_blank\" rel=\"noopener\"><strong>Ecobnb-Geschenkkarten<\/strong><\/a> unterst\u00fctzen k\u00f6nnen.<\/p>\n<div id=\"attachment_50060\" class=\"thumbnail alignnone\"><img class=\"wp-image-50060 size-large\" src=\"https:\/\/ecobnb.it\/blog\/app\/uploads\/sites\/2\/2020\/04\/biodiversit\u00e0-foreste-870x490.jpg\" alt=\"W\u00e4lder und Biodiversit\u00e4t\" width=\"870\" height=\"490\" \/><div class=\"caption\">Foto via Canva PRO<\/div><\/div>\n<h2 data-start=\"4403\" data-end=\"4667\">Komm mit uns<\/h2>\n<p data-start=\"4403\" data-end=\"4667\">Mit Ecobnb m\u00f6chten wir zeigen, dass <strong data-start=\"4438\" data-end=\"4472\">ein anderer Tourismus m\u00f6glich ist<\/strong>, der auf Respekt f\u00fcr den Planeten und seine Bewohner basiert. <strong>Jede nachhaltige Entscheidung<\/strong>, jede bewusste Reise, jede umweltfreundliche Unterkunft, die wir gemeinsam besuchen, ist ein Schritt zu einer besseren Welt.<\/p>\n<p data-start=\"4669\" data-end=\"4685\">Kommst du mit?<\/p>\n<p style=\"text-align: right;\" data-start=\"4669\" data-end=\"4685\"><em>Seite aktualisiert im September 2025<\/em><\/p>\n","protected":false},"excerpt":{"rendered":"<p>Wie Ecobnb entstand \u2013 das Abenteuer, um die Art zu reisen zu verbessern, um den Tourismus nachhaltiger zu gestalten, respektvoll gegen\u00fcber der Umwelt, den Orten und den lokalen Gemeinschaften. Hier m\u00f6chten wir unsere Geschichte erz\u00e4hlen, wer wir sind und warum wir es tun Wir sind Simone und Silvia, und 2013 beschlossen wir, unser Leben zu [&hellip;]<\/p>\n","protected":false},"author":3,"featured_media":6245,"parent":0,"menu_order":0,"comment_status":"closed","ping_status":"closed","template":"","meta":[],"acf":[],"yoast_head":"<!-- This site is optimized with the Yoast SEO plugin v19.9 - https:\/\/yoast.com\/wordpress\/plugins\/seo\/ -->\n<title>Unsere Geschichte: Wie Ecobnb entstand - Ecobnb<\/title>\n<meta name=\"description\" content=\"Entdecke die Geschichte von Ecobnb: wie es aus dem Traum von Simone und Silvia entstand, die gr\u00f6\u00dfte Community f\u00fcr nachhaltigen Tourismus.\" \/>\n<meta name=\"robots\" content=\"index, follow, max-snippet:-1, max-image-preview:large, max-video-preview:-1\" \/>\n<link rel=\"canonical\" href=\"https:\/\/ecobnb.de\/blog\/geschichte\/\" \/>\n<meta property=\"og:locale\" content=\"de_DE\" \/>\n<meta property=\"og:type\" content=\"article\" \/>\n<meta property=\"og:title\" content=\"Unsere Geschichte: Wie Ecobnb entstand - Ecobnb\" \/>\n<meta property=\"og:description\" content=\"Entdecke die Geschichte von Ecobnb: wie es aus dem Traum von Simone und Silvia entstand, die gr\u00f6\u00dfte Community f\u00fcr nachhaltigen Tourismus.\" \/>\n<meta property=\"og:url\" content=\"https:\/\/ecobnb.de\/blog\/geschichte\/\" \/>\n<meta property=\"og:site_name\" content=\"Ecobnb\" \/>\n<meta property=\"article:modified_time\" content=\"2025-11-02T11:33:20+00:00\" \/>\n<meta property=\"og:image\" content=\"https:\/\/ecobnb.de\/blog\/app\/uploads\/sites\/4\/2025\/11\/Die-Geschichte-von-Ecobnb.jpg\" \/>\n\t<meta property=\"og:image:width\" content=\"1170\" \/>\n\t<meta property=\"og:image:height\" content=\"490\" \/>\n\t<meta property=\"og:image:type\" content=\"image\/jpeg\" \/>\n<meta name=\"twitter:card\" content=\"summary_large_image\" \/>\n<meta name=\"twitter:label1\" content=\"Est. reading time\" \/>\n\t<meta name=\"twitter:data1\" content=\"5 minutes\" \/>\n<!-- \/ Yoast SEO plugin. -->","yoast_head_json":{"title":"Unsere Geschichte: Wie Ecobnb entstand - Ecobnb","description":"Entdecke die Geschichte von Ecobnb: wie es aus dem Traum von Simone und Silvia entstand, die gr\u00f6\u00dfte Community f\u00fcr nachhaltigen Tourismus.","robots":{"index":"index","follow":"follow","max-snippet":"max-snippet:-1","max-image-preview":"max-image-preview:large","max-video-preview":"max-video-preview:-1"},"canonical":"https:\/\/ecobnb.de\/blog\/geschichte\/","og_locale":"de_DE","og_type":"article","og_title":"Unsere Geschichte: Wie Ecobnb entstand - Ecobnb","og_description":"Entdecke die Geschichte von Ecobnb: wie es aus dem Traum von Simone und Silvia entstand, die gr\u00f6\u00dfte Community f\u00fcr nachhaltigen Tourismus.","og_url":"https:\/\/ecobnb.de\/blog\/geschichte\/","og_site_name":"Ecobnb","article_modified_time":"2025-11-02T11:33:20+00:00","og_image":[{"width":1170,"height":490,"url":"https:\/\/ecobnb.de\/blog\/app\/uploads\/sites\/4\/2025\/11\/Die-Geschichte-von-Ecobnb.jpg","type":"image\/jpeg"}],"twitter_card":"summary_large_image","twitter_misc":{"Est. reading time":"5 minutes"},"schema":{"@context":"https:\/\/schema.org","@graph":[{"@type":"WebPage","@id":"https:\/\/ecobnb.de\/blog\/geschichte\/","url":"https:\/\/ecobnb.de\/blog\/geschichte\/","name":"Unsere Geschichte: Wie Ecobnb entstand - Ecobnb","isPartOf":{"@id":"https:\/\/ecobnb.de\/blog\/#website"},"datePublished":"2025-11-02T11:23:47+00:00","dateModified":"2025-11-02T11:33:20+00:00","description":"Entdecke die Geschichte von Ecobnb: wie es aus dem Traum von Simone und Silvia entstand, die gr\u00f6\u00dfte Community f\u00fcr nachhaltigen Tourismus.","breadcrumb":{"@id":"https:\/\/ecobnb.de\/blog\/geschichte\/#breadcrumb"},"inLanguage":"de-DE","potentialAction":[{"@type":"ReadAction","target":["https:\/\/ecobnb.de\/blog\/geschichte\/"]}]},{"@type":"BreadcrumbList","@id":"https:\/\/ecobnb.de\/blog\/geschichte\/#breadcrumb","itemListElement":[{"@type":"ListItem","position":1,"name":"Home","item":"https:\/\/ecobnb.de\/blog\/"},{"@type":"ListItem","position":2,"name":"Unsere Geschichte: Wie Ecobnb entstand"}]},{"@type":"WebSite","@id":"https:\/\/ecobnb.de\/blog\/#website","url":"https:\/\/ecobnb.de\/blog\/","name":"Ecobnb","description":"Find sustainable accommodation","potentialAction":[{"@type":"SearchAction","target":{"@type":"EntryPoint","urlTemplate":"https:\/\/ecobnb.de\/blog\/?s={search_term_string}"},"query-input":"required name=search_term_string"}],"inLanguage":"de-DE"}]}},"_links":{"self":[{"href":"https:\/\/ecobnb.de\/blog\/wp-json\/wp\/v2\/pages\/6244"}],"collection":[{"href":"https:\/\/ecobnb.de\/blog\/wp-json\/wp\/v2\/pages"}],"about":[{"href":"https:\/\/ecobnb.de\/blog\/wp-json\/wp\/v2\/types\/page"}],"author":[{"embeddable":true,"href":"https:\/\/ecobnb.de\/blog\/wp-json\/wp\/v2\/users\/3"}],"replies":[{"embeddable":true,"href":"https:\/\/ecobnb.de\/blog\/wp-json\/wp\/v2\/comments?post=6244"}],"version-history":[{"count":3,"href":"https:\/\/ecobnb.de\/blog\/wp-json\/wp\/v2\/pages\/6244\/revisions"}],"predecessor-version":[{"id":6252,"href":"https:\/\/ecobnb.de\/blog\/wp-json\/wp\/v2\/pages\/6244\/revisions\/6252"}],"wp:featuredmedia":[{"embeddable":true,"href":"https:\/\/ecobnb.de\/blog\/wp-json\/wp\/v2\/media\/6245"}],"wp:attachment":[{"href":"https:\/\/ecobnb.de\/blog\/wp-json\/wp\/v2\/media?parent=6244"}],"curies":[{"name":"wp","href":"https:\/\/api.w.org\/{rel}","templated":true}]}}