{"id":6691,"date":"2026-02-28T18:59:30","date_gmt":"2026-02-28T17:59:30","guid":{"rendered":"https:\/\/ecobnb.de\/blog\/?page_id=6691"},"modified":"2026-03-06T11:47:54","modified_gmt":"2026-03-06T10:47:54","slug":"liebe-reisen-zitate-geschenkideen","status":"publish","type":"page","link":"https:\/\/ecobnb.de\/blog\/liebe-reisen-zitate-geschenkideen\/","title":{"rendered":"Liebe und Reisen: Zitate und Geschenkideen f\u00fcr Paare, die die Welt gemeinsam entdecken"},"content":{"rendered":"\n<p>In einen Zug steigen, ohne genau zu wissen, wohin die Reise geht, einen Rucksack zu zweit packen, mit dem Finger auf einer Landkarte zeigen und sagen: \u201eLos geht\u2019s!\u201c<strong> Gemeinsam reisen<\/strong> bedeutet all das und noch viel mehr. Es ist, das Staunen \u00fcber unbekannte Landschaften zu teilen, <strong>gemeinsam zu lernen, sich zu verlieren <\/strong>und die Welt zu entdecken \u2013 aber vor allem, sich jeden Tag aufs Neue zu entdecken. Auf dieser Seite haben wir die sch\u00f6nsten Zitate \u00fcber Liebe und Reisen gesammelt, die du der Person widmen kannst, die du liebst!<\/p>\n\n\n\n<p><strong>Liebe<\/strong> und <strong>Reisen<\/strong> gehen Hand in Hand: Beide erfordern <strong>Mut<\/strong>, Vertrauen und <strong>Entdeckungsfreude<\/strong>. Schriftsteller, Dichter und Denker haben erz\u00e4hlt, wie sehr eine gemeinsame Reise eine Beziehung st\u00e4rken, ver\u00e4ndern und wachsen lassen kann.<\/p>\n\n\n\n<p>Wenn dich diese Zitate zum L\u00e4cheln bringen, warum nicht daraus eine besondere Geste machen? Mit den <a href=\"https:\/\/ecobnb.de\/blog\/geschenkkarte-einzigartiges-geschenk-gruene-erfahrungen\/\" target=\"_blank\" rel=\"noreferrer noopener\">Ecobnb-Geschenkkarten<\/a> kannst du einen Aufenthalt in der Natur verschenken und ihn mit dem <strong>romantischen Zitat<\/strong> verbinden, das eure Geschichte am besten erz\u00e4hlt.<\/p>\n\n\n\n<h2>Die sch\u00f6nsten Zitate und Gedanken \u00fcber Liebe und Reisen<\/h2>\n\n\n\n<h3>Valentinstag<\/h3>\n\n\n\n<figure class=\"wp-block-image size-full\"><img width=\"870\" height=\"490\" src=\"https:\/\/ecobnb.de\/blog\/app\/uploads\/sites\/4\/2026\/02\/3_20260223_202049_0002.png\" alt=\"\" class=\"wp-image-6667\" srcset=\"https:\/\/ecobnb.de\/blog\/app\/uploads\/sites\/4\/2026\/02\/3_20260223_202049_0002.png 870w, https:\/\/ecobnb.de\/blog\/app\/uploads\/sites\/4\/2026\/02\/3_20260223_202049_0002-536x302.png 536w, https:\/\/ecobnb.de\/blog\/app\/uploads\/sites\/4\/2026\/02\/3_20260223_202049_0002-768x433.png 768w, https:\/\/ecobnb.de\/blog\/app\/uploads\/sites\/4\/2026\/02\/3_20260223_202049_0002-570x320.png 570w, https:\/\/ecobnb.de\/blog\/app\/uploads\/sites\/4\/2026\/02\/3_20260223_202049_0002-344x194.png 344w\" sizes=\"(max-width: 870px) 100vw, 870px\" \/><\/figure>\n\n\n\n<p>Geh niemals auf Reisen mit einer Person die du nicht liebst.<\/p>\n\n\n\n<p>(Ernest Hemingway)<\/p>\n\n\n\n<p>Zwei Herzen, ein Koffer, tausend Ziele<\/p>\n\n\n\n<p>(Anonym)<\/p>\n\n\n\n<p>Liebe besteht nicht darin, dass man einander ansieht, sondern dass man gemeinsam in die gleiche Richtung blickt.<\/p>\n\n\n\n<p>(Antoine de Saint-Exup\u00e9ry)<\/p>\n\n\n\n<p>Ich liebe dich nicht&nbsp;nur f\u00fcr das, was&nbsp;du bist,&nbsp;sondern&nbsp;auch f\u00fcr das, was ich&nbsp;bin,&nbsp;wenn&nbsp;ich bei&nbsp;dir bin<\/p>\n\n\n\n<p>(Gabriel Garc\u00eda M\u00e1rquez)<\/p>\n\n\n\n<p>Liebe besteht aus einer einzigen Seele, die&nbsp;zwei K\u00f6rper&nbsp;bewohnt<\/p>\n\n\n\n<p>(Aristoteles)<\/p>\n\n\n\n<p>Wo du bist, ist mein Zuhause.<\/p>\n\n\n\n<p>(Emily Dickinson)<\/p>\n\n\n\n<h3>Frischverm\u00e4hlte<\/h3>\n\n\n\n<figure class=\"wp-block-image size-full\"><img width=\"870\" height=\"490\" src=\"https:\/\/ecobnb.de\/blog\/app\/uploads\/sites\/4\/2026\/02\/4_20260223_202049_0003.png\" alt=\"\" class=\"wp-image-6668\" srcset=\"https:\/\/ecobnb.de\/blog\/app\/uploads\/sites\/4\/2026\/02\/4_20260223_202049_0003.png 870w, https:\/\/ecobnb.de\/blog\/app\/uploads\/sites\/4\/2026\/02\/4_20260223_202049_0003-536x302.png 536w, https:\/\/ecobnb.de\/blog\/app\/uploads\/sites\/4\/2026\/02\/4_20260223_202049_0003-768x433.png 768w, https:\/\/ecobnb.de\/blog\/app\/uploads\/sites\/4\/2026\/02\/4_20260223_202049_0003-570x320.png 570w, https:\/\/ecobnb.de\/blog\/app\/uploads\/sites\/4\/2026\/02\/4_20260223_202049_0003-344x194.png 344w\" sizes=\"(max-width: 870px) 100vw, 870px\" \/><\/figure>\n\n\n\n<p>Die Ehe ist und bleibt die wichtigste Entdeckungsreise die der Mensch unternehmen kann.<\/p>\n\n\n\n<p>(S\u00f8ren Kierkegaard)<\/p>\n\n\n\n<p>Es ist egal, wohin wir gehen, wichtig ist, mit wem.<\/p>\n\n\n\n<p>(Anonym)<\/p>\n\n\n\n<p>Jede Reise erleben wir dreimal: wenn wir davon tr\u00e4umen, wenn wir sie leben und wenn wir uns daran erinnern.<\/p>\n\n\n\n<p>(Anonym)<\/p>\n\n\n\n<p>Gemeinsam reisen bedeutet, jeden Tag jemanden zu w\u00e4hlen, mit dem man den Weg teilt.<\/p>\n\n\n\n<p>(Anonym)<\/p>\n\n\n\n<p>Es gibt Reisen, die man nur mit einem Gep\u00e4ckst\u00fcck unternimmt: dem Herzen.<\/p>\n\n\n\n<p>(Anonym)<\/p>\n\n\n\n<p>Es kommt nicht darauf an, wohin man kommt, sondern wie man gemeinsam geht.<\/p>\n\n\n\n<p>(inspiriert von Henry David Thoreau)<\/p>\n\n\n\n<h3>Jahrestag<\/h3>\n\n\n\n<figure class=\"wp-block-image size-full\"><img width=\"870\" height=\"490\" src=\"https:\/\/ecobnb.de\/blog\/app\/uploads\/sites\/4\/2026\/02\/1_20260223_202049_0000.png\" alt=\"\" class=\"wp-image-6669\" srcset=\"https:\/\/ecobnb.de\/blog\/app\/uploads\/sites\/4\/2026\/02\/1_20260223_202049_0000.png 870w, https:\/\/ecobnb.de\/blog\/app\/uploads\/sites\/4\/2026\/02\/1_20260223_202049_0000-536x302.png 536w, https:\/\/ecobnb.de\/blog\/app\/uploads\/sites\/4\/2026\/02\/1_20260223_202049_0000-768x433.png 768w, https:\/\/ecobnb.de\/blog\/app\/uploads\/sites\/4\/2026\/02\/1_20260223_202049_0000-570x320.png 570w, https:\/\/ecobnb.de\/blog\/app\/uploads\/sites\/4\/2026\/02\/1_20260223_202049_0000-344x194.png 344w\" sizes=\"(max-width: 870px) 100vw, 870px\" \/><\/figure>\n\n\n\n<p>Jedes Jahr zusammen ist eine neue Etappe unserer Reise.<\/p>\n\n\n\n<p>(Anonym)<\/p>\n\n\n\n<p>Das gr\u00f6\u00dfte Abenteuer ist, jemanden zu lieben und ihn Tag f\u00fcr Tag neu zu entdecken.<\/p>\n\n\n\n<p>(Paulo Coelho)<\/p>\n\n\n\n<p>Unsere Liebe ist die Reise, die ich tausendmal wiederholen w\u00fcrde.<\/p>\n\n\n\n<p>(Anonym)<\/p>\n\n\n\n<p>Wir sind viele Wege gegangen, aber ich w\u00fcrde immer wieder deinen w\u00e4hlen.<\/p>\n\n\n\n<p>(Anonym)<\/p>\n\n\n\n<p>Werde alt mit mir! Denn das Beste kommt noch, die Dauer des Lebens, f\u00fcr die der Anfang gemacht war.<\/p>\n\n\n\n<p>(Robert Browning)<\/p>\n\n\n\n<p>Wir sind viele Wege gegangen, aber mein Lieblingsweg ist immer der, der zu dir f\u00fchrt.<\/p>\n\n\n\n<p>(Anonym)<\/p>\n\n\n\n<h3>Paare, die gerne reisen<\/h3>\n\n\n\n<figure class=\"wp-block-image size-full\"><img width=\"870\" height=\"490\" src=\"https:\/\/ecobnb.de\/blog\/app\/uploads\/sites\/4\/2026\/02\/2_20260223_202049_0001.png\" alt=\"\" class=\"wp-image-6670\" srcset=\"https:\/\/ecobnb.de\/blog\/app\/uploads\/sites\/4\/2026\/02\/2_20260223_202049_0001.png 870w, https:\/\/ecobnb.de\/blog\/app\/uploads\/sites\/4\/2026\/02\/2_20260223_202049_0001-536x302.png 536w, https:\/\/ecobnb.de\/blog\/app\/uploads\/sites\/4\/2026\/02\/2_20260223_202049_0001-768x433.png 768w, https:\/\/ecobnb.de\/blog\/app\/uploads\/sites\/4\/2026\/02\/2_20260223_202049_0001-570x320.png 570w, https:\/\/ecobnb.de\/blog\/app\/uploads\/sites\/4\/2026\/02\/2_20260223_202049_0001-344x194.png 344w\" sizes=\"(max-width: 870px) 100vw, 870px\" \/><\/figure>\n\n\n\n<p>Zwei Herzen, eine Karte, unendliche Ziele.<\/p>\n\n\n\n<p>(Anonym)<\/p>\n\n\n\n<p>Die Welt zu erkunden ist sch\u00f6n, sie mit dir zu erkunden ist magisch.<\/p>\n\n\n\n<p>(Anonym)<\/p>\n\n\n\n<p>Mit den Menschen, die&nbsp;wir lieben, zu&nbsp;reisen&nbsp;ist Heimat in&nbsp;Bewegung<\/p>\n\n\n\n<p>(Leigh Hunt)<\/p>\n\n\n\n<p>Wohin wir auch gehen, mein Lieblingsplatz ist neben dir.<\/p>\n\n\n\n<p>(Anonym)<\/p>\n\n\n\n<p>Auf Reisen mit dem, den man liebt, wird jeder Weg zum Zuhause.<\/p>\n\n\n\n<p>(Mark Twain)<\/p>\n\n\n\n<p>Reisen bedeutet, sich selbst zu entdecken, aber gemeinsam zu entdecken ist Magie.<\/p>\n\n\n\n<p>(Paulo Coelho)<\/p>\n\n\n\n<h2>Verwandle Zitate in ein einzigartiges Geschenk<\/h2>\n\n\n\n<figure class=\"wp-block-image size-full\"><img width=\"870\" height=\"490\" src=\"https:\/\/ecobnb.de\/blog\/app\/uploads\/sites\/4\/2026\/02\/gift-card-tematiche-ecobnb.jpg\" alt=\"\" class=\"wp-image-6666\" srcset=\"https:\/\/ecobnb.de\/blog\/app\/uploads\/sites\/4\/2026\/02\/gift-card-tematiche-ecobnb.jpg 870w, https:\/\/ecobnb.de\/blog\/app\/uploads\/sites\/4\/2026\/02\/gift-card-tematiche-ecobnb-536x302.jpg 536w, https:\/\/ecobnb.de\/blog\/app\/uploads\/sites\/4\/2026\/02\/gift-card-tematiche-ecobnb-768x433.jpg 768w, https:\/\/ecobnb.de\/blog\/app\/uploads\/sites\/4\/2026\/02\/gift-card-tematiche-ecobnb-570x320.jpg 570w, https:\/\/ecobnb.de\/blog\/app\/uploads\/sites\/4\/2026\/02\/gift-card-tematiche-ecobnb-344x194.jpg 344w\" sizes=\"(max-width: 870px) 100vw, 870px\" \/><\/figure>\n\n\n\n<p>Ein Reisegeschenk ist eine besondere Geste. Wenn du ein romantisches Zitat hinzuf\u00fcgst, wird es unvergesslich.<\/p>\n\n\n\n<p>Schenke einen Aufenthalt in der Natur und Entspannung mit den Ecobnb-Geschenkkarten und w\u00e4hle das Zitat, das eure Liebe am besten beschreibt.<\/p>\n\n\n\n<ul><li>Perfekt f\u00fcr Frischverm\u00e4hlte oder reisefreudige Paare<\/li><li>Ideal f\u00fcr Jahrestage oder Valentinstag<\/li><li>Nachhaltiges, erfahrungsorientiertes und unvergessliches Geschenk<\/li><\/ul>\n\n\n\n<h2>3 Tipps, um eine unvergessliche Reise zu verschenken<\/h2>\n\n\n\n<figure class=\"wp-block-image size-full\"><img width=\"870\" height=\"490\" src=\"https:\/\/ecobnb.de\/blog\/app\/uploads\/sites\/4\/2026\/02\/GiftCard-10E-Assaperlo-3-870x490.jpg.webp\" alt=\"\" class=\"wp-image-6665\" srcset=\"https:\/\/ecobnb.de\/blog\/app\/uploads\/sites\/4\/2026\/02\/GiftCard-10E-Assaperlo-3-870x490.jpg.webp 870w, https:\/\/ecobnb.de\/blog\/app\/uploads\/sites\/4\/2026\/02\/GiftCard-10E-Assaperlo-3-870x490.jpg-536x302.webp 536w, https:\/\/ecobnb.de\/blog\/app\/uploads\/sites\/4\/2026\/02\/GiftCard-10E-Assaperlo-3-870x490.jpg-768x433.webp 768w, https:\/\/ecobnb.de\/blog\/app\/uploads\/sites\/4\/2026\/02\/GiftCard-10E-Assaperlo-3-870x490.jpg-570x320.webp 570w, https:\/\/ecobnb.de\/blog\/app\/uploads\/sites\/4\/2026\/02\/GiftCard-10E-Assaperlo-3-870x490.jpg-344x194.webp 344w\" sizes=\"(max-width: 870px) 100vw, 870px\" \/><\/figure>\n\n\n\n<ol><li><strong>W\u00e4hle das Reiseziel sorgf\u00e4ltig<\/strong>. Von italienischen D\u00f6rfern inmitten der Natur \u00fcber Glamping\ufffd am Meer bis hin zu Baumh\u00e4usern oder Jurten\u00fcbernachtungen. W\u00e4hle einen Ort, der eure Verbindung widerspiegelt und deinem Partner Freude bereitet.<\/li><li><strong>Begleite die Geschenkkarte mit besonderen Worten<\/strong>. W\u00e4hle ein Zitat oder einen Gedanken, der eure gemeinsame Geschichte erz\u00e4hlt und das Geschenk pers\u00f6nlich und einzigartig macht.<\/li><li><strong>Verwandle den Aufenthalt in ein unvergessliches Erlebnis<\/strong>. Schlage nachhaltige Aktivit\u00e4ten vor: Wandern durch unber\u00fchrte W\u00e4lder, Picknick bei Sonnenuntergang oder Spazierg\u00e4nge entlang der K\u00fcste. Jedes Detail wird zu einer bleibenden Erinnerung.<\/li><\/ol>\n\n\n\n<p><em>Titelbild: Foto von Mayur Gala via Unsplash<\/em><\/p>\n","protected":false},"excerpt":{"rendered":"<p>In einen Zug steigen, ohne genau zu wissen, wohin die Reise geht, einen Rucksack zu zweit packen, mit dem Finger auf einer Landkarte zeigen und sagen: \u201eLos geht\u2019s!\u201c Gemeinsam reisen bedeutet all das und noch viel mehr. Es ist, das Staunen \u00fcber unbekannte Landschaften zu teilen, gemeinsam zu lernen, sich zu verlieren und die Welt [&hellip;]<\/p>\n","protected":false},"author":42,"featured_media":6672,"parent":0,"menu_order":0,"comment_status":"closed","ping_status":"closed","template":"","meta":[],"acf":[],"yoast_head":"<!-- This site is optimized with the Yoast SEO plugin v19.9 - https:\/\/yoast.com\/wordpress\/plugins\/seo\/ -->\n<title>Liebe und Reisen: Die sch\u00f6nsten Zitate &amp; Geschenkideen f\u00fcr Paare<\/title>\n<meta name=\"description\" content=\"Entdecke liebe reisen zitate: romantische Spr\u00fcche und kreative Geschenkideen f\u00fcr Paare, die die Welt gemeinsam erkunden.\" \/>\n<meta name=\"robots\" content=\"index, follow, max-snippet:-1, max-image-preview:large, max-video-preview:-1\" \/>\n<link rel=\"canonical\" href=\"https:\/\/ecobnb.de\/blog\/liebe-reisen-zitate-geschenkideen\/\" \/>\n<meta property=\"og:locale\" content=\"de_DE\" \/>\n<meta property=\"og:type\" content=\"article\" \/>\n<meta property=\"og:title\" content=\"Liebe und Reisen: Die sch\u00f6nsten Zitate &amp; Geschenkideen f\u00fcr Paare\" \/>\n<meta property=\"og:description\" content=\"Entdecke liebe reisen zitate: romantische Spr\u00fcche und kreative Geschenkideen f\u00fcr Paare, die die Welt gemeinsam erkunden.\" \/>\n<meta property=\"og:url\" content=\"https:\/\/ecobnb.de\/blog\/liebe-reisen-zitate-geschenkideen\/\" \/>\n<meta property=\"og:site_name\" content=\"Ecobnb\" \/>\n<meta property=\"article:modified_time\" content=\"2026-03-06T10:47:54+00:00\" \/>\n<meta property=\"og:image\" content=\"https:\/\/ecobnb.de\/blog\/app\/uploads\/sites\/4\/2026\/02\/mayur-gala-487-unsplash-1170x490.jpg.webp\" \/>\n\t<meta property=\"og:image:width\" content=\"1170\" \/>\n\t<meta property=\"og:image:height\" content=\"490\" \/>\n\t<meta property=\"og:image:type\" content=\"image\/webp\" \/>\n<meta name=\"twitter:card\" content=\"summary_large_image\" \/>\n<meta name=\"twitter:label1\" content=\"Est. reading time\" \/>\n\t<meta name=\"twitter:data1\" content=\"5 minutes\" \/>\n<!-- \/ Yoast SEO plugin. -->","yoast_head_json":{"title":"Liebe und Reisen: Die sch\u00f6nsten Zitate & Geschenkideen f\u00fcr Paare","description":"Entdecke liebe reisen zitate: romantische Spr\u00fcche und kreative Geschenkideen f\u00fcr Paare, die die Welt gemeinsam erkunden.","robots":{"index":"index","follow":"follow","max-snippet":"max-snippet:-1","max-image-preview":"max-image-preview:large","max-video-preview":"max-video-preview:-1"},"canonical":"https:\/\/ecobnb.de\/blog\/liebe-reisen-zitate-geschenkideen\/","og_locale":"de_DE","og_type":"article","og_title":"Liebe und Reisen: Die sch\u00f6nsten Zitate & Geschenkideen f\u00fcr Paare","og_description":"Entdecke liebe reisen zitate: romantische Spr\u00fcche und kreative Geschenkideen f\u00fcr Paare, die die Welt gemeinsam erkunden.","og_url":"https:\/\/ecobnb.de\/blog\/liebe-reisen-zitate-geschenkideen\/","og_site_name":"Ecobnb","article_modified_time":"2026-03-06T10:47:54+00:00","og_image":[{"width":1170,"height":490,"url":"https:\/\/ecobnb.de\/blog\/app\/uploads\/sites\/4\/2026\/02\/mayur-gala-487-unsplash-1170x490.jpg.webp","type":"image\/webp"}],"twitter_card":"summary_large_image","twitter_misc":{"Est. reading time":"5 minutes"},"schema":{"@context":"https:\/\/schema.org","@graph":[{"@type":"WebPage","@id":"https:\/\/ecobnb.de\/blog\/liebe-reisen-zitate-geschenkideen\/","url":"https:\/\/ecobnb.de\/blog\/liebe-reisen-zitate-geschenkideen\/","name":"Liebe und Reisen: Die sch\u00f6nsten Zitate & Geschenkideen f\u00fcr Paare","isPartOf":{"@id":"https:\/\/ecobnb.de\/blog\/#website"},"datePublished":"2026-02-28T17:59:30+00:00","dateModified":"2026-03-06T10:47:54+00:00","description":"Entdecke liebe reisen zitate: romantische Spr\u00fcche und kreative Geschenkideen f\u00fcr Paare, die die Welt gemeinsam erkunden.","breadcrumb":{"@id":"https:\/\/ecobnb.de\/blog\/liebe-reisen-zitate-geschenkideen\/#breadcrumb"},"inLanguage":"de-DE","potentialAction":[{"@type":"ReadAction","target":["https:\/\/ecobnb.de\/blog\/liebe-reisen-zitate-geschenkideen\/"]}]},{"@type":"BreadcrumbList","@id":"https:\/\/ecobnb.de\/blog\/liebe-reisen-zitate-geschenkideen\/#breadcrumb","itemListElement":[{"@type":"ListItem","position":1,"name":"Home","item":"https:\/\/ecobnb.de\/blog\/"},{"@type":"ListItem","position":2,"name":"Liebe und Reisen: Zitate und Geschenkideen f\u00fcr Paare, die die Welt gemeinsam entdecken"}]},{"@type":"WebSite","@id":"https:\/\/ecobnb.de\/blog\/#website","url":"https:\/\/ecobnb.de\/blog\/","name":"Ecobnb","description":"Find sustainable accommodation","potentialAction":[{"@type":"SearchAction","target":{"@type":"EntryPoint","urlTemplate":"https:\/\/ecobnb.de\/blog\/?s={search_term_string}"},"query-input":"required name=search_term_string"}],"inLanguage":"de-DE"}]}},"_links":{"self":[{"href":"https:\/\/ecobnb.de\/blog\/wp-json\/wp\/v2\/pages\/6691"}],"collection":[{"href":"https:\/\/ecobnb.de\/blog\/wp-json\/wp\/v2\/pages"}],"about":[{"href":"https:\/\/ecobnb.de\/blog\/wp-json\/wp\/v2\/types\/page"}],"author":[{"embeddable":true,"href":"https:\/\/ecobnb.de\/blog\/wp-json\/wp\/v2\/users\/42"}],"replies":[{"embeddable":true,"href":"https:\/\/ecobnb.de\/blog\/wp-json\/wp\/v2\/comments?post=6691"}],"version-history":[{"count":1,"href":"https:\/\/ecobnb.de\/blog\/wp-json\/wp\/v2\/pages\/6691\/revisions"}],"predecessor-version":[{"id":6693,"href":"https:\/\/ecobnb.de\/blog\/wp-json\/wp\/v2\/pages\/6691\/revisions\/6693"}],"wp:featuredmedia":[{"embeddable":true,"href":"https:\/\/ecobnb.de\/blog\/wp-json\/wp\/v2\/media\/6672"}],"wp:attachment":[{"href":"https:\/\/ecobnb.de\/blog\/wp-json\/wp\/v2\/media?parent=6691"}],"curies":[{"name":"wp","href":"https:\/\/api.w.org\/{rel}","templated":true}]}}