{"id":6728,"date":"2026-03-15T11:16:34","date_gmt":"2026-03-15T10:16:34","guid":{"rendered":"https:\/\/ecobnb.de\/blog\/?page_id=6728"},"modified":"2026-03-15T11:22:06","modified_gmt":"2026-03-15T10:22:06","slug":"oeko-anforderungen","status":"publish","type":"page","link":"https:\/\/ecobnb.de\/blog\/oeko-anforderungen\/","title":{"rendered":"\u00d6ko-Anforderungen f\u00fcr nachhaltige Unterk\u00fcnfte bei Ecobnb"},"content":{"rendered":"\n<p>Ecobnb ist der Treffpunkt f\u00fcr <strong>nachhaltige Unterk\u00fcnfte<\/strong> weltweit und f\u00fcr bewusste Reisende, die den \u00f6kologischen Fu\u00dfabdruck ihres Urlaubs reduzieren m\u00f6chten. Doch welche \u00d6ko-Anforderungen m\u00fcssen Hotels, Agriturismi und B&amp;Bs erf\u00fcllen, um auf Ecobnb gelistet zu werden? Und wer \u00fcberpr\u00fcft sie? Hier finden Sie die Antworten auf Ihre Fragen.<\/p>\n\n\n\n<figure class=\"wp-block-image size-full\"><img width=\"870\" height=\"490\" src=\"https:\/\/ecobnb.de\/blog\/app\/uploads\/sites\/4\/2026\/02\/big_foto_tende_lr-10-870x490.jpg.webp\" alt=\"Nachhaltiges Schlafzimmer in Ecobnb-Unterkunft mit Naturholzm\u00f6beln, energieeffizienter Beleuchtung und umweltfreundlicher Einrichtung\" class=\"wp-image-6586\" srcset=\"https:\/\/ecobnb.de\/blog\/app\/uploads\/sites\/4\/2026\/02\/big_foto_tende_lr-10-870x490.jpg.webp 870w, https:\/\/ecobnb.de\/blog\/app\/uploads\/sites\/4\/2026\/02\/big_foto_tende_lr-10-870x490.jpg-536x302.webp 536w, https:\/\/ecobnb.de\/blog\/app\/uploads\/sites\/4\/2026\/02\/big_foto_tende_lr-10-870x490.jpg-768x433.webp 768w, https:\/\/ecobnb.de\/blog\/app\/uploads\/sites\/4\/2026\/02\/big_foto_tende_lr-10-870x490.jpg-570x320.webp 570w, https:\/\/ecobnb.de\/blog\/app\/uploads\/sites\/4\/2026\/02\/big_foto_tende_lr-10-870x490.jpg-344x194.webp 344w\" sizes=\"(max-width: 870px) 100vw, 870px\" \/><\/figure>\n\n\n\n<h2>Was sind Ecobnb<\/h2>\n\n\n\n<p>Die <strong>Ecobnb<\/strong> sind Unterk\u00fcnfte, die die Umwelt respektieren und Projekte sowie Programme f\u00f6rdern, die darauf abzielen, <strong>die Natur <\/strong>und unseren Planeten <strong>zu sch\u00fctzen<\/strong>. Dazu geh\u00f6ren Bio-Agriturismi, \u00f6kologische Bed &amp; Breakfasts, verstreute Hotels in alten D\u00f6rfern, emissionsfreie Glamping-Anlagen, Eco-Hotels, Campingpl\u00e4tze oder Bergh\u00fctten in Hochlagen&#8230;<\/p>\n\n\n\n<figure class=\"wp-block-embed is-type-video is-provider-youtube wp-block-embed-youtube wp-embed-aspect-16-9 wp-has-aspect-ratio\"><div class=\"wp-block-embed__wrapper\">\n<div class=\"embed-container\"><iframe loading=\"lazy\" title=\"Ecobnb - find your Sustainable accommodation\" width=\"1170\" height=\"658\" src=\"https:\/\/www.youtube.com\/embed\/Vy2TwQw2fCo?feature=oembed\" frameborder=\"0\" allow=\"accelerometer; autoplay; clipboard-write; encrypted-media; gyroscope; picture-in-picture; web-share\" referrerpolicy=\"strict-origin-when-cross-origin\" allowfullscreen><\/iframe><\/div>\n<\/div><\/figure>\n\n\n\n<h2>Welche Eigenschaften m\u00fcssen Unterk\u00fcnfte haben, um auf dem Portal zu erscheinen?<\/h2>\n\n\n\n<p>Die Unterk\u00fcnfte, die Teil von Ecobnb sind, erf\u00fcllen mindestens 5 von 10 zentralen Nachhaltigkeitskriterien, darunter:<\/p>\n\n\n\n<ol><li>Biologische oder regionale Lebensmittel<\/li><li>Bioarchitektur<\/li><li>100 % Strom aus erneuerbaren Energiequellen<\/li><li>Energiesparende Gl\u00fchbirnen<\/li><li>Solaranlagen f\u00fcr Warmwasser<\/li><li>Umweltfreundliche Reinigungsprodukte<\/li><li>M\u00fclltrennung von \u00fcber 80 %<\/li><li>Ohne Auto erreichbar<\/li><li>Wassersparende Durchflussbegrenzer<\/li><li>Sammlung und Wiederverwendung von Regenwasse<\/li><\/ol>\n\n\n\n<div class=\"wp-container-10 wp-block-columns\">\n<div class=\"wp-container-3 wp-block-column\">\n<figure class=\"wp-container-2 wp-block-gallery-1 wp-block-gallery has-nested-images columns-default is-cropped\">\n<figure class=\"wp-block-image size-large\"><img width=\"270\" height=\"200\" src=\"https:\/\/ecobnb.de\/blog\/app\/uploads\/sites\/4\/2026\/02\/camylla-battani-PV4CRusn8c4-unsplash-270x200.jpg-2.webp\" alt=\"\" class=\"wp-image-6596\"\/><figcaption>\u00a9 Camylla Battani via Unsplash<\/figcaption><\/figure>\n<\/figure>\n<\/div>\n\n\n\n<div class=\"wp-container-6 wp-block-column\">\n<figure class=\"wp-container-5 wp-block-gallery-4 wp-block-gallery has-nested-images columns-default is-cropped\">\n<figure class=\"wp-block-image size-large\"><img width=\"270\" height=\"200\" src=\"https:\/\/ecobnb.de\/blog\/app\/uploads\/sites\/4\/2026\/02\/anders-jacobsen-hxUcl0nUsIY-unsplash-270x200.jpg-1.webp\" alt=\"\" class=\"wp-image-6597\"\/><figcaption>\u00a9 Anders Jacobsen via Unsplash<\/figcaption><\/figure>\n<\/figure>\n<\/div>\n\n\n\n<div class=\"wp-container-9 wp-block-column\">\n<figure class=\"wp-container-8 wp-block-gallery-7 wp-block-gallery has-nested-images columns-default is-cropped\">\n<figure class=\"wp-block-image size-large\"><img width=\"270\" height=\"200\" src=\"https:\/\/ecobnb.de\/blog\/app\/uploads\/sites\/4\/2026\/02\/alex-loup-On2VseHUDXw-unsplash-270x200.jpg.webp\" alt=\"\" class=\"wp-image-6598\"\/><figcaption><br><br>\u00a9 Alex Loup via Unsplash<\/figcaption><\/figure>\n<\/figure>\n<\/div>\n<\/div>\n\n\n\n<h2>Sekund\u00e4re \u00f6kologische Anforderungen<\/h2>\n\n\n\n<p>Zus\u00e4tzlich zu den Hauptkriterien verf\u00fcgen die Unterk\u00fcnfte \u00fcber zahlreiche weitere Merkmale, die eine h\u00f6here \u00f6kologische, soziale und wirtschaftliche Nachhaltigkeit gew\u00e4hrleisten. Dazu z\u00e4hlen beispielsweise:<\/p>\n\n\n\n<ul><li><strong>Fahrradverleih<\/strong><\/li><li><a href=\"https:\/\/ecobnb.de\/blog\/ladeinfrastruktur-elektrofahrzeuge\/\" target=\"_blank\" rel=\"noreferrer noopener\">Ladem\u00f6glichkeiten f\u00fcr Elektrofahrzeuge<\/a><\/li><li>Nachhaltige, vegetarische oder vegane Men\u00fcs<\/li><li><strong>Plastikfreie<\/strong> Gastfreundschaft<\/li><li>Verzicht auf Einweg- und Portionsverpackungen<\/li><li>Handtuchwechsel auf Anfrage<\/li><li>\u00d6kotouristische Routen und Aktivit\u00e4ten<\/li><li>M\u00f6bel von <strong>lokalen Handwerksbetrieben<\/strong><\/li><li>Einrichtung aus recycelten Materialien<\/li><li>Projekte zur Unterst\u00fctzung der lokalen Gemeinschaft<\/li><\/ul>\n\n\n\n<div class=\"wp-container-14 wp-block-columns\">\n<div class=\"wp-container-11 wp-block-column\">\n<figure class=\"wp-block-image size-full\"><img width=\"270\" height=\"200\" src=\"https:\/\/ecobnb.de\/blog\/app\/uploads\/sites\/4\/2026\/02\/noleggio-bici-auralba-270x200.jpeg-1.webp\" alt=\"\" class=\"wp-image-6603\"\/><figcaption>Fahrradverleih im Eco-Hotel Auralba<\/figcaption><\/figure>\n<\/div>\n\n\n\n<div class=\"wp-container-12 wp-block-column\">\n<figure class=\"wp-block-image size-full\"><img width=\"270\" height=\"200\" src=\"https:\/\/ecobnb.de\/blog\/app\/uploads\/sites\/4\/2026\/02\/menu-vegan-270x200.jpg-1.webp\" alt=\"\" class=\"wp-image-6601\"\/><figcaption>Veganes Men\u00fc<\/figcaption><\/figure>\n<\/div>\n\n\n\n<div class=\"wp-container-13 wp-block-column\">\n<figure class=\"wp-block-image size-full\"><img width=\"270\" height=\"200\" src=\"https:\/\/ecobnb.de\/blog\/app\/uploads\/sites\/4\/2026\/02\/BMW_i3_charging_port-270x200.jpg.webp\" alt=\"\" class=\"wp-image-6602\"\/><figcaption>Aufladen eines Elektroautos, Foto von<\/figcaption><\/figure>\n<\/div>\n<\/div>\n\n\n\n<h2>Wer \u00fcberpr\u00fcft die Anforderungen?<\/h2>\n\n\n\n<p>Die Anforderungen wurden aus <strong>international anerkannten Standards ausgew\u00e4hlt, <\/strong>die von verschiedenen Organisationen im Bereich des \u00d6kotourismus definiert wurden.<\/p>\n\n\n\n<p>Die \u00f6kologischen Standards werden von den Gastgebern <strong>selbst zertifiziert<\/strong> und anschlie\u00dfend von den Reisenden \u00fcberpr\u00fcft, die auf unserer Website <strong>gezielte Bewertungen<\/strong> hinterlassen k\u00f6nnen.<\/p>\n\n\n\n<h2>Zertifizierungen?<\/h2>\n\n\n\n<p>Ecobnb zertifiziert keine Unterk\u00fcnfte und vergibt keine Umweltzertifikate. Unser Ziel ist es, die tats\u00e4chliche <strong>\u00f6kologische Qualit\u00e4t<\/strong> von Unterk\u00fcnften sichtbar zu machen, indem wir all jene positiven Beispiele miteinander vernetzen, die Umwelt, lokale Wirtschaft und Gemeinschaften respektieren.<br>Aus diesem Grund werden auf unseren Seiten die konkreten <strong>\u00d6ko-Anforderungen<\/strong> und Nachhaltigkeitsmerkmale jeder Unterkunft hervorgehoben \u2013 zusammen mit eventuellen nationalen oder internationalen Umweltzertifizierungen, sofern vorhanden.<\/p>\n","protected":false},"excerpt":{"rendered":"<p>Ecobnb ist der Treffpunkt f\u00fcr nachhaltige Unterk\u00fcnfte weltweit und f\u00fcr bewusste Reisende, die den \u00f6kologischen Fu\u00dfabdruck ihres Urlaubs reduzieren m\u00f6chten. Doch welche \u00d6ko-Anforderungen m\u00fcssen Hotels, Agriturismi und B&amp;Bs erf\u00fcllen, um auf Ecobnb gelistet zu werden? Und wer \u00fcberpr\u00fcft sie? Hier finden Sie die Antworten auf Ihre Fragen. Was sind Ecobnb Die Ecobnb sind Unterk\u00fcnfte, die [&hellip;]<\/p>\n","protected":false},"author":3,"featured_media":6585,"parent":0,"menu_order":0,"comment_status":"closed","ping_status":"closed","template":"","meta":[],"acf":[],"yoast_head":"<!-- This site is optimized with the Yoast SEO plugin v19.9 - https:\/\/yoast.com\/wordpress\/plugins\/seo\/ -->\n<title>\u00d6ko-Anforderungen f\u00fcr Unterk\u00fcnfte - Ecobnb<\/title>\n<meta name=\"description\" content=\"Welche \u00d6ko-Anforderungen m\u00fcssen Hotels, B&amp;Bs und Agriturismi erf\u00fcllen, um auf Ecobnb gelistet zu werden? Entdecken Sie alle Nachhaltigkeitskriterien f\u00fcr umweltfreundliche Unterk\u00fcnfte.\" \/>\n<meta name=\"robots\" content=\"index, follow, max-snippet:-1, max-image-preview:large, max-video-preview:-1\" \/>\n<link rel=\"canonical\" href=\"https:\/\/ecobnb.de\/blog\/oeko-anforderungen\/\" \/>\n<meta property=\"og:locale\" content=\"de_DE\" \/>\n<meta property=\"og:type\" content=\"article\" \/>\n<meta property=\"og:title\" content=\"\u00d6ko-Anforderungen f\u00fcr Unterk\u00fcnfte - Ecobnb\" \/>\n<meta property=\"og:description\" content=\"Welche \u00d6ko-Anforderungen m\u00fcssen Hotels, B&amp;Bs und Agriturismi erf\u00fcllen, um auf Ecobnb gelistet zu werden? Entdecken Sie alle Nachhaltigkeitskriterien f\u00fcr umweltfreundliche Unterk\u00fcnfte.\" \/>\n<meta property=\"og:url\" content=\"https:\/\/ecobnb.de\/blog\/oeko-anforderungen\/\" \/>\n<meta property=\"og:site_name\" content=\"Ecobnb\" \/>\n<meta property=\"article:modified_time\" content=\"2026-03-15T10:22:06+00:00\" \/>\n<meta property=\"og:image\" content=\"https:\/\/ecobnb.de\/blog\/app\/uploads\/sites\/4\/2026\/02\/sarah-dorweiler-9Z1KRIfpBTM-unsplash.jpg.webp\" \/>\n\t<meta property=\"og:image:width\" content=\"1170\" \/>\n\t<meta property=\"og:image:height\" content=\"490\" \/>\n\t<meta property=\"og:image:type\" content=\"image\/webp\" \/>\n<meta name=\"twitter:card\" content=\"summary_large_image\" \/>\n<meta name=\"twitter:label1\" content=\"Est. reading time\" \/>\n\t<meta name=\"twitter:data1\" content=\"4 minutes\" \/>\n<!-- \/ Yoast SEO plugin. -->","yoast_head_json":{"title":"\u00d6ko-Anforderungen f\u00fcr Unterk\u00fcnfte - Ecobnb","description":"Welche \u00d6ko-Anforderungen m\u00fcssen Hotels, B&Bs und Agriturismi erf\u00fcllen, um auf Ecobnb gelistet zu werden? Entdecken Sie alle Nachhaltigkeitskriterien f\u00fcr umweltfreundliche Unterk\u00fcnfte.","robots":{"index":"index","follow":"follow","max-snippet":"max-snippet:-1","max-image-preview":"max-image-preview:large","max-video-preview":"max-video-preview:-1"},"canonical":"https:\/\/ecobnb.de\/blog\/oeko-anforderungen\/","og_locale":"de_DE","og_type":"article","og_title":"\u00d6ko-Anforderungen f\u00fcr Unterk\u00fcnfte - Ecobnb","og_description":"Welche \u00d6ko-Anforderungen m\u00fcssen Hotels, B&Bs und Agriturismi erf\u00fcllen, um auf Ecobnb gelistet zu werden? Entdecken Sie alle Nachhaltigkeitskriterien f\u00fcr umweltfreundliche Unterk\u00fcnfte.","og_url":"https:\/\/ecobnb.de\/blog\/oeko-anforderungen\/","og_site_name":"Ecobnb","article_modified_time":"2026-03-15T10:22:06+00:00","og_image":[{"width":1170,"height":490,"url":"https:\/\/ecobnb.de\/blog\/app\/uploads\/sites\/4\/2026\/02\/sarah-dorweiler-9Z1KRIfpBTM-unsplash.jpg.webp","type":"image\/webp"}],"twitter_card":"summary_large_image","twitter_misc":{"Est. reading time":"4 minutes"},"schema":{"@context":"https:\/\/schema.org","@graph":[{"@type":"WebPage","@id":"https:\/\/ecobnb.de\/blog\/oeko-anforderungen\/","url":"https:\/\/ecobnb.de\/blog\/oeko-anforderungen\/","name":"\u00d6ko-Anforderungen f\u00fcr Unterk\u00fcnfte - Ecobnb","isPartOf":{"@id":"https:\/\/ecobnb.de\/blog\/#website"},"datePublished":"2026-03-15T10:16:34+00:00","dateModified":"2026-03-15T10:22:06+00:00","description":"Welche \u00d6ko-Anforderungen m\u00fcssen Hotels, B&Bs und Agriturismi erf\u00fcllen, um auf Ecobnb gelistet zu werden? Entdecken Sie alle Nachhaltigkeitskriterien f\u00fcr umweltfreundliche Unterk\u00fcnfte.","breadcrumb":{"@id":"https:\/\/ecobnb.de\/blog\/oeko-anforderungen\/#breadcrumb"},"inLanguage":"de-DE","potentialAction":[{"@type":"ReadAction","target":["https:\/\/ecobnb.de\/blog\/oeko-anforderungen\/"]}]},{"@type":"BreadcrumbList","@id":"https:\/\/ecobnb.de\/blog\/oeko-anforderungen\/#breadcrumb","itemListElement":[{"@type":"ListItem","position":1,"name":"Home","item":"https:\/\/ecobnb.de\/blog\/"},{"@type":"ListItem","position":2,"name":"\u00d6ko-Anforderungen f\u00fcr nachhaltige Unterk\u00fcnfte bei Ecobnb"}]},{"@type":"WebSite","@id":"https:\/\/ecobnb.de\/blog\/#website","url":"https:\/\/ecobnb.de\/blog\/","name":"Ecobnb","description":"Find sustainable accommodation","potentialAction":[{"@type":"SearchAction","target":{"@type":"EntryPoint","urlTemplate":"https:\/\/ecobnb.de\/blog\/?s={search_term_string}"},"query-input":"required name=search_term_string"}],"inLanguage":"de-DE"}]}},"_links":{"self":[{"href":"https:\/\/ecobnb.de\/blog\/wp-json\/wp\/v2\/pages\/6728"}],"collection":[{"href":"https:\/\/ecobnb.de\/blog\/wp-json\/wp\/v2\/pages"}],"about":[{"href":"https:\/\/ecobnb.de\/blog\/wp-json\/wp\/v2\/types\/page"}],"author":[{"embeddable":true,"href":"https:\/\/ecobnb.de\/blog\/wp-json\/wp\/v2\/users\/3"}],"replies":[{"embeddable":true,"href":"https:\/\/ecobnb.de\/blog\/wp-json\/wp\/v2\/comments?post=6728"}],"version-history":[{"count":7,"href":"https:\/\/ecobnb.de\/blog\/wp-json\/wp\/v2\/pages\/6728\/revisions"}],"predecessor-version":[{"id":6736,"href":"https:\/\/ecobnb.de\/blog\/wp-json\/wp\/v2\/pages\/6728\/revisions\/6736"}],"wp:featuredmedia":[{"embeddable":true,"href":"https:\/\/ecobnb.de\/blog\/wp-json\/wp\/v2\/media\/6585"}],"wp:attachment":[{"href":"https:\/\/ecobnb.de\/blog\/wp-json\/wp\/v2\/media?parent=6728"}],"curies":[{"name":"wp","href":"https:\/\/api.w.org\/{rel}","templated":true}]}}