{"id":6814,"date":"2026-03-30T19:07:25","date_gmt":"2026-03-30T17:07:25","guid":{"rendered":"https:\/\/ecobnb.de\/blog\/?page_id=6814"},"modified":"2026-03-30T19:07:28","modified_gmt":"2026-03-30T17:07:28","slug":"zitate-hunde-katzen","status":"publish","type":"page","link":"https:\/\/ecobnb.de\/blog\/zitate-hunde-katzen\/","title":{"rendered":"Freunde auf vier Pfoten: Die besten Spr\u00fcche, Aphorismen und Zitate \u00fcber Hunde und Katzen"},"content":{"rendered":"\n<p><strong>Hunde und Katzen<\/strong> sind nicht nur Haustiere: Sie nehmen einen <strong>wichtigen Platz<\/strong> im Leben von Millionen Menschen ein. Wer das Gl\u00fcck hatte, Momente mit ihnen zu teilen, wei\u00df, wie sehr sie uns <strong>Freude, bedingungslose Liebe und Treue<\/strong> lehren k\u00f6nnen. Ihre t\u00e4gliche Anwesenheit macht die Tage leichter und schenkt uns Gesellschaft und echte Zuneigung.<\/p>\n\n\n\n<p>In diesem Artikel haben wir die besten Spr\u00fcche, Aphorismen und Zitate \u00fcber Hunde und Katzen gesammelt.<\/p>\n\n\n\n<p>Perfekte Gedanken, um sie in sozialen Medien zu teilen, in ein Tagebuch zu schreiben, auf eine Geschenkkarte zu setzen oder als besondere Widmung zu verwende.<\/p>\n\n\n\n<h2>Zitate \u00fcber Hunde<\/h2>\n\n\n\n<p>Der <strong>Hund<\/strong> wird oft als <strong>bester Freund<\/strong> des Menschen beschrieben, ein Symbol f\u00fcr <strong>Treue und Loyalit\u00e4t.<\/strong> Wer einen vierbeinigen Freund hat, wei\u00df, wie tief und einzigartig die entstehende Bindung ist.<\/p>\n\n\n\n<figure class=\"wp-block-image size-full\"><img width=\"870\" height=\"490\" src=\"https:\/\/ecobnb.de\/blog\/app\/uploads\/sites\/4\/2026\/03\/1_20260319_212134_0000.png\" alt=\"Ein Hund, der fr\u00f6hlich mit einem Ball auf dem Gras spielt, rennt und Spa\u00df im Freien hat.\" class=\"wp-image-6763\" srcset=\"https:\/\/ecobnb.de\/blog\/app\/uploads\/sites\/4\/2026\/03\/1_20260319_212134_0000.png 870w, https:\/\/ecobnb.de\/blog\/app\/uploads\/sites\/4\/2026\/03\/1_20260319_212134_0000-536x302.png 536w, https:\/\/ecobnb.de\/blog\/app\/uploads\/sites\/4\/2026\/03\/1_20260319_212134_0000-768x433.png 768w, https:\/\/ecobnb.de\/blog\/app\/uploads\/sites\/4\/2026\/03\/1_20260319_212134_0000-570x320.png 570w, https:\/\/ecobnb.de\/blog\/app\/uploads\/sites\/4\/2026\/03\/1_20260319_212134_0000-344x194.png 344w\" sizes=\"(max-width: 870px) 100vw, 870px\" \/><figcaption>Infografik von Ecobnb<\/figcaption><\/figure>\n\n\n\n<p>\u201cEin Hund ist das einzige Wesen auf Erden, das dich mehr liebt, als du dich selbst liebst.\u201d<\/p>\n\n\n\n<p>(Josh Billings)<\/p>\n\n\n\n<p>\u201cDer Hund \u00f6ffnet ein Fenster zu den Freuden des fl\u00fcchtigen Augenblicks. Mit einem Hund spazieren zu gehen bedeutet, in die Welt des Augenblicks einzutreten.\u201d<\/p>\n\n\n\n<p>(Jeffrey Masson)<\/p>\n\n\n\n<p>\u201cHunde sind kleine Geschenke, die uns der Himmel schickt, um uns zu zeigen, dass wahre Liebe existiert. Ihr \u2018Wuff\u2019 bleibt f\u00fcr immer in unserem Herzen.\u201d<\/p>\n\n\n\n<p>(Fabrizio Caramagna)<\/p>\n\n\n\n<p>\u201cMein kleiner Hund \u2013 ein Herzschlag zu meinen F\u00fc\u00dfen.\u201d<\/p>\n\n\n\n<p>(Edith Wharton)<\/p>\n\n\n\n<figure class=\"wp-block-image size-full\"><img width=\"870\" height=\"490\" src=\"https:\/\/ecobnb.de\/blog\/app\/uploads\/sites\/4\/2026\/03\/2_20260319_212134_0001.png\" alt=\"Nahaufnahme eines Beagle-Hundes, der nach oben schaut, mit dem Zitat von Josh Billings: \u201eEin Hund ist das Einzige auf der Erde, das dich mehr liebt, als er sich selbst liebt\u201c.\" class=\"wp-image-6764\" srcset=\"https:\/\/ecobnb.de\/blog\/app\/uploads\/sites\/4\/2026\/03\/2_20260319_212134_0001.png 870w, https:\/\/ecobnb.de\/blog\/app\/uploads\/sites\/4\/2026\/03\/2_20260319_212134_0001-536x302.png 536w, https:\/\/ecobnb.de\/blog\/app\/uploads\/sites\/4\/2026\/03\/2_20260319_212134_0001-768x433.png 768w, https:\/\/ecobnb.de\/blog\/app\/uploads\/sites\/4\/2026\/03\/2_20260319_212134_0001-570x320.png 570w, https:\/\/ecobnb.de\/blog\/app\/uploads\/sites\/4\/2026\/03\/2_20260319_212134_0001-344x194.png 344w\" sizes=\"(max-width: 870px) 100vw, 870px\" \/><figcaption>Infografik von Ecobnb<\/figcaption><\/figure>\n\n\n\n<p>\u201cStarr deinem Hund in die Augen und versuche noch einmal zu behaupten, dass Tiere keine Seele haben.\u201d<\/p>\n\n\n\n<p>(Victor Hugo)<\/p>\n\n\n\n<p>\u201cEin Hund ist der Einzige, der einen Riss in deinem gebrochenen Herzen reparieren kann.\u201d<\/p>\n\n\n\n<p>(Judy Desmond)<\/p>\n\n\n\n<p>\u201cIch m\u00f6chte die Musik kennen, zu der der Schwanz meines Hundes im Takt wippt.\u201d<\/p>\n\n\n\n<p>(Yvan Audouard)<\/p>\n\n\n\n<p>\u201cHunde l\u00fcgen nicht \u00fcber ihre Gef\u00fchle, weil sie nicht \u00fcber Emotionen l\u00fcgen k\u00f6nnen. Niemand hat jemals einen traurigen Hund gesehen, der so tut, als sei er gl\u00fccklich.\u201d<\/p>\n\n\n\n<p>(Jeffrey Masson)<\/p>\n\n\n\n<p>\u201cHunde lieben es, verziehen zu werden. Sie schmollen nicht und freuen sich, wenn auch wir keinen Groll hegen.\u201d<\/p>\n\n\n\n<p>(Jeffrey Masson)<\/p>\n\n\n\n<p>\u201cDer Hund hat einen beneidenswerten Geist; er erinnert sich an die sch\u00f6nen Dinge des Lebens und l\u00f6scht die schlechten schnell.\u201d<\/p>\n\n\n\n<p>(Barbara Woodhouse)<\/p>\n\n\n\n<h2>Zitate \u00fcber Katzen<\/h2>\n\n\n\n<p><strong>Elegant, geheimnisvoll und unabh\u00e4ngig<\/strong>. Mit ihrem einzigartigen Charakter haben <strong>Katzen<\/strong> seit jeher K\u00fcnstler und Schriftsteller inspiriert. Hier sind die sch\u00f6nsten bekannten Spr\u00fcche und Zitate \u00fcber sie.<\/p>\n\n\n\n<figure class=\"wp-block-image size-full\"><img width=\"870\" height=\"490\" src=\"https:\/\/ecobnb.de\/blog\/app\/uploads\/sites\/4\/2026\/03\/3_20260319_212134_0002.png\" alt=\"Nahaufnahme leuchtend gr\u00fcner Katzenaugen in der Dunkelheit mit dem Zitat von Fabrizio Caramagna: \u201eDie Augen einer Katze sind zwei Fenster, hinter denen eine geheimnisvolle Gottheit uns schweigend beobachtet.\u201c\" class=\"wp-image-6765\" srcset=\"https:\/\/ecobnb.de\/blog\/app\/uploads\/sites\/4\/2026\/03\/3_20260319_212134_0002.png 870w, https:\/\/ecobnb.de\/blog\/app\/uploads\/sites\/4\/2026\/03\/3_20260319_212134_0002-536x302.png 536w, https:\/\/ecobnb.de\/blog\/app\/uploads\/sites\/4\/2026\/03\/3_20260319_212134_0002-768x433.png 768w, https:\/\/ecobnb.de\/blog\/app\/uploads\/sites\/4\/2026\/03\/3_20260319_212134_0002-570x320.png 570w, https:\/\/ecobnb.de\/blog\/app\/uploads\/sites\/4\/2026\/03\/3_20260319_212134_0002-344x194.png 344w\" sizes=\"(max-width: 870px) 100vw, 870px\" \/><figcaption>Infografik von Ecobnb<\/figcaption><\/figure>\n\n\n\n<p>\u201cEs ist nicht einfach, die Freundschaft einer Katze zu gewinnen. Sie wird dir ihre Freundschaft gew\u00e4hren, wenn du zeigst, dass du die Ehre verdienst, aber sie wird niemals dein Sklave sein.\u201d<\/p>\n\n\n\n<p>(Th\u00e9ophile Gautier)<\/p>\n\n\n\n<p>\u201cEs ist nicht m\u00f6glich, eine Katze zu besitzen.\u201d<\/p>\n\n\n\n<p>(Sir Harry Swanson)<\/p>\n\n\n\n<p>\u201cKatzen wurden auf die Welt gebracht, um das Dogma zu widerlegen, dass alle Dinge geschaffen wurden, um dem Menschen zu dienen.\u201d<\/p>\n\n\n\n<p>(Paul Gray)<\/p>\n\n\n\n<p>\u201cDie Augen einer Katze sind zwei Fenster, hinter denen eine mysteri\u00f6se Gottheit uns schweigend beobachtet.\u201d<\/p>\n\n\n\n<p>(Fabrizio Caramagna)<\/p>\n\n\n\n<p>\u201cUnter allen Tieren ist die Katze die Einzige, die in Kontemplation leben kann. Sie beobachtet das Rad des Daseins von au\u00dfen.\u201d<\/p>\n\n\n\n<p>(Anonym)<\/p>\n\n\n\n<figure class=\"wp-block-image size-full\"><img width=\"870\" height=\"490\" src=\"https:\/\/ecobnb.de\/blog\/app\/uploads\/sites\/4\/2026\/03\/4_20260319_212134_0003.png\" alt=\"Nahaufnahme einer getigerten Katze (Bengal-Rasse) mit dem Zitat von Sir Harry Swanson: \u201eMan kann eine Katze nicht besitzen\u201c.\" class=\"wp-image-6766\" srcset=\"https:\/\/ecobnb.de\/blog\/app\/uploads\/sites\/4\/2026\/03\/4_20260319_212134_0003.png 870w, https:\/\/ecobnb.de\/blog\/app\/uploads\/sites\/4\/2026\/03\/4_20260319_212134_0003-536x302.png 536w, https:\/\/ecobnb.de\/blog\/app\/uploads\/sites\/4\/2026\/03\/4_20260319_212134_0003-768x433.png 768w, https:\/\/ecobnb.de\/blog\/app\/uploads\/sites\/4\/2026\/03\/4_20260319_212134_0003-570x320.png 570w, https:\/\/ecobnb.de\/blog\/app\/uploads\/sites\/4\/2026\/03\/4_20260319_212134_0003-344x194.png 344w\" sizes=\"(max-width: 870px) 100vw, 870px\" \/><\/figure>\n\n\n\n<p>\u201cWelche geheimnisvolle Rezeptur kennen Katzen, um S\u00fc\u00dfe und Grausamkeit, Sch\u00fcchternheit und Aggressivit\u00e4t, F\u00fcgsamkeit und wilden Geist so perfekt zu dosieren?\u201d<\/p>\n\n\n\n<p>(Mary S. Emilson)<\/p>\n\n\n\n<p>\u201cIm Gegensatz zum Hund, der in seinem Besitzer den zweibeinigen Chef sieht, identifiziert die Katze in ihrem Besitzer die m\u00fctterliche Figur.\u201d<\/p>\n\n\n\n<p>(Giorgio Celli)<\/p>\n\n\n\n<p>\u201cIch glaube, dass Katzen Geister sind, die auf die Erde gekommen sind. Eine Katze, da bin ich \u00fcberzeugt, kann auf einer Wolke laufen.\u201d<\/p>\n\n\n\n<p>(Jules Verne)<\/p>\n\n\n\n<p>\u201cMan besitzt niemals eine Katze. Man wird nur in ihr Leben zugelassen, was sicherlich ein Privileg ist.\u201d<\/p>\n\n\n\n<p>(Beryl Reid)<\/p>\n\n\n\n<p>\u201cKatzen geben uns zwei gro\u00dfe Lektionen: Losl\u00f6sung von den Dingen ist eine Kunst, und Eleganz macht keinen L\u00e4rm.\u201d<\/p>\n\n\n\n<p>(Fabrizio Caramagna)<\/p>\n\n\n\n<h2>Warum Hunde und Katzen einen so besonderen Platz in unserem Herzen einnehmen<\/h2>\n\n\n\n<figure class=\"wp-block-image size-full\"><img width=\"870\" height=\"490\" src=\"https:\/\/ecobnb.de\/blog\/app\/uploads\/sites\/4\/2026\/03\/17739497668988567153788485421149.jpg\" alt=\"Dieses Bild zeigt eine Katze und einen Hund, die zusammen unter der Decke ruhen und die Bindung und Harmonie zwischen Haustieren symbolisieren.\" class=\"wp-image-6760\" srcset=\"https:\/\/ecobnb.de\/blog\/app\/uploads\/sites\/4\/2026\/03\/17739497668988567153788485421149.jpg 870w, https:\/\/ecobnb.de\/blog\/app\/uploads\/sites\/4\/2026\/03\/17739497668988567153788485421149-536x302.jpg 536w, https:\/\/ecobnb.de\/blog\/app\/uploads\/sites\/4\/2026\/03\/17739497668988567153788485421149-768x433.jpg 768w, https:\/\/ecobnb.de\/blog\/app\/uploads\/sites\/4\/2026\/03\/17739497668988567153788485421149-570x320.jpg 570w, https:\/\/ecobnb.de\/blog\/app\/uploads\/sites\/4\/2026\/03\/17739497668988567153788485421149-344x194.jpg 344w\" sizes=\"(max-width: 870px) 100vw, 870px\" \/><\/figure>\n\n\n\n<p><strong>Die Beziehung zwischen Menschen und Haustieren<\/strong> ist tief und alt. Seit Jahrhunderten teilen Hunde und Katzen unseren Alltag und werden weit mehr als nur Begleittiere. Sie schenken Zuneigung, Pr\u00e4senz und eine Form von Liebe, die oft die Tage leichter macht. In einer immer hektischeren Welt kann ihre Gesellschaft eine wahre <strong>Quelle der Gelassenheit<\/strong> sein.<\/p>\n\n\n\n<p>Wer mit einem Tier lebt, wei\u00df es: Ein Blick, ein wedelnder Schwanz oder eine schnurrende Katze gen\u00fcgt, um uns daran zu erinnern, wie wertvoll die <strong>Einfachheit<\/strong> der echten Liebe ist. <strong>Hunde und Katzen<\/strong> nehmen einen besonderen Platz im menschlichen Herzen ein, weil sie bedingungslose Liebe, Loyalit\u00e4t und Gesellschaft ohne Urteil bieten.<\/p>\n\n\n\n<p>F\u00fcr viele Menschen werden sie zu wahren <strong>Lebensgef\u00e4hrten<\/strong>, die die Stimmung heben und Trost in schwierigen Momenten spenden. Zahlreiche Studien haben gezeigt, dass die Anwesenheit eines Haustieres auch positive Auswirkungen auf die Gesundheit hat: <strong>Stress reduzieren<\/strong>, Angst lindern und emotionales Wohlbefinden f\u00f6rdern.<\/p>\n\n\n\n<p>In diesem Sinne k\u00f6nnen Hunde und Katzen als kleine, aber wertvolle \u201e<strong>Vierbeiner-Antidepressiva<\/strong>\u201c betrachtet werden, die unser Leben jeden Tag bereichern.<\/p>\n\n\n\n<h2>Fazit<\/h2>\n\n\n\n<figure class=\"wp-block-image size-full\"><img width=\"870\" height=\"490\" src=\"https:\/\/ecobnb.de\/blog\/app\/uploads\/sites\/4\/2026\/03\/17739498753676254233562406537802.jpg\" alt=\"Ein Hund, der fr\u00f6hlich mit einem Ball auf dem Gras spielt, rennt und Spa\u00df im Freien hat.\" class=\"wp-image-6761\" srcset=\"https:\/\/ecobnb.de\/blog\/app\/uploads\/sites\/4\/2026\/03\/17739498753676254233562406537802.jpg 870w, https:\/\/ecobnb.de\/blog\/app\/uploads\/sites\/4\/2026\/03\/17739498753676254233562406537802-536x302.jpg 536w, https:\/\/ecobnb.de\/blog\/app\/uploads\/sites\/4\/2026\/03\/17739498753676254233562406537802-768x433.jpg 768w, https:\/\/ecobnb.de\/blog\/app\/uploads\/sites\/4\/2026\/03\/17739498753676254233562406537802-570x320.jpg 570w, https:\/\/ecobnb.de\/blog\/app\/uploads\/sites\/4\/2026\/03\/17739498753676254233562406537802-344x194.jpg 344w\" sizes=\"(max-width: 870px) 100vw, 870px\" \/><figcaption>Foto von Luiza Sayfullina via Unsplash<\/figcaption><\/figure>\n\n\n\n<p>Unsere Haustiere sind besondere Wesen, die unser Leben gl\u00fccklicher und gelassener machen k\u00f6nnen. Sie begleiten uns in unserem <strong>t\u00e4glichen Abenteuer <\/strong>und sogar auf Reisen. Immer mehr Menschen entscheiden sich, ihren Hund oder ihre Katze in den Urlaub, Ausfl\u00fcge oder Wochenendtrips mitzunehmen. Mit ihnen zu reisen bedeutet, neue Erfahrungen zu teilen, andere Orte zu entdecken und noch wertvollere Erinnerungen zu schaffen.<\/p>\n\n\n\n<p>Unser vierbeiniger Freund ist nicht nur ein Hausgef\u00e4hrte, sondern ein echtes Familienmitglied, das jeden Moment lustiger, authentischer und voller Emotionen macht. Letztlich lehren uns Hunde und Katzen t\u00e4glich den Wert von bedingungsloser Liebe, Gesellschaft und <strong>Freude an den kleinen Dingen.<\/strong><\/p>\n\n\n\n<p>Ob zu Hause oder auf Reisen \u2013 ihre Anwesenheit <a href=\"https:\/\/ecobnb.de\/special\/urlaub-mit-hund\" target=\"_blank\" rel=\"noreferrer noopener\">bereichert das Leben<\/a>, schenkt Momente der Gelassenheit, Lachen und echte Zuneigung. Ein Tier zu haben bedeutet, <strong>niemals allein <\/strong>zu sein: Jeder Blick, jede Streicheleinheit und jedes Schnurren oder Wedeln erinnert uns daran, wie wertvoll die Bindung zwischen Mensch und vierbeinigen Freunden ist.<\/p>\n","protected":false},"excerpt":{"rendered":"<p>Hunde und Katzen sind nicht nur Haustiere: Sie nehmen einen wichtigen Platz im Leben von Millionen Menschen ein. Wer das Gl\u00fcck hatte, Momente mit ihnen zu teilen, wei\u00df, wie sehr sie uns Freude, bedingungslose Liebe und Treue lehren k\u00f6nnen. Ihre t\u00e4gliche Anwesenheit macht die Tage leichter und schenkt uns Gesellschaft und echte Zuneigung. In diesem [&hellip;]<\/p>\n","protected":false},"author":3,"featured_media":6770,"parent":0,"menu_order":0,"comment_status":"closed","ping_status":"closed","template":"","meta":[],"acf":[],"yoast_head":"<!-- This site is optimized with the Yoast SEO plugin v19.9 - https:\/\/yoast.com\/wordpress\/plugins\/seo\/ -->\n<title>Vierbeinige Freunde: Die sch\u00f6nsten Zitate \u00fcber Hunde und Katzen<\/title>\n<meta name=\"description\" content=\"Entdecken Sie Zitate \u00fcber Hunde und Katzen und erfahren Sie, wie diese vierbeinigen Gef\u00e4hrten uns jeden Tag Liebe und Freude vermitteln.\" \/>\n<meta name=\"robots\" content=\"index, follow, max-snippet:-1, max-image-preview:large, max-video-preview:-1\" \/>\n<link rel=\"canonical\" href=\"https:\/\/ecobnb.de\/blog\/zitate-hunde-katzen\/\" \/>\n<meta property=\"og:locale\" content=\"de_DE\" \/>\n<meta property=\"og:type\" content=\"article\" \/>\n<meta property=\"og:title\" content=\"Vierbeinige Freunde: Die sch\u00f6nsten Zitate \u00fcber Hunde und Katzen\" \/>\n<meta property=\"og:description\" content=\"Entdecken Sie Zitate \u00fcber Hunde und Katzen und erfahren Sie, wie diese vierbeinigen Gef\u00e4hrten uns jeden Tag Liebe und Freude vermitteln.\" \/>\n<meta property=\"og:url\" content=\"https:\/\/ecobnb.de\/blog\/zitate-hunde-katzen\/\" \/>\n<meta property=\"og:site_name\" content=\"Ecobnb\" \/>\n<meta property=\"article:modified_time\" content=\"2026-03-30T17:07:28+00:00\" \/>\n<meta property=\"og:image\" content=\"https:\/\/ecobnb.de\/blog\/app\/uploads\/sites\/4\/2026\/03\/amici-a-4-zampe.jpg\" \/>\n\t<meta property=\"og:image:width\" content=\"1170\" \/>\n\t<meta property=\"og:image:height\" content=\"490\" \/>\n\t<meta property=\"og:image:type\" content=\"image\/jpeg\" \/>\n<meta name=\"twitter:card\" content=\"summary_large_image\" \/>\n<meta name=\"twitter:label1\" content=\"Est. reading time\" \/>\n\t<meta name=\"twitter:data1\" content=\"7 minutes\" \/>\n<!-- \/ Yoast SEO plugin. -->","yoast_head_json":{"title":"Vierbeinige Freunde: Die sch\u00f6nsten Zitate \u00fcber Hunde und Katzen","description":"Entdecken Sie Zitate \u00fcber Hunde und Katzen und erfahren Sie, wie diese vierbeinigen Gef\u00e4hrten uns jeden Tag Liebe und Freude vermitteln.","robots":{"index":"index","follow":"follow","max-snippet":"max-snippet:-1","max-image-preview":"max-image-preview:large","max-video-preview":"max-video-preview:-1"},"canonical":"https:\/\/ecobnb.de\/blog\/zitate-hunde-katzen\/","og_locale":"de_DE","og_type":"article","og_title":"Vierbeinige Freunde: Die sch\u00f6nsten Zitate \u00fcber Hunde und Katzen","og_description":"Entdecken Sie Zitate \u00fcber Hunde und Katzen und erfahren Sie, wie diese vierbeinigen Gef\u00e4hrten uns jeden Tag Liebe und Freude vermitteln.","og_url":"https:\/\/ecobnb.de\/blog\/zitate-hunde-katzen\/","og_site_name":"Ecobnb","article_modified_time":"2026-03-30T17:07:28+00:00","og_image":[{"width":1170,"height":490,"url":"https:\/\/ecobnb.de\/blog\/app\/uploads\/sites\/4\/2026\/03\/amici-a-4-zampe.jpg","type":"image\/jpeg"}],"twitter_card":"summary_large_image","twitter_misc":{"Est. reading time":"7 minutes"},"schema":{"@context":"https:\/\/schema.org","@graph":[{"@type":"WebPage","@id":"https:\/\/ecobnb.de\/blog\/zitate-hunde-katzen\/","url":"https:\/\/ecobnb.de\/blog\/zitate-hunde-katzen\/","name":"Vierbeinige Freunde: Die sch\u00f6nsten Zitate \u00fcber Hunde und Katzen","isPartOf":{"@id":"https:\/\/ecobnb.de\/blog\/#website"},"datePublished":"2026-03-30T17:07:25+00:00","dateModified":"2026-03-30T17:07:28+00:00","description":"Entdecken Sie Zitate \u00fcber Hunde und Katzen und erfahren Sie, wie diese vierbeinigen Gef\u00e4hrten uns jeden Tag Liebe und Freude vermitteln.","breadcrumb":{"@id":"https:\/\/ecobnb.de\/blog\/zitate-hunde-katzen\/#breadcrumb"},"inLanguage":"de-DE","potentialAction":[{"@type":"ReadAction","target":["https:\/\/ecobnb.de\/blog\/zitate-hunde-katzen\/"]}]},{"@type":"BreadcrumbList","@id":"https:\/\/ecobnb.de\/blog\/zitate-hunde-katzen\/#breadcrumb","itemListElement":[{"@type":"ListItem","position":1,"name":"Home","item":"https:\/\/ecobnb.de\/blog\/"},{"@type":"ListItem","position":2,"name":"Freunde auf vier Pfoten: Die besten Spr\u00fcche, Aphorismen und Zitate \u00fcber Hunde und Katzen"}]},{"@type":"WebSite","@id":"https:\/\/ecobnb.de\/blog\/#website","url":"https:\/\/ecobnb.de\/blog\/","name":"Ecobnb","description":"Find sustainable accommodation","potentialAction":[{"@type":"SearchAction","target":{"@type":"EntryPoint","urlTemplate":"https:\/\/ecobnb.de\/blog\/?s={search_term_string}"},"query-input":"required name=search_term_string"}],"inLanguage":"de-DE"}]}},"_links":{"self":[{"href":"https:\/\/ecobnb.de\/blog\/wp-json\/wp\/v2\/pages\/6814"}],"collection":[{"href":"https:\/\/ecobnb.de\/blog\/wp-json\/wp\/v2\/pages"}],"about":[{"href":"https:\/\/ecobnb.de\/blog\/wp-json\/wp\/v2\/types\/page"}],"author":[{"embeddable":true,"href":"https:\/\/ecobnb.de\/blog\/wp-json\/wp\/v2\/users\/3"}],"replies":[{"embeddable":true,"href":"https:\/\/ecobnb.de\/blog\/wp-json\/wp\/v2\/comments?post=6814"}],"version-history":[{"count":1,"href":"https:\/\/ecobnb.de\/blog\/wp-json\/wp\/v2\/pages\/6814\/revisions"}],"predecessor-version":[{"id":6815,"href":"https:\/\/ecobnb.de\/blog\/wp-json\/wp\/v2\/pages\/6814\/revisions\/6815"}],"wp:featuredmedia":[{"embeddable":true,"href":"https:\/\/ecobnb.de\/blog\/wp-json\/wp\/v2\/media\/6770"}],"wp:attachment":[{"href":"https:\/\/ecobnb.de\/blog\/wp-json\/wp\/v2\/media?parent=6814"}],"curies":[{"name":"wp","href":"https:\/\/api.w.org\/{rel}","templated":true}]}}