{"id":78,"date":"2015-11-06T09:58:24","date_gmt":"2015-11-06T08:58:24","guid":{"rendered":"https:\/\/ecobnb.de\/blog\/?page_id=78"},"modified":"2023-01-25T17:22:31","modified_gmt":"2023-01-25T16:22:31","slug":"partner","status":"publish","type":"page","link":"https:\/\/ecobnb.de\/blog\/partner\/","title":{"rendered":"Partner und Finanzierung"},"content":{"rendered":"<p><!--tr>\n\n\n<td style=\"vertical-align: middle!important;\">\n\n\n<h2>Titolo<\/h2>\n\n\n\n\n<h4>Sottotitolo<\/h4>\n\n\nDescrizione<\/td>\n\n\n\n\n<td style=\"vertical-align: middle!important;\">immagine<\/td>\n\n\n<\/tr-->\n<table class=\"table\" style=\"clear: both;\">\n<tbody>\n<tr>\n<td style=\"vertical-align: middle!important;\"><img class=\"alignnone wp-image-4061 size-medium\" src=\"https:\/\/ecobnb.de\/blog\/app\/uploads\/sites\/3\/2013\/07\/LOGO-european-commission-flag-536x357.jpg\" alt=\"European Project Ecodots\" width=\"536\" height=\"357\" \/><\/td>\n<td style=\"vertical-align: middle!important;\">\n<h2>EcoDots, ein europ\u00e4isches und von der EU gef\u00f6rdertes Projekt<\/h2>\n<h4>Ecobnb f\u00f6rdert nachhaltigen Tourismus in Europa<\/h4>\n<p>Durch das EcoDots Projekts, kofinanziert von der Europ\u00e4ischen Kommission,\u00a0<a href=\"http:\/\/ec.europa.eu\/enterprise\/sectors\/tourism\/sustainable-tourism\/index_en.htm\" target=\"_blank\" rel=\"noopener\">f\u00f6rdert Ecobnb gr\u00fcnen Tourismus in Europa<\/a>.<\/p>\n<p>Das Projekt wurde mitfinanziert von der Europ\u00e4ischen Union, mit der Finanzhilfevereinbarung SI2.677269.<\/p>\n<p>Die alleinige Verantwortung dieser Ver\u00f6ffentlichung liegt beim Autor.\u00a0Die Europ\u00e4ische Kommission haftet nicht f\u00fcr die weitere Verwendung der darin enthaltenen Informationen.<\/td>\n<\/tr>\n<tr>\n<td style=\"vertical-align: middle!important;\" width=\"50%\">\n<h2>Jo\u017eef Stefan Institut, Ljubljana, Slowenien<\/h2>\n<h4>Department of Intelligent Systems (DIS)<\/h4>\n<p>Das Jo\u017eef Stefan Institut (JSI), im Jahr 1949 gegr\u00fcndet mit fast 1.000 Mitarbeitern, ist die f\u00fchrende slowenische Institution f\u00fcr die Forschung in Naturwissenschaft und Technik.\u00a0Sie erg\u00e4nzt die Rolle der Universit\u00e4ten und schlie\u00dft die L\u00fccke zwischen Wissenschaft und Industrie.<\/p>\n<p>Das Department of Intelligent Systems (DIS) betreibt Forschung in verschiedenen Bereichen der k\u00fcnstlichen Intelligenz und entwickelt innovative Anwendungen unter Verwendung modernster Technologien.<\/p>\n<p>JSI ist unser Partner f\u00fcr die Entwicklung der innovativen Web-Anwendung.<\/td>\n<td style=\"vertical-align: middle!important;\"><a href=\"https:\/\/ecobnb.it\/blog\/app\/uploads\/sites\/2\/2013\/05\/locandina-itaca2013.jpg\"><br \/>\n<\/a><img class=\"alignnone wp-image-6362\" src=\"https:\/\/ecobnb.de\/blog\/app\/uploads\/sites\/3\/2013\/07\/JSI.png\" alt=\"JSI\" width=\"400\" height=\"267\" \/><\/td>\n<\/tr>\n<tr>\n<td style=\"vertical-align: middle!important;\"><a href=\"https:\/\/ecobnb.it\/blog\/app\/uploads\/sites\/2\/2013\/05\/The-Energy-Water-Nexus.jpg\"><br \/>\n<\/a><img class=\"alignnone wp-image-6365\" src=\"https:\/\/ecobnb.de\/blog\/app\/uploads\/sites\/3\/2013\/07\/STEMMA-COMUNE-DI-PARMA-536x316.jpg\" alt=\"Parma Municipality Logo\" width=\"500\" height=\"295\" \/><a href=\"https:\/\/ecobnb.it\/blog\/app\/uploads\/sites\/2\/2013\/05\/The-Energy-Water-Nexus.jpg\"><br \/>\n<\/a><\/td>\n<td style=\"vertical-align: middle!important;\">\n<h2>Stadt\u00a0Parma, Italien<\/h2>\n<h4>Tourismusabteilung von Parma, Emilia Romagna, Italien<\/h4>\n<p>Die Stadtverwaltung Parma ist eine Beh\u00f6rde der Stadt. Seit vielen Jahren f\u00f6rdert die Tourismusabteilung Kulturtourismus, Natur, Geschichte, Kunst und Gastronomie, unter anderem durch die Koordination und Unterst\u00fctzung von Aktivit\u00e4ten anderer Institutionen, lokalen touristischen Einrichtungen, Vereinen und Non-Profit-Organisationen.<\/p>\n<p>Die Stadt Parma ist unser Partner zur Verbreitung des Projekts in Italien.<\/td>\n<\/tr>\n<tr>\n<td style=\"vertical-align: middle!important;\">\n<h2>ISIS, Innovation f\u00fcr Nachhaltigkeit<\/h2>\n<h4>Institut f\u00fcr Studien zur Integration von Systemen, Italien<\/h4>\n<p>ISIS ist ein privates italienisches Forschungs- und Beratungsunternehmen, das internationale, nationale und lokale \u00f6ffentliche Einrichtungen bei der Analyse, Entwicklung, Implementierung und Bewertung nachhaltiger Politik in den Bereichen Energie, Umwelt, Verkehr Mobilit\u00e4t und Stadtplanung unterst\u00fctzt. 1971 gegr\u00fcndet, setzt ISIS auf dem Know-how eines multidisziplin\u00e4ren Teams, darunter Ingenieure, Statistiker, Informatiker und Wirtschaftswissenschaftler.<\/td>\n<td>\u00a0 \u00a0 \u00a0 \u00a0\u00a0<img class=\"alignnone wp-image-6370\" src=\"https:\/\/ecobnb.de\/blog\/app\/uploads\/sites\/3\/2013\/07\/ISIS_logo.jpg\" alt=\"ISIS_logo\" width=\"500\" height=\"193\" \/><a href=\"https:\/\/ecobnb.it\/blog\/app\/uploads\/sites\/2\/2013\/05\/casa-pulita.jpg\"><br \/>\n<\/a><\/td>\n<\/tr>\n<tr>\n<td style=\"vertical-align: middle!important;\"><img class=\"alignnone wp-image-6373\" src=\"https:\/\/ecobnb.de\/blog\/app\/uploads\/sites\/3\/2013\/07\/TourCert-certification-500x490.jpg\" alt=\"TourCert certification\" width=\"400\" height=\"401\" \/><a href=\"https:\/\/ecobnb.it\/blog\/app\/uploads\/sites\/2\/2013\/05\/The-Energy-Water-Nexus.jpg\"><br \/>\n<\/a><a href=\"https:\/\/ecobnb.it\/blog\/app\/uploads\/sites\/2\/2013\/05\/The-Energy-Water-Nexus.jpg\"><br \/>\n<\/a><\/td>\n<td style=\"vertical-align: middle!important;\">\n<h2>Kate, Umwelt &amp; Entwicklung, Deutschland<\/h2>\n<h4>TourCert Zertifizierung f\u00fcr Nachhaltigkeit im Tourismus<\/h4>\n<p>Kate unterst\u00fctzt Unternehmen und Organisationen bei der Einf\u00fchrung von Umweltmanagementsystemen. kate ist auch einer der vier Gr\u00fcndungsmitgliedern von TourCert, Zertifizierungsgesellschaft f\u00fcr nachhaltigen Tourismus. TourCert schult und zertifiziert Reiseveranstalter, Hotels, Reiseb\u00fcros und Reiseziele auf Grundlage \u00a0hoher Nachhaltigkeitsstandards. Um Tourismus-Unternehmen mit ein einfaches Werkzeug an die Hand zu geben, die Nachhaltigkeit in ihren Unternehmen zu messen, bietet TourCert die Auszeichnung TourCert Check an. Der TourCert Check umfasst eine Unternehmens-Bewertung und bietet den Unternehmen Zugang zur TourCert Community, einer B2B-Plattform f\u00fcr nachhaltige Tourismusunternehmen weltweit. kate ist unser Partner f\u00fcr die Entwicklung und Verbreitung des Projekts in Deutsch, \u00d6sterreich und der Schweiz.<\/td>\n<\/tr>\n<tr>\n<td style=\"vertical-align: middle!important;\">\n<h2>EcoDev, Serbia<\/h2>\n<h4>Zentrum f\u00fcr Forschungs- und Entwicklungsprojekte in Serbien<\/h4>\n<p>EcoDev besch\u00e4ftigt sich mit \u201eWirtschaft\u201c und \u201eUmwelt\u201c sowie der Notwendigkeit nachhaltiger Entwicklung. EcoDev f\u00fchrt Forschungs- und Entwicklungsprojekte in den Bereichen Umweltschutz, biologische Vielfalt, Abwasser, Energieeffizienz, erneuerbare Energien, nachhaltige Entwicklung, \u00f6kologisches Bauen und \u00d6ko-Tourismus durch. Die Organisation ist ein anerkannter Akteur in der Region bez\u00fcglich der Entwicklung umweltfreundlicher und nachhaltiger Tourismusangebote. EcoDev arbeitet mit nationalen Einrichtungen, lokalen Unternehmen und Reisezielen.<\/p>\n<p>EcoDEV ist unser Partner f\u00fcr die Entwicklung des Projektes in Serbien.<\/td>\n<td><a href=\"https:\/\/ecobnb.it\/blog\/app\/uploads\/sites\/2\/2013\/05\/casa-pulita.jpg\"><br \/>\n<\/a><a href=\"https:\/\/ecobnb.it\/blog\/app\/uploads\/sites\/2\/2013\/05\/casa-pulita.jpg\"><img class=\"alignnone wp-image-5241\" src=\"https:\/\/ecobnb.de\/blog\/app\/uploads\/sites\/3\/2013\/07\/ecodev.jpg\" alt=\"ecodev serbia\" width=\"400\" height=\"191\" \/><\/a><\/td>\n<\/tr>\n<tr>\n<td style=\"vertical-align: middle!important;\"><img class=\"alignnone wp-image-6367\" src=\"https:\/\/ecobnb.de\/blog\/app\/uploads\/sites\/3\/2013\/07\/Ministry-Serbia.png\" alt=\"Ministry of Tourism in Serbia\" width=\"450\" height=\"630\" \/><\/td>\n<td style=\"vertical-align: middle!important;\">\n<h2>Ministerium f\u00fcr Tourismus in Serbien<\/h2>\n<h4>Ministerium f\u00fcr Handel, Tourismus und Telekommunikation<\/h4>\n<p>Serbien bietet gro\u00dfartige Naturparks und gr\u00fcne W\u00e4lder mit einer unglaublichen, biologischen Vielfalt und mit Pflanzen- und Tierarten, die in anderen Teilen Europas bereits verschwunden sind. In Serbien gibt es 9 feuchte Lebensr\u00e4ume von globaler Bedeutung sowie ein UNESCO-Weltkulturerbe: die Golija Biosph\u00e4renreservat.<\/p>\n<p>Das serbische Tourismusministerium ist der Ecobnb-Partner zur F\u00f6rderung des Projekts in Serbien.<\/td>\n<\/tr>\n<tr>\n<td style=\"vertical-align: middle!important;\">\n<h2>GH Calabria<\/h2>\n<h4>Ein kleines und innovatives touristisches Unternehmen und der erste \u00d6ko-Park in Kalabrien<\/h4>\n<p>GH Calabria ist ein kleines, innovatives Unternehmen, das einen nachhaltigen Tourismus in S\u00fcditalien f\u00f6rdert und den \u00d6ko-Abenteuerpark \u201eOrme nel Parco\u201c in den Buchenw\u00e4ldern des Sila-Park in Kalabrien entwickelt hat. Orme nel Parco befindet sich an einem der eindrucksvollsten und unber\u00fchrtesten Orte des Sila-Nationalparks. Hier hat sich eine einzigartige M\u00f6glichkeit f\u00fcr \u00d6kotourismus in Italien entwickelt und hier k\u00f6nnen Sie die reinste Luft Europas atmen.<\/p>\n<p>GH Calabria\u00a0und Orme nel parco sind unsere Partner zur F\u00f6rderung von Ecobnb n S\u00fcditalien.<\/td>\n<td><img class=\"alignnone size-full wp-image-11385\" src=\"https:\/\/ecobnb.de\/blog\/app\/uploads\/sites\/2\/2013\/05\/orme-nel-parco.png\" alt=\"Orme nel parco, turismo sostenibile in Calabria\" width=\"453\" height=\"170\" \/><\/td>\n<\/tr>\n<tr>\n<td style=\"vertical-align: middle!important;\">\n<h2><span style=\"font-weight: normal; line-height: 24px;\"><span style=\"font-size: medium;\"><img class=\"alignnone size-medium wp-image-5242\" src=\"https:\/\/ecobnb.de\/blog\/app\/uploads\/sites\/3\/2013\/07\/itaca-536x382.jpg\" alt=\"itaca\" width=\"536\" height=\"382\" \/><\/span><\/span><\/h2>\n<\/td>\n<td style=\"vertical-align: middle!important;\">\n<h2>IT.A.CA\u2018: Festival des nachhaltigen Tourismus<\/h2>\n<h4>Der erste italienische Festival, das verantwortungsvollen Tourismus f\u00f6rdert.<\/h4>\n<p>Das IT.A.CA Festival f\u00f6rdert eine neue Idee des Tourismus; ethischer, mit Respekt vor der Umwelt und den Menschen, die dort leben.<br \/>\nEs ist nicht nur ein Schaufenster der interessantesten Projekte zum Thema verantwortungsvolles Reisen, sondern bietet die M\u00f6glichkeit, nachhaltige Tourismusangebote in Italien zu entdecken zu erleben.<br \/>\nEcobnb tr\u00e4gt mit vielen Events, gr\u00fcnen Routen und umweltfreundlichen Hotels zum Erfolg des Festivals bei.<\/td>\n<\/tr>\n<tr>\n<td style=\"vertical-align: middle!important;\">\n<h2>Ella Studio, Parma, Italien<\/h2>\n<h4 class=\"western\">Kommunikation zu nachhaltigem Tourismus.<\/h4>\n<p>Ella Studio hilft uns, das Projekt Ecobnb zu verbreiten. Ella Studio ist eine Kommunikationsagentur, die ihre Kunden mithilfe Artikeln in den wichtigsten italienischen Zeitungen, Radiostationen und Fernsehkan\u00e4len und auch durch Online-Marketing \u00a0f\u00f6rdert. Bei Ella Studio arbeitet ein Team von Journalisten, spezialisiert auf Tourismus, Kunst, Kultur, Gemeinwohl, Essen und Wein.<\/td>\n<td style=\"vertical-align: middle!important;\">\n<div>\n<div>\u00a0 \u00a0<img class=\"alignnone wp-image-1358\" src=\"https:\/\/ecobnb.de\/blog\/app\/uploads\/sites\/4\/2015\/11\/2017-logo-ella-studio.jpeg\" alt=\"Ella - partner Ecobnb\" width=\"400\" height=\"378\" srcset=\"https:\/\/ecobnb.de\/blog\/app\/uploads\/sites\/4\/2015\/11\/2017-logo-ella-studio.jpeg 509w, https:\/\/ecobnb.de\/blog\/app\/uploads\/sites\/4\/2015\/11\/2017-logo-ella-studio-344x325.jpeg 344w\" sizes=\"(max-width: 400px) 100vw, 400px\" \/><\/div>\n<\/div>\n<\/td>\n<\/tr>\n<tr>\n<td style=\"vertical-align: middle!important;\"><img class=\"alignnone wp-image-9482 size-full\" src=\"https:\/\/ecobnb.de\/blog\/app\/uploads\/sites\/2\/2013\/05\/BlaBlaCar.png\" alt=\"BlaBlaCar Sustainable Mobility\" width=\"200\" height=\"200\" \/><\/td>\n<td style=\"vertical-align: middle!important;\">\n<h2>Bla Bla Car<\/h2>\n<h4>Nachhaltige Mobilit\u00e4t.<\/h4>\n<p>Bla Bla Auto ist eine italienische Mitfahrzentrale, die es Menschen erm\u00f6glicht, freie Pl\u00e4tze anderen Menschen anzubieten. Mit wenigen Klicks k\u00f6nnen Reisende kosteng\u00fcnstige Angebote finden und reduzieren so die negativen Auswirkungen auf die Umwelt.<\/td>\n<\/tr>\n<tr>\n<td style=\"vertical-align: middle!important;\">\n<h2>Eco Hotel<\/h2>\n<h4>Kleine familiengef\u00fchrte \u00d6ko-Hotels in Kroatien<\/h4>\n<p>Diese \u00d6ko-Hotels, die durch das Herz-Logo mit einem Blatt gekennzeichnet sind, haben sich verpflichtet, Abfall zu reduzieren und Energie rationell zu nutzen, Abfall zu differenzieren und Null-km-Produkte zu verwenden. Die Gerichte dieser \u00d6ko-Hotels werden nach traditionellen Rezepten zubereitet, ausgehend von lokalen Produkten, die in der Gegend angebaut werden, in der sich die Struktur befindet. Dieses kroatische Umweltzeichen impliziert die Verbreitung des Umweltbewusstseins bei Hotelmitarbeitern, G\u00e4sten und allen, die mit ihren Dienstleistungen in Kontakt kommen.<\/td>\n<td style=\"vertical-align: middle!important;\"><img class=\"alignnone size-full wp-image-3167\" src=\"https:\/\/ecobnb.de\/blog\/app\/uploads\/sites\/4\/2023\/01\/logo-eco-hotel.png\" alt=\"logo eco hotel\" width=\"400\" height=\"260\" srcset=\"https:\/\/ecobnb.de\/blog\/app\/uploads\/sites\/4\/2023\/01\/logo-eco-hotel.png 400w, https:\/\/ecobnb.de\/blog\/app\/uploads\/sites\/4\/2023\/01\/logo-eco-hotel-344x224.png 344w\" sizes=\"(max-width: 400px) 100vw, 400px\" \/><\/td>\n<\/tr>\n<tr>\n<td style=\"vertical-align: middle!important;\"><\/td>\n<td style=\"vertical-align: middle!important;\"><\/td>\n<\/tr>\n<\/tbody>\n<\/table>\n","protected":false},"excerpt":{"rendered":"<p>EcoDots, ein europ\u00e4isches und von der EU gef\u00f6rdertes Projekt Ecobnb f\u00f6rdert nachhaltigen Tourismus in Europa Durch das EcoDots Projekts, kofinanziert von der Europ\u00e4ischen Kommission,\u00a0f\u00f6rdert Ecobnb gr\u00fcnen Tourismus in Europa. Das Projekt wurde mitfinanziert von der Europ\u00e4ischen Union, mit der Finanzhilfevereinbarung SI2.677269. Die alleinige Verantwortung dieser Ver\u00f6ffentlichung liegt beim Autor.\u00a0Die Europ\u00e4ische Kommission haftet nicht f\u00fcr die [&hellip;]<\/p>\n","protected":false},"author":3,"featured_media":0,"parent":0,"menu_order":0,"comment_status":"closed","ping_status":"open","template":"page-nosidebar.php","meta":[],"acf":[],"yoast_head":"<!-- This site is optimized with the Yoast SEO plugin v19.9 - https:\/\/yoast.com\/wordpress\/plugins\/seo\/ -->\n<title>Partner und Finanzierung - Ecobnb<\/title>\n<meta name=\"description\" content=\"Entdecken Sie die gr\u00fcnen Partner Ecobnb, dem Netzwerk der nachhaltigen Unterk\u00fcnfte: Umweltfreundliche Verb\u00e4nde, und Institutionen.\" \/>\n<meta name=\"robots\" content=\"index, follow, max-snippet:-1, max-image-preview:large, max-video-preview:-1\" \/>\n<link rel=\"canonical\" href=\"https:\/\/ecobnb.de\/blog\/partner\/\" \/>\n<meta property=\"og:locale\" content=\"de_DE\" \/>\n<meta property=\"og:type\" content=\"article\" \/>\n<meta property=\"og:title\" content=\"Partner und Finanzierung - Ecobnb\" \/>\n<meta property=\"og:description\" content=\"Entdecken Sie die gr\u00fcnen Partner Ecobnb, dem Netzwerk der nachhaltigen Unterk\u00fcnfte: Umweltfreundliche Verb\u00e4nde, und Institutionen.\" \/>\n<meta property=\"og:url\" content=\"https:\/\/ecobnb.de\/blog\/partner\/\" \/>\n<meta property=\"og:site_name\" content=\"Ecobnb\" \/>\n<meta property=\"article:modified_time\" content=\"2023-01-25T16:22:31+00:00\" \/>\n<meta property=\"og:image\" content=\"https:\/\/ecobnb.de\/blog\/app\/uploads\/sites\/3\/2013\/07\/LOGO-european-commission-flag-536x357.jpg\" \/>\n<meta name=\"twitter:card\" content=\"summary_large_image\" \/>\n<meta name=\"twitter:label1\" content=\"Est. reading time\" \/>\n\t<meta name=\"twitter:data1\" content=\"8 minutes\" \/>\n<!-- \/ Yoast SEO plugin. -->","yoast_head_json":{"title":"Partner und Finanzierung - Ecobnb","description":"Entdecken Sie die gr\u00fcnen Partner Ecobnb, dem Netzwerk der nachhaltigen Unterk\u00fcnfte: Umweltfreundliche Verb\u00e4nde, und Institutionen.","robots":{"index":"index","follow":"follow","max-snippet":"max-snippet:-1","max-image-preview":"max-image-preview:large","max-video-preview":"max-video-preview:-1"},"canonical":"https:\/\/ecobnb.de\/blog\/partner\/","og_locale":"de_DE","og_type":"article","og_title":"Partner und Finanzierung - Ecobnb","og_description":"Entdecken Sie die gr\u00fcnen Partner Ecobnb, dem Netzwerk der nachhaltigen Unterk\u00fcnfte: Umweltfreundliche Verb\u00e4nde, und Institutionen.","og_url":"https:\/\/ecobnb.de\/blog\/partner\/","og_site_name":"Ecobnb","article_modified_time":"2023-01-25T16:22:31+00:00","og_image":[{"url":"https:\/\/ecobnb.de\/blog\/app\/uploads\/sites\/3\/2013\/07\/LOGO-european-commission-flag-536x357.jpg"}],"twitter_card":"summary_large_image","twitter_misc":{"Est. reading time":"8 minutes"},"schema":{"@context":"https:\/\/schema.org","@graph":[{"@type":"WebPage","@id":"https:\/\/ecobnb.de\/blog\/partner\/","url":"https:\/\/ecobnb.de\/blog\/partner\/","name":"Partner und Finanzierung - Ecobnb","isPartOf":{"@id":"https:\/\/ecobnb.de\/blog\/#website"},"datePublished":"2015-11-06T08:58:24+00:00","dateModified":"2023-01-25T16:22:31+00:00","description":"Entdecken Sie die gr\u00fcnen Partner Ecobnb, dem Netzwerk der nachhaltigen Unterk\u00fcnfte: Umweltfreundliche Verb\u00e4nde, und Institutionen.","breadcrumb":{"@id":"https:\/\/ecobnb.de\/blog\/partner\/#breadcrumb"},"inLanguage":"de-DE","potentialAction":[{"@type":"ReadAction","target":["https:\/\/ecobnb.de\/blog\/partner\/"]}]},{"@type":"BreadcrumbList","@id":"https:\/\/ecobnb.de\/blog\/partner\/#breadcrumb","itemListElement":[{"@type":"ListItem","position":1,"name":"Home","item":"https:\/\/ecobnb.de\/blog\/"},{"@type":"ListItem","position":2,"name":"Partner und Finanzierung"}]},{"@type":"WebSite","@id":"https:\/\/ecobnb.de\/blog\/#website","url":"https:\/\/ecobnb.de\/blog\/","name":"Ecobnb","description":"Find sustainable accommodation","potentialAction":[{"@type":"SearchAction","target":{"@type":"EntryPoint","urlTemplate":"https:\/\/ecobnb.de\/blog\/?s={search_term_string}"},"query-input":"required name=search_term_string"}],"inLanguage":"de-DE"}]}},"_links":{"self":[{"href":"https:\/\/ecobnb.de\/blog\/wp-json\/wp\/v2\/pages\/78"}],"collection":[{"href":"https:\/\/ecobnb.de\/blog\/wp-json\/wp\/v2\/pages"}],"about":[{"href":"https:\/\/ecobnb.de\/blog\/wp-json\/wp\/v2\/types\/page"}],"author":[{"embeddable":true,"href":"https:\/\/ecobnb.de\/blog\/wp-json\/wp\/v2\/users\/3"}],"replies":[{"embeddable":true,"href":"https:\/\/ecobnb.de\/blog\/wp-json\/wp\/v2\/comments?post=78"}],"version-history":[{"count":9,"href":"https:\/\/ecobnb.de\/blog\/wp-json\/wp\/v2\/pages\/78\/revisions"}],"predecessor-version":[{"id":3169,"href":"https:\/\/ecobnb.de\/blog\/wp-json\/wp\/v2\/pages\/78\/revisions\/3169"}],"wp:attachment":[{"href":"https:\/\/ecobnb.de\/blog\/wp-json\/wp\/v2\/media?parent=78"}],"curies":[{"name":"wp","href":"https:\/\/api.w.org\/{rel}","templated":true}]}}